{"id":110,"date":"2020-04-10T12:57:16","date_gmt":"2020-04-10T12:57:16","guid":{"rendered":"http:\/\/earuby.com\/?page_id=110"},"modified":"2025-01-10T20:32:56","modified_gmt":"2025-01-10T18:32:56","slug":"kontakt","status":"publish","type":"page","link":"https:\/\/earuby.com\/?page_id=110","title":{"rendered":"Kontakt"},"content":{"rendered":"<div data-colibri-id=\"110-c1\" class=\"style-232 style-local-110-c1 position-relative\">\n  <!---->\n  <div data-colibri-component=\"section\" data-colibri-id=\"110-c2\" id=\"custom\" class=\"h-section h-section-global-spacing d-flex align-items-lg-center align-items-md-center align-items-center style-233 style-local-110-c2 position-relative\">\n    <!---->\n    <!---->\n    <div class=\"h-section-grid-container h-section-boxed-container\">\n      <!---->\n      <div data-colibri-id=\"110-c3\" class=\"h-row-container gutters-row-lg-2 gutters-row-md-2 gutters-row-0 gutters-row-v-lg-2 gutters-row-v-md-2 gutters-row-v-2 style-238 style-local-110-c3 position-relative\">\n        <!---->\n        <div class=\"h-row justify-content-lg-center justify-content-md-center justify-content-center align-items-lg-stretch align-items-md-stretch align-items-stretch gutters-col-lg-2 gutters-col-md-2 gutters-col-0 gutters-col-v-lg-2 gutters-col-v-md-2 gutters-col-v-2\">\n          <!---->\n          <div class=\"h-column h-column-container d-flex h-col-lg-auto h-col-md-auto h-col-auto style-240-outer style-local-110-c4-outer\">\n            <div data-colibri-id=\"110-c4\" class=\"d-flex h-flex-basis h-column__inner h-px-lg-2 h-px-md-2 h-px-2 v-inner-lg-2 v-inner-md-2 v-inner-2 style-240 style-local-110-c4 position-relative\">\n              <!---->\n              <!---->\n              <div class=\"w-100 h-y-container h-column__content h-column__v-align flex-basis-100 align-self-lg-start align-self-md-start align-self-start\">\n                <!---->\n                <div data-colibri-id=\"110-c5\" class=\"h-text h-text-component style-246 style-local-110-c5 position-relative h-element\">\n                  <!---->\n                  <!---->\n                  <div class=\"\">\n                    <p>Senator Dr. Andreas Rebetzky<\/p>\n                    <p>A.Rebetzky@earuby.com<\/p>\n                  <\/div>\n                <\/div>\n              <\/div>\n            <\/div>\n          <\/div>\n          <div class=\"h-column h-column-container d-flex h-col-lg-auto h-col-md-auto h-col-auto style-247-outer style-local-110-c6-outer\">\n            <div data-colibri-id=\"110-c6\" class=\"d-flex h-flex-basis h-column__inner h-px-lg-2 h-px-md-2 h-px-2 v-inner-lg-2 v-inner-md-2 v-inner-2 style-247 style-local-110-c6 position-relative\">\n              <!---->\n              <!---->\n              <div class=\"w-100 h-y-container h-column__content h-column__v-align flex-basis-100 align-self-lg-start align-self-md-start align-self-start\">\n                <!---->\n                <div data-colibri-id=\"110-c7\" class=\"d-block style-248 style-local-110-c7 position-relative h-element\">\n                  <!---->\n                  <div class=\"h-image__frame-container-outer\">\n                    <div class=\"h-image__frame-container\">\n                      <!---->\n                      <!---->\n                      <img loading=\"lazy\" decoding=\"async\" width=\"1380\" height=\"416\" src=\"http:\/\/earuby.com\/wp-content\/uploads\/2020\/04\/cropped-cropped-cropped-EA-Ruby-Logo2.png\" class=\"wp-image-298 style-248-image style-local-110-c7-image\" alt=\"\" srcset=\"https:\/\/earuby.com\/wp-content\/uploads\/2020\/04\/cropped-cropped-cropped-EA-Ruby-Logo2.png 1380w, https:\/\/earuby.com\/wp-content\/uploads\/2020\/04\/cropped-cropped-cropped-EA-Ruby-Logo2-300x90.png 300w, https:\/\/earuby.com\/wp-content\/uploads\/2020\/04\/cropped-cropped-cropped-EA-Ruby-Logo2-1024x309.png 1024w, https:\/\/earuby.com\/wp-content\/uploads\/2020\/04\/cropped-cropped-cropped-EA-Ruby-Logo2-768x232.png 768w\" sizes=\"auto, (max-width: 1380px) 100vw, 1380px\" \/>\n                      <div class=\"h-image__frame h-hide-lg h-hide-md h-hide-sm style-248-frameImage style-local-110-c7-frameImage\"><\/div>\n                    <\/div>\n                  <\/div>\n                <\/div>\n              <\/div>\n            <\/div>\n          <\/div>\n        <\/div>\n      <\/div>\n      <div data-colibri-id=\"110-c8\" class=\"h-row-container gutters-row-lg-2 gutters-row-md-2 gutters-row-0 gutters-row-v-lg-2 gutters-row-v-md-2 gutters-row-v-2 style-234 style-local-110-c8 position-relative\">\n        <!---->\n        <div class=\"h-row justify-content-lg-center justify-content-md-center justify-content-center align-items-lg-stretch align-items-md-stretch align-items-stretch gutters-col-lg-2 gutters-col-md-2 gutters-col-0 gutters-col-v-lg-2 gutters-col-v-md-2 gutters-col-v-2\">\n          <!---->\n          <div class=\"h-column h-column-container d-flex h-col-lg-auto h-col-md-auto h-col-auto style-235-outer style-local-110-c9-outer\">\n            <div data-colibri-id=\"110-c9\" class=\"d-flex h-flex-basis h-column__inner h-px-lg-2 h-px-md-2 h-px-2 v-inner-lg-2 v-inner-md-2 v-inner-2 style-235 style-local-110-c9 position-relative\">\n              <!---->\n              <!---->\n              <div class=\"w-100 h-y-container h-column__content h-column__v-align flex-basis-100 align-self-lg-start align-self-md-start align-self-start\">\n                <!---->\n                <div data-colibri-id=\"110-c10\" class=\"d-block style-249 style-local-110-c10 position-relative h-element\">\n                  <!---->\n                  <div class=\"h-image__frame-container-outer\">\n                    <div class=\"h-image__frame-container\">\n                      <!---->\n                      <!---->\n                      <img loading=\"lazy\" decoding=\"async\" width=\"1774\" height=\"2214\" src=\"https:\/\/earuby.com\/wp-content\/uploads\/2021\/12\/AR-21.png\" class=\"wp-image-1643 style-249-image style-local-110-c10-image\" alt=\"\" srcset=\"https:\/\/earuby.com\/wp-content\/uploads\/2021\/12\/AR-21.png 1774w, https:\/\/earuby.com\/wp-content\/uploads\/2021\/12\/AR-21-240x300.png 240w, https:\/\/earuby.com\/wp-content\/uploads\/2021\/12\/AR-21-820x1024.png 820w, https:\/\/earuby.com\/wp-content\/uploads\/2021\/12\/AR-21-768x958.png 768w, https:\/\/earuby.com\/wp-content\/uploads\/2021\/12\/AR-21-1231x1536.png 1231w, https:\/\/earuby.com\/wp-content\/uploads\/2021\/12\/AR-21-1641x2048.png 1641w\" sizes=\"auto, (max-width: 1774px) 100vw, 1774px\" \/>\n                      <div class=\"h-image__frame h-hide-lg h-hide-md h-hide-sm style-249-frameImage style-local-110-c10-frameImage\"><\/div>\n                    <\/div>\n                  <\/div>\n                <\/div>\n              <\/div>\n            <\/div>\n          <\/div>\n          <div class=\"h-column h-column-container d-flex h-col-lg-auto h-col-md-auto h-col-auto style-237-outer style-local-110-c11-outer\">\n            <div data-colibri-id=\"110-c11\" class=\"d-flex h-flex-basis h-column__inner h-px-lg-2 h-px-md-2 h-px-2 v-inner-lg-2 v-inner-md-2 v-inner-2 style-237 style-local-110-c11 position-relative\">\n              <!---->\n              <!---->\n              <div class=\"w-100 h-y-container h-column__content h-column__v-align flex-basis-100 align-self-lg-start align-self-md-start align-self-start\">\n                <!---->\n                <div data-colibri-id=\"110-c12\" class=\"h-text h-text-component style-251 style-local-110-c12 position-relative h-element\">\n                  <!---->\n                  <!---->\n                  <div class=\"\">\n                    <p>Seit 2021: CIO bei Cyraco (K\u00f6ln)<\/p>\n                    <p>Seit 2020 : Operations Director Digitization, Hosokawa Alpine AG (Augsburg)<\/p>\n                    <p>Seit 2020 : Mitglied im SENAT DER WIRTSCHAFT EUROPA<\/p>\n                    <p>Seit 2019 : CEO bei EA Ruby<\/p>\n                    <p>Seit 2012 : Gr\u00fcnder und Mitglied im Pr\u00e4sidium des Bundesverbandes der IT.Anwender VOICE e.V. (seit 2019 koopt.)<\/p>\n                    <p><span style=\"color: rgb(255, 255, 255); font-family: Muli; font-size: 16px; font-weight: 400;\">2019-2021 : Gesch\u00e4ftsf\u00fchrer Digitalloge GmbH (Dreieich)<\/span><\/p>\n                    <p>2010-2018 : CIO bei Sto (St\u00fchlingen)<\/p>\n                    <p>2006-2010 : CIO bei Bizerba<\/p>\n                    <p>2000-2006 : CIO bei M+W Zander (Exyte, Stuttgart)<\/p>\n                    <p>1989-2000 : Gr\u00fcnder und Gesch\u00e4ftsf\u00fchrer science+computing GmbH (T\u00fcbingen)<\/p>\n                    <p>1987-1989 : Promotion am Max-Planck-Institut f\u00fcr Extraterrestrische Physik (Garching)<\/p>\n                    <p>1981-1987 : Studium der Physik an der Universi\u00e4t T\u00fcbingen und an der ETH Z\u00fcrich (Stipendiat der Studienstiftung des deutschen Volkes)<\/p>\n                  <\/div>\n                <\/div>\n              <\/div>\n            <\/div>\n          <\/div>\n        <\/div>\n      <\/div>\n    <\/div>\n  <\/div>\n  <div data-colibri-component=\"section\" data-colibri-id=\"110-c13\" id=\"custom-2\" class=\"h-section h-section-global-spacing d-flex align-items-lg-center align-items-md-center align-items-center style-860 style-local-110-c13 position-relative\">\n    <!---->\n    <!---->\n    <div class=\"h-section-grid-container h-section-boxed-container\">\n      <!---->\n      <div data-colibri-id=\"110-c14\" class=\"h-row-container gutters-row-lg-2 gutters-row-md-2 gutters-row-0 gutters-row-v-lg-2 gutters-row-v-md-2 gutters-row-v-2 style-868 style-local-110-c14 position-relative\">\n        <!---->\n        <div class=\"h-row justify-content-lg-center justify-content-md-center justify-content-center align-items-lg-stretch align-items-md-stretch align-items-stretch gutters-col-lg-2 gutters-col-md-2 gutters-col-0 gutters-col-v-lg-2 gutters-col-v-md-2 gutters-col-v-2\">\n          <!---->\n          <div class=\"h-column h-column-container d-flex h-col-lg-auto h-col-md-auto h-col-auto style-869-outer style-local-110-c15-outer\">\n            <div data-colibri-id=\"110-c15\" class=\"d-flex h-flex-basis h-column__inner h-px-lg-2 h-px-md-2 h-px-2 v-inner-lg-2 v-inner-md-2 v-inner-2 style-869 style-local-110-c15 position-relative\">\n              <!---->\n              <!---->\n              <div class=\"w-100 h-y-container h-column__content h-column__v-align flex-basis-100 align-self-lg-start align-self-md-start align-self-start\">\n                <!---->\n                <div data-colibri-id=\"110-c16\" class=\"h-text h-text-component style-871 style-local-110-c16 position-relative h-element\">\n                  <!---->\n                  <!---->\n                  <div class=\"\">\n                    <p>Nehmen Sie Kontakt zu uns auf!\n                      <br>\n                    <\/p>\n                  <\/div>\n                <\/div>\n              <\/div>\n            <\/div>\n          <\/div>\n        <\/div>\n      <\/div>\n      <div data-colibri-id=\"110-c17\" class=\"h-row-container gutters-row-lg-2 gutters-row-md-2 gutters-row-0 gutters-row-v-lg-2 gutters-row-v-md-2 gutters-row-v-2 style-861 style-local-110-c17 position-relative\">\n        <!---->\n        <div class=\"h-row justify-content-lg-center justify-content-md-center justify-content-center align-items-lg-stretch align-items-md-stretch align-items-stretch gutters-col-lg-2 gutters-col-md-2 gutters-col-0 gutters-col-v-lg-2 gutters-col-v-md-2 gutters-col-v-2\">\n          <!---->\n          <div class=\"h-column h-column-container d-flex h-col-lg-auto h-col-md-auto h-col-auto style-862-outer style-local-110-c18-outer\">\n            <div data-colibri-id=\"110-c18\" class=\"d-flex h-flex-basis h-column__inner h-px-lg-2 h-px-md-2 h-px-2 v-inner-lg-2 v-inner-md-2 v-inner-2 style-862 style-local-110-c18 position-relative\">\n              <!---->\n              <!---->\n              <div class=\"w-100 h-y-container h-column__content h-column__v-align flex-basis-100 align-self-lg-start align-self-md-start align-self-start\">\n                <!---->\n                <div data-colibri-id=\"110-c19\" class=\"h-contact-form__outer--forminator style-864 style-local-110-c19 position-relative h-element\">\n                  <!---->\n                  <div class=\"h-global-transition-all h-global-transition h-global-transition-all h-contact-form-shortcode\"><div class=\"forminator-ui forminator-custom-form forminator-custom-form-1017 forminator-design--material  forminator_ajax\" data-forminator-render=\"0\" data-form=\"forminator-module-1017\" data-uid=\"69f89afcea0c8\"><br\/><\/div><form\n\t\t\t\tid=\"forminator-module-1017\"\n\t\t\t\tclass=\"forminator-ui forminator-custom-form forminator-custom-form-1017 forminator-design--material  forminator_ajax\"\n\t\t\t\tmethod=\"post\"\n\t\t\t\tdata-forminator-render=\"0\"\n\t\t\t\tdata-form-id=\"1017\"\n\t\t\t\t\n\t\t\t\tdata-design=\"material\"\n\t\t\t\t\n\t\t\t\t\n\t\t\t\t\n\t\t\t\tdata-grid=\"open\"\n\t\t\t\t\n\t\t\t\t\n\t\t\t\tstyle=\"display: none;\"\n\t\t\t\t\n\t\t\t\tdata-uid=\"69f89afcea0c8\"\n\t\t\t><div role=\"alert\" aria-live=\"polite\" class=\"forminator-response-message forminator-error\" aria-hidden=\"true\"><\/div><div class=\"forminator-row\"><div id=\"name-1\" class=\"forminator-field-name forminator-col forminator-col-12 \"><div class=\"forminator-field\"><label for=\"forminator-field-name-1_69f89afcea0c8\" class=\"forminator-label\" id=\"forminator-field-name-1_69f89afcea0c8-label\">Vorname Nachname <span class=\"forminator-required\">*<\/span><\/label><input type=\"text\" name=\"name-1\" value=\"\" placeholder=\"\" id=\"forminator-field-name-1_69f89afcea0c8\" class=\"forminator-input forminator-name--field\" aria-required=\"true\" \/><\/div><\/div><\/div><div class=\"forminator-row\"><div id=\"phone-1\" class=\"forminator-field-phone forminator-col forminator-col-6 \"><div class=\"forminator-field\"><label for=\"forminator-field-phone-1_69f89afcea0c8\" class=\"forminator-label\" id=\"forminator-field-phone-1_69f89afcea0c8-label\">Telefonnummer <span class=\"forminator-required\">*<\/span><\/label><input type=\"text\" name=\"phone-1\" value=\"\" placeholder=\"\" id=\"forminator-field-phone-1_69f89afcea0c8\" class=\"forminator-input forminator-field--phone\" data-required=\"1\" aria-required=\"true\" autocomplete=\"off\" \/><\/div><\/div><div id=\"email-1\" class=\"forminator-field-email forminator-col forminator-col-6 \"><div class=\"forminator-field\"><label for=\"forminator-field-email-1_69f89afcea0c8\" class=\"forminator-label\" id=\"forminator-field-email-1_69f89afcea0c8-label\">Email Adresse <span class=\"forminator-required\">*<\/span><\/label><input type=\"email\" name=\"email-1\" value=\"\" placeholder=\"\" id=\"forminator-field-email-1_69f89afcea0c8\" class=\"forminator-input forminator-email--field\" data-required=\"true\" aria-required=\"true\" \/><\/div><\/div><\/div><div class=\"forminator-row\"><div id=\"name-2\" class=\"forminator-field-name forminator-col forminator-col-12 \"><div class=\"forminator-field\"><label for=\"forminator-field-name-2_69f89afcea0c8\" class=\"forminator-label\" id=\"forminator-field-name-2_69f89afcea0c8-label\">Unternehmen<\/label><input type=\"text\" name=\"name-2\" value=\"\" placeholder=\"\" id=\"forminator-field-name-2_69f89afcea0c8\" class=\"forminator-input forminator-name--field\" aria-required=\"false\" \/><\/div><\/div><\/div><div class=\"forminator-row\"><div id=\"textarea-1\" class=\"forminator-field-textarea forminator-col forminator-col-12 \"><div class=\"forminator-field\"><label for=\"forminator-field-textarea-1_69f89afcea0c8\" id=\"forminator-field-textarea-1_69f89afcea0c8-label\" class=\"forminator-label\">Nachricht<\/label><textarea name=\"textarea-1\" placeholder=\"Ihre Nachricht ....\" id=\"forminator-field-textarea-1_69f89afcea0c8\" class=\"forminator-textarea\" rows=\"6\" style=\"min-height:140px;\" maxlength=\"180\" ><\/textarea><span id=\"forminator-field-textarea-1_69f89afcea0c8-description\" class=\"forminator-description\"><span data-limit=\"180\" data-type=\"characters\">0 \/ 180<\/span><\/span><\/div><\/div><\/div><input type=\"hidden\" name=\"referer_url\" value=\"\" \/><div class=\"forminator-row forminator-row-last\"><div class=\"forminator-col\"><div class=\"forminator-field\"><button class=\"forminator-button forminator-button-submit\"><span>Absenden<\/span><span aria-hidden=\"true\"><\/span><\/button><\/div><\/div><\/div><input type=\"hidden\" id=\"forminator_nonce\" name=\"forminator_nonce\" value=\"fb88a95ab4\" \/><input type=\"hidden\" name=\"_wp_http_referer\" value=\"\/index.php?rest_route=%2Fwp%2Fv2%2Fpages%2F110\" \/><input type=\"hidden\" name=\"form_id\" value=\"1017\"><input type=\"hidden\" name=\"page_id\" value=\"110\"><input type=\"hidden\" name=\"form_type\" value=\"default\"><input type=\"hidden\" name=\"current_url\" value=\"https:\/\/earuby.com\/?page_id=110\"><input type=\"hidden\" name=\"render_id\" value=\"0\"><input type=\"hidden\" name=\"action\" value=\"forminator_submit_form_custom-forms\"><\/form><\/div>\n                <\/div>\n              <\/div>\n            <\/div>\n          <\/div>\n          <div class=\"h-column h-column-container d-flex h-col-lg-auto h-col-md-auto h-col-auto style-1592-outer style-local-110-c20-outer\">\n            <div data-colibri-id=\"110-c20\" class=\"d-flex h-flex-basis h-column__inner h-px-lg-2 h-px-md-2 h-px-2 v-inner-lg-2 v-inner-md-2 v-inner-2 style-1592 style-local-110-c20 position-relative\">\n              <!---->\n              <!---->\n              <div class=\"w-100 h-y-container h-column__content h-column__v-align flex-basis-100 align-self-lg-start align-self-md-start align-self-start\">\n                <!---->\n                <div data-colibri-id=\"110-c21\" class=\"h-x-container style-1593 style-local-110-c21 position-relative h-element\">\n                  <!---->\n                  <div class=\"h-x-container-inner style-dynamic-110-c21-group style-1593-spacing style-local-110-c21-spacing\"><span class=\"h-link__outer style-1594-outer style-local-110-c22-outer d-inline-flex h-element\"><a h-use-smooth-scroll=\"true\" href=\"https:\/\/calendly.com\/a-rebetzky\/15min\"  data-colibri-id=\"110-c22\" class=\"d-flex w-100 align-items-center h-link style-1594 style-local-110-c22 position-relative\"><!----><span  class=\"h-svg-icon h-link__icon style-1594-icon style-local-110-c22-icon\"><!--Icon by Socicon (http:\/\/www.socicon.com)--><svg version=\"1.1\" xmlns=\"http:\/\/www.w3.org\/2000\/svg\" viewBox=\"0 0 1500 1500\">\n\n<path d=\"M448.5 334.5c-130.5 0-261 0-390 0-40.5 0-57 15-57 57 0 172.5-1.5 343.5 0 516 1.5 156 109.5 259.5 265.5 259.5 250.5 0 501 0 753 0 51 0 64.5-12 64.5-61.5 0-168 0-334.5 0-502.5 0-162-105-267-267-267-124.5-3-246-1.5-369-1.5zM1500 751.5c0 0 0 0 0 0 0-120 0-241.5 0-361.5 0-18-1.5-36-19.5-45-19.5-10.5-33 4.5-46.5 13.5-1.5 1.5-4.5 3-6 4.5-94.5 76.5-187.5 154.5-282 231-13.5 12-21 24-19.5 42 0 79.5 0 159 0 240 0 18 6 28.5 19.5 39 58.5 45 115.5 91.5 172.5 138 40.5 33 81 66 123 96 31.5 22.5 55.5 10.5 58.5-28.5 0-9 0-18 0-25.5 0-115.5 0-229.5 0-343.5z\"><\/path>\n<\/svg>\n<\/span> <span>SCHEDULE ZOOM MEETING<\/span><\/a>\n                    <\/span>\n                  <\/div>\n                <\/div>\n              <\/div>\n            <\/div>\n          <\/div>\n        <\/div>\n      <\/div>\n    <\/div>\n  <\/div>\n<\/div>","protected":false},"excerpt":{"rendered":"<p>Senator Dr. Andreas Rebetzky A.Rebetzky@earuby.com Seit 2021: CIO bei Cyraco (K\u00f6ln) Seit 2020 : Operations Director Digitization, Hosokawa Alpine AG (Augsburg) Seit 2020 : Mitglied im SENAT DER WIRTSCHAFT EUROPA Seit 2019 : CEO bei EA Ruby Seit 2012 : Gr\u00fcnder und Mitglied im Pr\u00e4sidium des Bundesverbandes der IT.Anwender VOICE e.V. (seit 2019 koopt.) 2019-2021 [&hellip;]<\/p>\n","protected":false},"author":1,"featured_media":0,"parent":0,"menu_order":0,"comment_status":"closed","ping_status":"closed","template":"page-templates\/full-width-page.php","meta":{"footnotes":""},"class_list":["post-110","page","type-page","status-publish","hentry"],"_links":{"self":[{"href":"https:\/\/earuby.com\/index.php?rest_route=\/wp\/v2\/pages\/110","targetHints":{"allow":["GET"]}}],"collection":[{"href":"https:\/\/earuby.com\/index.php?rest_route=\/wp\/v2\/pages"}],"about":[{"href":"https:\/\/earuby.com\/index.php?rest_route=\/wp\/v2\/types\/page"}],"author":[{"embeddable":true,"href":"https:\/\/earuby.com\/index.php?rest_route=\/wp\/v2\/users\/1"}],"replies":[{"embeddable":true,"href":"https:\/\/earuby.com\/index.php?rest_route=%2Fwp%2Fv2%2Fcomments&post=110"}],"version-history":[{"count":9,"href":"https:\/\/earuby.com\/index.php?rest_route=\/wp\/v2\/pages\/110\/revisions"}],"predecessor-version":[{"id":1855,"href":"https:\/\/earuby.com\/index.php?rest_route=\/wp\/v2\/pages\/110\/revisions\/1855"}],"wp:attachment":[{"href":"https:\/\/earuby.com\/index.php?rest_route=%2Fwp%2Fv2%2Fmedia&parent=110"}],"curies":[{"name":"wp","href":"https:\/\/api.w.org\/{rel}","templated":true}]}}