{"id":1121,"date":"2021-04-16T12:49:16","date_gmt":"2021-04-16T10:49:16","guid":{"rendered":"https:\/\/earuby.com\/?page_id=1121"},"modified":"2021-12-29T15:00:57","modified_gmt":"2021-12-29T13:00:57","slug":"essentials-archive-digital-innovation-management","status":"publish","type":"page","link":"https:\/\/earuby.com\/?page_id=1121","title":{"rendered":"Essentials Archive Digital Innovation Management"},"content":{"rendered":"<div data-colibri-id=\"1121-c1\" class=\"style-923 style-local-1121-c1 position-relative\">\n  <!---->\n  <div data-colibri-component=\"section\" data-colibri-id=\"1121-c2\" id=\"custom\" class=\"h-section h-section-global-spacing d-flex align-items-lg-center align-items-md-center align-items-center style-924 style-local-1121-c2 position-relative\">\n    <!---->\n    <!---->\n    <div class=\"h-section-grid-container h-section-boxed-container\">\n      <!---->\n      <div data-colibri-id=\"1121-c3\" class=\"h-row-container gutters-row-lg-2 gutters-row-md-2 gutters-row-0 gutters-row-v-lg-2 gutters-row-v-md-2 gutters-row-v-2 style-925 style-local-1121-c3 position-relative\">\n        <!---->\n        <div class=\"h-row justify-content-lg-center justify-content-md-center justify-content-center align-items-lg-stretch align-items-md-stretch align-items-stretch gutters-col-lg-2 gutters-col-md-2 gutters-col-0 gutters-col-v-lg-2 gutters-col-v-md-2 gutters-col-v-2\">\n          <!---->\n          <div class=\"h-column h-column-container d-flex h-col-lg-auto h-col-md-auto h-col-auto style-926-outer style-local-1121-c4-outer\">\n            <div data-colibri-id=\"1121-c4\" class=\"d-flex h-flex-basis h-column__inner h-px-lg-2 h-px-md-2 h-px-2 v-inner-lg-2 v-inner-md-2 v-inner-2 style-926 style-local-1121-c4 position-relative\">\n              <!---->\n              <!---->\n              <div class=\"w-100 h-y-container h-column__content h-column__v-align flex-basis-100 align-self-lg-center align-self-md-center align-self-center\">\n                <!---->\n                <div data-colibri-id=\"1121-c5\" class=\"h-text h-text-component style-927 style-local-1121-c5 position-relative h-element\">\n                  <!---->\n                  <!---->\n                  <div class=\"\">\n                    <p>Digitale Innovationsmanagement&nbsp;&nbsp;[EA21.001]\n                      <br>\n                    <\/p>\n                  <\/div>\n                <\/div>\n              <\/div>\n            <\/div>\n          <\/div>\n          <div class=\"h-column h-column-container d-flex h-col-lg-auto h-col-md-auto h-col-auto style-928-outer style-local-1121-c6-outer\">\n            <div data-colibri-id=\"1121-c6\" class=\"d-flex h-flex-basis h-column__inner h-px-lg-2 h-px-md-2 h-px-2 v-inner-lg-2 v-inner-md-2 v-inner-2 style-928 style-local-1121-c6 position-relative\">\n              <!---->\n              <!---->\n              <div class=\"w-100 h-y-container h-column__content h-column__v-align flex-basis-100 align-self-lg-start align-self-md-start align-self-start\">\n                <!---->\n                <div data-colibri-id=\"1121-c7\" class=\"h-text h-text-component style-929 style-local-1121-c7 position-relative h-element\">\n                  <!---->\n                  <!---->\n                  <div class=\"\">\n                    <p>Serviceangebot:<\/p>\n                    <p>Beratung Salsup<\/p>\n                    <p>Integration Salsup<\/p>\n                    <p>Etablierung einer Innovationsstrategie<\/p>\n                  <\/div>\n                <\/div>\n              <\/div>\n            <\/div>\n          <\/div>\n        <\/div>\n      <\/div>\n      <div data-colibri-id=\"1121-c11\" class=\"h-row-container gutters-row-lg-2 gutters-row-md-2 gutters-row-0 gutters-row-v-lg-2 gutters-row-v-md-2 gutters-row-v-2 style-933 style-local-1121-c11 position-relative\">\n        <!---->\n        <div class=\"h-row justify-content-lg-center justify-content-md-center justify-content-center align-items-lg-stretch align-items-md-stretch align-items-stretch gutters-col-lg-2 gutters-col-md-2 gutters-col-0 gutters-col-v-lg-2 gutters-col-v-md-2 gutters-col-v-2\">\n          <!---->\n          <div class=\"h-column h-column-container d-flex h-col-lg-auto h-col-md-auto h-col-auto style-934-outer style-local-1121-c12-outer\">\n            <div data-colibri-id=\"1121-c12\" class=\"d-flex h-flex-basis h-column__inner h-px-lg-2 h-px-md-2 h-px-2 v-inner-lg-2 v-inner-md-2 v-inner-2 style-934 style-local-1121-c12 position-relative\">\n              <!---->\n              <!---->\n              <div class=\"w-100 h-y-container h-column__content h-column__v-align flex-basis-100 align-self-lg-start align-self-md-start align-self-start\">\n                <!---->\n                <div data-colibri-id=\"1121-c13\" class=\"d-block style-942 style-local-1121-c13 position-relative h-element\">\n                  <!---->\n                  <div class=\"h-image__frame-container-outer\">\n                    <div class=\"h-image__frame-container\">\n                      <!---->\n                      <!---->\n                      <img loading=\"lazy\" decoding=\"async\" width=\"432\" height=\"144\" src=\"https:\/\/earuby.com\/wp-content\/uploads\/2021\/12\/Salsup-W1.png\" class=\"wp-image-1579 style-942-image style-local-1121-c13-image\" alt=\"\" srcset=\"https:\/\/earuby.com\/wp-content\/uploads\/2021\/12\/Salsup-W1.png 432w, https:\/\/earuby.com\/wp-content\/uploads\/2021\/12\/Salsup-W1-300x100.png 300w\" sizes=\"auto, (max-width: 432px) 100vw, 432px\" \/>\n                      <div class=\"h-image__frame h-hide-lg h-hide-md h-hide-sm style-942-frameImage style-local-1121-c13-frameImage\"><\/div>\n                    <\/div>\n                  <\/div>\n                <\/div>\n              <\/div>\n            <\/div>\n          <\/div>\n          <div class=\"h-column h-column-container d-flex h-col-lg-auto h-col-md-auto h-col-auto style-936-outer style-local-1121-c14-outer\">\n            <div data-colibri-id=\"1121-c14\" class=\"d-flex h-flex-basis h-column__inner h-px-lg-2 h-px-md-2 h-px-2 v-inner-lg-2 v-inner-md-2 v-inner-2 style-936 style-local-1121-c14 position-relative\">\n              <!---->\n              <!---->\n              <div class=\"w-100 h-y-container h-column__content h-column__v-align flex-basis-100 align-self-lg-start align-self-md-start align-self-start\">\n                <!---->\n                <div data-colibri-id=\"1121-c15\" class=\"h-text h-text-component style-937 style-local-1121-c15 position-relative h-element\">\n                  <!---->\n                  <!---->\n                  <div class=\"\">\n                    <p>Die digitale Transformation eines Unternehmens wird begleitet von Innovationen. Im digitalen Zeitalter sind Innovationen in vielen F\u00e4llen durch digitale Methoden gepr\u00e4gt. Daher ist es insbesondere f\u00fcr den deutschen Mittelstand wichtig,\n                      sich mit dem Thema digitaler Innovationen zu besch\u00e4ftigen. In Deutschland z\u00e4hlen \u00fcber 99% der Unternehmen zum Mittelstand. Er gilt als Innovationstreiber und erwirtschaftet mehr als ein Drittel des Gesamtumsatzes in Deutschland.<\/p>\n                    <p>\n                      <br>\n                    <\/p>\n                    <p>Doch die Realit\u00e4t f\u00fcr digitale Innovationen ist weniger erfreulich. Anders als in den USA ist eine gro\u00dfe Zur\u00fcckhaltung bei Investitionen in digitale Startups zu verzeichnen. Gleichwohl investiert der Mittelstand in digitale Projekte\n                      &#8211; mehr denn je. Die Frage ist, ob der deutsche Mittelstand hier nicht Potenziale digitaler Innovationen verschenkt. Die Herausforderung ist es, unter den tausenden Startups die geeigneten zu finden, deren Innovationsideen den Unternehmen\n                      f\u00f6rderlich sein k\u00f6nnen.<\/p>\n                    <p>\n                      <br>\n                    <\/p>\n                    <p>Zuerst sollte sich ein Unternehmen eine digitale Innovationsstrategie zurechtlegen &#8211; in Form einer digitalen Roadmap. Die Methode D4.M kann daf\u00fcr ein Ansatz sein. Ist eine Digitalisierungsstrategie definiert, sind die ersten Voraussetzungen\n                      geschaffen, Innovationspartner zu suchen und zu finden. Ein vielversprechender Ansatz ist der Innovationsmarktplatz f\u00fcr Startups, den die Fa. Salsup gebaut hat. Dort sind bereits \u00fcber 86000 Startups registriert. Diese k\u00f6nnen systematisch\n                      durchforstet und analysiert werden. Die Plattform bietet auf einen Blick die essentiellen Parameter eines Startups. Ein Unternehmen kann einen Zugang bekommen, selbst recherchieren und einfach Suchauftr\u00e4ge in Auftrag geben &#8211; ein\n                      Salsup Scout Service steht optional zur Verf\u00fcgung.<\/p>\n                    <p>\n                      <br>\n                    <\/p>\n                    <p>Dabei spart die Recherche und das Networking in Salsup Zeit und Geld. Es reduziert das Risiko f\u00fcr den Mittelst\u00e4ndler, sich im Wald der Startups zu verlieren. Die Kooperationsm\u00f6glichkeiten sind vielf\u00e4ltig: Auf der Ebene von Projekten\n                      ist ein Einstieg m\u00f6glich. Aber auch Beteiligungen sind m\u00f6glich, um eine starke Bindung zu erzeugen.<\/p>\n                    <p>\n                      <br>\n                    <\/p>\n                    <p>\n                      <br>\n                    <\/p>\n                    <p>EA Ruby ist Partner von Salsup und bringt seine Digitalisierungsexpertise mit.<\/p>\n                    <p>Damit erg\u00e4nzt EA Ruby sein Portfolio rund umdie Digitalisierung im Mittelstand.<\/p>\n                    <p>\n                      <br>\n                    <\/p>\n                    <p>Gerne ber\u00e4t EA Ruby \u00fcber die M\u00f6glichkeiten, die Salsup f\u00fcr Sie bietet.<\/p>\n                    <p>\n                      <br>\n                    <\/p>\n                    <p>\n                      <br>\n                    <\/p>\n                    <p>\n                      <br>\n                    <\/p>\n                  <\/div>\n                <\/div>\n              <\/div>\n            <\/div>\n          <\/div>\n        <\/div>\n      <\/div>\n      <div data-colibri-id=\"1121-c16\" class=\"h-row-container gutters-row-lg-2 gutters-row-md-2 gutters-row-0 gutters-row-v-lg-2 gutters-row-v-md-2 gutters-row-v-2 style-938 style-local-1121-c16 position-relative\">\n        <!---->\n        <div class=\"h-row justify-content-lg-center justify-content-md-center justify-content-center align-items-lg-stretch align-items-md-stretch align-items-stretch gutters-col-lg-2 gutters-col-md-2 gutters-col-0 gutters-col-v-lg-2 gutters-col-v-md-2 gutters-col-v-2\">\n          <!---->\n          <div class=\"h-column h-column-container d-flex h-col-lg-auto h-col-md-auto h-col-auto style-939-outer style-local-1121-c17-outer\">\n            <div data-colibri-id=\"1121-c17\" class=\"d-flex h-flex-basis h-column__inner h-px-lg-2 h-px-md-2 h-px-2 v-inner-lg-2 v-inner-md-2 v-inner-2 style-939 style-local-1121-c17 position-relative\">\n              <!---->\n              <!---->\n              <div class=\"w-100 h-y-container h-column__content h-column__v-align flex-basis-100 align-self-lg-start align-self-md-start align-self-start\">\n                <!---->\n                <div data-colibri-id=\"1121-c18\" class=\"d-block style-941 style-local-1121-c18 position-relative h-element\">\n                  <!---->\n                  <div class=\"h-image__frame-container-outer\">\n                    <div class=\"h-image__frame-container\">\n                      <!---->\n                      <!---->\n                      <img loading=\"lazy\" decoding=\"async\" width=\"2546\" height=\"1468\" src=\"https:\/\/earuby.com\/wp-content\/uploads\/2021\/04\/cropped-Salsup-Innovation-Hub.png\" class=\"wp-image-1125 style-941-image style-local-1121-c18-image\" alt=\"\" srcset=\"https:\/\/earuby.com\/wp-content\/uploads\/2021\/04\/cropped-Salsup-Innovation-Hub.png 2546w, https:\/\/earuby.com\/wp-content\/uploads\/2021\/04\/cropped-Salsup-Innovation-Hub-300x173.png 300w, https:\/\/earuby.com\/wp-content\/uploads\/2021\/04\/cropped-Salsup-Innovation-Hub-1024x590.png 1024w, https:\/\/earuby.com\/wp-content\/uploads\/2021\/04\/cropped-Salsup-Innovation-Hub-768x443.png 768w, https:\/\/earuby.com\/wp-content\/uploads\/2021\/04\/cropped-Salsup-Innovation-Hub-1536x886.png 1536w, https:\/\/earuby.com\/wp-content\/uploads\/2021\/04\/cropped-Salsup-Innovation-Hub-2048x1181.png 2048w\" sizes=\"auto, (max-width: 2546px) 100vw, 2546px\" \/>\n                      <div class=\"h-image__frame h-hide-lg h-hide-md h-hide-sm style-941-frameImage style-local-1121-c18-frameImage\"><\/div>\n                    <\/div>\n                  <\/div>\n                <\/div>\n              <\/div>\n            <\/div>\n          <\/div>\n        <\/div>\n      <\/div>\n    <\/div>\n  <\/div>\n<\/div>","protected":false},"excerpt":{"rendered":"<p>Digitale Innovationsmanagement&nbsp;&nbsp;[EA21.001] Serviceangebot: Beratung Salsup Integration Salsup Etablierung einer Innovationsstrategie Die digitale Transformation eines Unternehmens wird begleitet von Innovationen. Im digitalen Zeitalter sind Innovationen in vielen F\u00e4llen durch digitale Methoden gepr\u00e4gt. Daher ist es insbesondere f\u00fcr den deutschen Mittelstand wichtig, sich mit dem Thema digitaler Innovationen zu besch\u00e4ftigen. In Deutschland z\u00e4hlen \u00fcber 99% der Unternehmen [&hellip;]<\/p>\n","protected":false},"author":1,"featured_media":0,"parent":0,"menu_order":0,"comment_status":"closed","ping_status":"closed","template":"page-templates\/full-width-page.php","meta":{"footnotes":""},"class_list":["post-1121","page","type-page","status-publish","hentry"],"_links":{"self":[{"href":"https:\/\/earuby.com\/index.php?rest_route=\/wp\/v2\/pages\/1121","targetHints":{"allow":["GET"]}}],"collection":[{"href":"https:\/\/earuby.com\/index.php?rest_route=\/wp\/v2\/pages"}],"about":[{"href":"https:\/\/earuby.com\/index.php?rest_route=\/wp\/v2\/types\/page"}],"author":[{"embeddable":true,"href":"https:\/\/earuby.com\/index.php?rest_route=\/wp\/v2\/users\/1"}],"replies":[{"embeddable":true,"href":"https:\/\/earuby.com\/index.php?rest_route=%2Fwp%2Fv2%2Fcomments&post=1121"}],"version-history":[{"count":2,"href":"https:\/\/earuby.com\/index.php?rest_route=\/wp\/v2\/pages\/1121\/revisions"}],"predecessor-version":[{"id":1711,"href":"https:\/\/earuby.com\/index.php?rest_route=\/wp\/v2\/pages\/1121\/revisions\/1711"}],"wp:attachment":[{"href":"https:\/\/earuby.com\/index.php?rest_route=%2Fwp%2Fv2%2Fmedia&parent=1121"}],"curies":[{"name":"wp","href":"https:\/\/api.w.org\/{rel}","templated":true}]}}