{"id":1160,"date":"2021-05-22T13:03:02","date_gmt":"2021-05-22T11:03:02","guid":{"rendered":"https:\/\/earuby.com\/?page_id=1160"},"modified":"2021-12-29T14:55:12","modified_gmt":"2021-12-29T12:55:12","slug":"essentials-archive-digital-sap-kpi","status":"publish","type":"page","link":"https:\/\/earuby.com\/?page_id=1160","title":{"rendered":"Essentials Archive Digital SAP KPI"},"content":{"rendered":"<div data-colibri-id=\"1160-c1\" class=\"style-985 style-local-1160-c1 position-relative\">\n  <!---->\n  <div data-colibri-component=\"section\" data-colibri-id=\"1160-c2\" id=\"custom\" class=\"h-section h-section-global-spacing d-flex align-items-lg-center align-items-md-center align-items-center style-986 style-local-1160-c2 position-relative\">\n    <!---->\n    <!---->\n    <div class=\"h-section-grid-container h-section-boxed-container\">\n      <!---->\n      <div data-colibri-id=\"1160-c3\" class=\"h-row-container gutters-row-lg-2 gutters-row-md-2 gutters-row-0 gutters-row-v-lg-2 gutters-row-v-md-2 gutters-row-v-2 style-987 style-local-1160-c3 position-relative\">\n        <!---->\n        <div class=\"h-row justify-content-lg-center justify-content-md-center justify-content-center align-items-lg-stretch align-items-md-stretch align-items-stretch gutters-col-lg-2 gutters-col-md-2 gutters-col-0 gutters-col-v-lg-2 gutters-col-v-md-2 gutters-col-v-2\">\n          <!---->\n          <div class=\"h-column h-column-container d-flex h-col-lg-auto h-col-md-auto h-col-auto style-988-outer style-local-1160-c4-outer\">\n            <div data-colibri-id=\"1160-c4\" class=\"d-flex h-flex-basis h-column__inner h-px-lg-2 h-px-md-2 h-px-2 v-inner-lg-2 v-inner-md-2 v-inner-2 style-988 style-local-1160-c4 position-relative\">\n              <!---->\n              <!---->\n              <div class=\"w-100 h-y-container h-column__content h-column__v-align flex-basis-100 align-self-lg-center align-self-md-center align-self-center\">\n                <!---->\n                <div data-colibri-id=\"1160-c5\" class=\"h-text h-text-component style-990 style-local-1160-c5 position-relative h-element\">\n                  <!---->\n                  <!---->\n                  <div class=\"\">\n                    <p>D4.M Digitale Analytik f\u00fcr SAP KPIs [EA21.002]<\/p>\n                  <\/div>\n                <\/div>\n              <\/div>\n            <\/div>\n          <\/div>\n          <div class=\"h-column h-column-container d-flex h-col-lg-auto h-col-md-auto h-col-auto style-989-outer style-local-1160-c6-outer\">\n            <div data-colibri-id=\"1160-c6\" class=\"d-flex h-flex-basis h-column__inner h-px-lg-2 h-px-md-2 h-px-2 v-inner-lg-2 v-inner-md-2 v-inner-2 style-989 style-local-1160-c6 position-relative\">\n              <!---->\n              <!---->\n              <div class=\"w-100 h-y-container h-column__content h-column__v-align flex-basis-100 align-self-lg-start align-self-md-start align-self-start\">\n                <!---->\n                <div data-colibri-id=\"1160-c7\" class=\"h-text h-text-component style-991 style-local-1160-c7 position-relative h-element\">\n                  <!---->\n                  <!---->\n                  <div class=\"\">\n                    <p>Service Angebot&nbsp;<\/p>\n                    <p>Einf\u00fchrung in die West Trax KPIs<\/p>\n                    <p>Beratung f\u00fcr Kostenmetriken<\/p>\n                    <p>Beratung f\u00fcr Kosteneinsparungen<\/p>\n                  <\/div>\n                <\/div>\n              <\/div>\n            <\/div>\n          <\/div>\n        <\/div>\n      <\/div>\n      <div data-colibri-id=\"1160-c11\" class=\"h-row-container gutters-row-lg-2 gutters-row-md-2 gutters-row-0 gutters-row-v-lg-2 gutters-row-v-md-2 gutters-row-v-2 style-999 style-local-1160-c11 position-relative\">\n        <!---->\n        <div class=\"h-row justify-content-lg-center justify-content-md-center justify-content-center align-items-lg-stretch align-items-md-stretch align-items-stretch gutters-col-lg-2 gutters-col-md-2 gutters-col-0 gutters-col-v-lg-2 gutters-col-v-md-2 gutters-col-v-2\">\n          <!---->\n          <div class=\"h-column h-column-container d-flex h-col-lg-auto h-col-md-auto h-col-auto style-1000-outer style-local-1160-c12-outer\">\n            <div data-colibri-id=\"1160-c12\" class=\"d-flex h-flex-basis h-column__inner h-px-lg-2 h-px-md-2 h-px-2 v-inner-lg-2 v-inner-md-2 v-inner-2 style-1000 style-local-1160-c12 position-relative\">\n              <!---->\n              <!---->\n              <div class=\"w-100 h-y-container h-column__content h-column__v-align flex-basis-100 align-self-lg-start align-self-md-start align-self-start\">\n                <!---->\n                <div data-colibri-id=\"1160-c13\" class=\"d-block style-1003 style-local-1160-c13 position-relative h-element\">\n                  <!---->\n                  <div class=\"h-image__frame-container-outer\">\n                    <a href=\"https:\/\/www.westtrax.com\/en\/\" target=\"_blank\" h-use-smooth-scroll=\"true\" class=\"image-link\" rel=\"noopener\">\n                      <div class=\"h-image__frame-container\">\n                        <!---->\n                        <!---->\n                        <img loading=\"lazy\" decoding=\"async\" width=\"452\" height=\"99\" src=\"https:\/\/earuby.com\/wp-content\/uploads\/2021\/05\/cropped-WestTrax-LOGOGRAU.png\" class=\"wp-image-1163 style-1003-image style-local-1160-c13-image\" alt=\"\" srcset=\"https:\/\/earuby.com\/wp-content\/uploads\/2021\/05\/cropped-WestTrax-LOGOGRAU.png 452w, https:\/\/earuby.com\/wp-content\/uploads\/2021\/05\/cropped-WestTrax-LOGOGRAU-300x66.png 300w\" sizes=\"auto, (max-width: 452px) 100vw, 452px\" \/>\n                        <div class=\"h-image__frame h-hide-lg h-hide-md h-hide-sm style-1003-frameImage style-local-1160-c13-frameImage\"><\/div>\n                      <\/div>\n                    <\/a>\n                  <\/div>\n                <\/div>\n              <\/div>\n            <\/div>\n          <\/div>\n          <div class=\"h-column h-column-container d-flex h-col-lg-auto h-col-md-auto h-col-auto style-1001-outer style-local-1160-c14-outer\">\n            <div data-colibri-id=\"1160-c14\" class=\"d-flex h-flex-basis h-column__inner h-px-lg-2 h-px-md-2 h-px-2 v-inner-lg-2 v-inner-md-2 v-inner-2 style-1001 style-local-1160-c14 position-relative\">\n              <!---->\n              <!---->\n              <div class=\"w-100 h-y-container h-column__content h-column__v-align flex-basis-100 align-self-lg-start align-self-md-start align-self-start\">\n                <!---->\n                <div data-colibri-id=\"1160-c15\" class=\"h-text h-text-component style-1002 style-local-1160-c15 position-relative h-element\">\n                  <!---->\n                  <!---->\n                  <div class=\"\">\n                    <p>SAP ist ein weit verbreitetes ERP System im Mittelstand. Und die meisten Unternehmen haben ihr SAP seit der Einf\u00fchrung kontinuierlich weiterentwickelt. Im Schnitt sind mehr als 45% der Anwendungen in SAP Systemen Eigenentwicklungen.\n                      Dabei werden durchschnittlich mehr als 70% dieser Eigenentwicklungen nicht mehr genutzt oder sind massiv veraltet! Ca. 30% dieser Eigenentwicklungen k\u00f6nnten heute durch den vorhandenen SAP Standard ersetzt werden.<\/p>\n                    <p>Das f\u00fchrt in Summe dazu, dass \u00fcber 90% der etablierten Gesch\u00e4ftsprozesse nicht transparent sind. Dies stellt eine Ursache f\u00fcr&nbsp;die kontinuierlich wachsenden Kosten im Betrieb dar. In vielen F\u00e4llen k\u00f6nnte der Standard sogar Prozesserleichterungen\n                      mit sich bringen.<\/p>\n                  <\/div>\n                <\/div>\n              <\/div>\n            <\/div>\n          <\/div>\n        <\/div>\n      <\/div>\n      <div data-colibri-id=\"1160-c16\" class=\"h-row-container gutters-row-lg-2 gutters-row-md-2 gutters-row-0 gutters-row-v-lg-2 gutters-row-v-md-2 gutters-row-v-2 style-1004 style-local-1160-c16 position-relative\">\n        <!---->\n        <div class=\"h-row justify-content-lg-center justify-content-md-center justify-content-center align-items-lg-stretch align-items-md-stretch align-items-stretch gutters-col-lg-2 gutters-col-md-2 gutters-col-0 gutters-col-v-lg-2 gutters-col-v-md-2 gutters-col-v-2\">\n          <!---->\n          <div class=\"h-column h-column-container d-flex h-col-lg-auto h-col-md-auto h-col-auto style-1005-outer style-local-1160-c17-outer\">\n            <div data-colibri-id=\"1160-c17\" class=\"d-flex h-flex-basis h-column__inner h-px-lg-2 h-px-md-2 h-px-2 v-inner-lg-2 v-inner-md-2 v-inner-2 style-1005 style-local-1160-c17 position-relative\">\n              <!---->\n              <!---->\n              <div class=\"w-100 h-y-container h-column__content h-column__v-align flex-basis-100 align-self-lg-start align-self-md-start align-self-start\">\n                <!---->\n                <div data-colibri-id=\"1160-c18\" class=\"d-block style-1016 style-local-1160-c18 position-relative h-element\">\n                  <!---->\n                  <div class=\"h-image__frame-container-outer\">\n                    <div class=\"h-image__frame-container\">\n                      <!---->\n                      <!---->\n                      <img loading=\"lazy\" decoding=\"async\" width=\"3080\" height=\"1466\" src=\"https:\/\/earuby.com\/wp-content\/uploads\/2021\/05\/cropped-WestTrax-1.png\" class=\"wp-image-1165 style-1016-image style-local-1160-c18-image\" alt=\"\" srcset=\"https:\/\/earuby.com\/wp-content\/uploads\/2021\/05\/cropped-WestTrax-1.png 3080w, https:\/\/earuby.com\/wp-content\/uploads\/2021\/05\/cropped-WestTrax-1-300x143.png 300w, https:\/\/earuby.com\/wp-content\/uploads\/2021\/05\/cropped-WestTrax-1-1024x487.png 1024w, https:\/\/earuby.com\/wp-content\/uploads\/2021\/05\/cropped-WestTrax-1-768x366.png 768w, https:\/\/earuby.com\/wp-content\/uploads\/2021\/05\/cropped-WestTrax-1-1536x731.png 1536w, https:\/\/earuby.com\/wp-content\/uploads\/2021\/05\/cropped-WestTrax-1-2048x975.png 2048w\" sizes=\"auto, (max-width: 3080px) 100vw, 3080px\" \/>\n                      <div class=\"h-image__frame h-hide-lg h-hide-md h-hide-sm style-1016-frameImage style-local-1160-c18-frameImage\"><\/div>\n                    <\/div>\n                  <\/div>\n                <\/div>\n              <\/div>\n            <\/div>\n          <\/div>\n          <div class=\"h-column h-column-container d-flex h-col-lg-auto h-col-md-auto h-col-auto style-1006-outer style-local-1160-c19-outer\">\n            <div data-colibri-id=\"1160-c19\" class=\"d-flex h-flex-basis h-column__inner h-px-lg-2 h-px-md-2 h-px-2 v-inner-lg-2 v-inner-md-2 v-inner-2 style-1006 style-local-1160-c19 position-relative\">\n              <!---->\n              <!---->\n              <div class=\"w-100 h-y-container h-column__content h-column__v-align flex-basis-100 align-self-lg-start align-self-md-start align-self-start\">\n                <!---->\n                <div data-colibri-id=\"1160-c20\" class=\"h-text h-text-component style-1007 style-local-1160-c20 position-relative h-element\">\n                  <!---->\n                  <!---->\n                  <div class=\"\">\n                    <p>Leicht ist ein Unternehmen gefangen im eigenen \u00d6kosystem, das zwar funktioniert, in dem \u00c4nderungen jedoch immer schwerer zu realisieren sind. <\/p>\n                    <p>Der Druck steigt:<\/p>\n                    <p>* Digitale Transformationen machen es erforderlich, auch die in SAP implementierten Prozesse zu renovieren.<\/p>\n                    <p>* Der Aufwand f\u00fcr das Housekeeping muss reduziert werden<\/p>\n                    <p>* Teilunternehmen m\u00fcssen in Carve-Outs oder Carve-Ins konsolidiert oder desintegriert werden<\/p>\n                    <p>* Datenbanken m\u00fcssen optimiert werden in Bezug auf Performance und Kosten<\/p>\n                    <p>Ja, und dann kommt noch S4HANA als unvermeidliches Thema der Zukunft.<\/p>\n                  <\/div>\n                <\/div>\n              <\/div>\n            <\/div>\n          <\/div>\n        <\/div>\n      <\/div>\n      <div data-colibri-id=\"1160-c21\" class=\"h-row-container gutters-row-lg-2 gutters-row-md-2 gutters-row-0 gutters-row-v-lg-2 gutters-row-v-md-2 gutters-row-v-2 style-1008 style-local-1160-c21 position-relative\">\n        <!---->\n        <div class=\"h-row justify-content-lg-center justify-content-md-center justify-content-center align-items-lg-stretch align-items-md-stretch align-items-stretch gutters-col-lg-2 gutters-col-md-2 gutters-col-0 gutters-col-v-lg-2 gutters-col-v-md-2 gutters-col-v-2\">\n          <!---->\n          <div class=\"h-column h-column-container d-flex h-col-lg-auto h-col-md-auto h-col-auto style-1009-outer style-local-1160-c22-outer\">\n            <div data-colibri-id=\"1160-c22\" class=\"d-flex h-flex-basis h-column__inner h-px-lg-2 h-px-md-2 h-px-2 v-inner-lg-2 v-inner-md-2 v-inner-2 style-1009 style-local-1160-c22 position-relative\">\n              <!---->\n              <!---->\n              <div class=\"w-100 h-y-container h-column__content h-column__v-align flex-basis-100 align-self-lg-start align-self-md-start align-self-start\">\n                <!---->\n                <div data-colibri-id=\"1160-c23\" class=\"d-block style-1017 style-local-1160-c23 position-relative h-element\">\n                  <!---->\n                  <div class=\"h-image__frame-container-outer\">\n                    <div class=\"h-image__frame-container\">\n                      <!---->\n                      <!---->\n                      <img loading=\"lazy\" decoding=\"async\" width=\"3087\" height=\"1474\" src=\"https:\/\/earuby.com\/wp-content\/uploads\/2021\/05\/cropped-WestTrax-2.png\" class=\"wp-image-1173 style-1017-image style-local-1160-c23-image\" alt=\"\" srcset=\"https:\/\/earuby.com\/wp-content\/uploads\/2021\/05\/cropped-WestTrax-2.png 3087w, https:\/\/earuby.com\/wp-content\/uploads\/2021\/05\/cropped-WestTrax-2-300x143.png 300w, https:\/\/earuby.com\/wp-content\/uploads\/2021\/05\/cropped-WestTrax-2-1024x489.png 1024w, https:\/\/earuby.com\/wp-content\/uploads\/2021\/05\/cropped-WestTrax-2-768x367.png 768w, https:\/\/earuby.com\/wp-content\/uploads\/2021\/05\/cropped-WestTrax-2-1536x733.png 1536w, https:\/\/earuby.com\/wp-content\/uploads\/2021\/05\/cropped-WestTrax-2-2048x978.png 2048w\" sizes=\"auto, (max-width: 3087px) 100vw, 3087px\" \/>\n                      <div class=\"h-image__frame h-hide-lg h-hide-md h-hide-sm style-1017-frameImage style-local-1160-c23-frameImage\"><\/div>\n                    <\/div>\n                  <\/div>\n                <\/div>\n              <\/div>\n            <\/div>\n          <\/div>\n          <div class=\"h-column h-column-container d-flex h-col-lg-auto h-col-md-auto h-col-auto style-1010-outer style-local-1160-c24-outer\">\n            <div data-colibri-id=\"1160-c24\" class=\"d-flex h-flex-basis h-column__inner h-px-lg-2 h-px-md-2 h-px-2 v-inner-lg-2 v-inner-md-2 v-inner-2 style-1010 style-local-1160-c24 position-relative\">\n              <!---->\n              <!---->\n              <div class=\"w-100 h-y-container h-column__content h-column__v-align flex-basis-100 align-self-lg-start align-self-md-start align-self-start\">\n                <!---->\n                <div data-colibri-id=\"1160-c25\" class=\"h-text h-text-component style-1011 style-local-1160-c25 position-relative h-element\">\n                  <!---->\n                  <!---->\n                  <div class=\"\">\n                    <p>Was tun?<\/p>\n                    <p>Mit West Trax steht eine SAP zertifizierte Methode zur Verf\u00fcgung, ihre SAP Systeme zu durchleuchten, KPIs zu ermitteln, Branchenbenchmarks durchzuf\u00fchren, SAP HANA Transformationen vorzubereiten und zu begleiten und Kosten einzusparen.<\/p>\n                    <p>Das Dashboard erlaubt Drilldowns, um schnell die Ursachen von Fehlstellungen zu ermitteln. Hinter den KPIs stehen alle Details zur Verf\u00fcgung.<\/p>\n                    <p>Die Vorteile auf einen Blick:<\/p>\n                    <p>+ Reduktion von Betriebs- und Changekosten<\/p>\n                    <p>+ Vermeidung von Eigenentwicklungen und Transformation in den Standard<\/p>\n                    <p>+ Reduktion von Risiken und Fehlerquellen<\/p>\n                    <p>+ Informationsgrundlage f\u00fcr ein SAP Operations Monitoring<\/p>\n                    <p>+ Benchmark mit &gt; 1800 Analysen &#8211; branchenspezifisch<\/p>\n                    <p>+ Erleichterte Budgetplanungen<\/p>\n                    <p>+ Standortanalysen mehrerer SAP Systeme<\/p>\n                    <p>+ Schnelles Erlernen der Applikation: 3 Stunden<\/p>\n                    <p>+ Verf\u00fcgbar als SaaS oder on-Prem<\/p>\n                    <p>\n                      <br>\n                    <\/p>\n                  <\/div>\n                <\/div>\n              <\/div>\n            <\/div>\n          <\/div>\n        <\/div>\n      <\/div>\n      <div data-colibri-id=\"1160-c26\" class=\"h-row-container gutters-row-lg-2 gutters-row-md-2 gutters-row-0 gutters-row-v-lg-2 gutters-row-v-md-2 gutters-row-v-2 style-1012 style-local-1160-c26 position-relative\">\n        <!---->\n        <div class=\"h-row justify-content-lg-center justify-content-md-center justify-content-center align-items-lg-stretch align-items-md-stretch align-items-stretch gutters-col-lg-2 gutters-col-md-2 gutters-col-0 gutters-col-v-lg-2 gutters-col-v-md-2 gutters-col-v-2\">\n          <!---->\n          <div class=\"h-column h-column-container d-flex h-col-lg-auto h-col-md-auto h-col-auto style-1013-outer style-local-1160-c27-outer\">\n            <div data-colibri-id=\"1160-c27\" class=\"d-flex h-flex-basis h-column__inner h-px-lg-2 h-px-md-2 h-px-2 v-inner-lg-2 v-inner-md-2 v-inner-2 style-1013 style-local-1160-c27 position-relative\">\n              <!---->\n              <!---->\n              <div class=\"w-100 h-y-container h-column__content h-column__v-align flex-basis-100 align-self-lg-start align-self-md-start align-self-start\">\n                <!---->\n                <div data-colibri-id=\"1160-c28\" class=\"d-block style-1018 style-local-1160-c28 position-relative h-element\">\n                  <!---->\n                  <div class=\"h-image__frame-container-outer\">\n                    <div class=\"h-image__frame-container\">\n                      <!---->\n                      <!---->\n                      <img loading=\"lazy\" decoding=\"async\" width=\"3074\" height=\"1468\" src=\"https:\/\/earuby.com\/wp-content\/uploads\/2021\/05\/cropped-WestTrax-3.png\" class=\"wp-image-1176 style-1018-image style-local-1160-c28-image\" alt=\"\" srcset=\"https:\/\/earuby.com\/wp-content\/uploads\/2021\/05\/cropped-WestTrax-3.png 3074w, https:\/\/earuby.com\/wp-content\/uploads\/2021\/05\/cropped-WestTrax-3-300x143.png 300w, https:\/\/earuby.com\/wp-content\/uploads\/2021\/05\/cropped-WestTrax-3-1024x489.png 1024w, https:\/\/earuby.com\/wp-content\/uploads\/2021\/05\/cropped-WestTrax-3-768x367.png 768w, https:\/\/earuby.com\/wp-content\/uploads\/2021\/05\/cropped-WestTrax-3-1536x734.png 1536w, https:\/\/earuby.com\/wp-content\/uploads\/2021\/05\/cropped-WestTrax-3-2048x978.png 2048w\" sizes=\"auto, (max-width: 3074px) 100vw, 3074px\" \/>\n                      <div class=\"h-image__frame h-hide-lg h-hide-md h-hide-sm style-1018-frameImage style-local-1160-c28-frameImage\"><\/div>\n                    <\/div>\n                  <\/div>\n                <\/div>\n              <\/div>\n            <\/div>\n          <\/div>\n          <div class=\"h-column h-column-container d-flex h-col-lg-auto h-col-md-auto h-col-auto style-1014-outer style-local-1160-c29-outer\">\n            <div data-colibri-id=\"1160-c29\" class=\"d-flex h-flex-basis h-column__inner h-px-lg-2 h-px-md-2 h-px-2 v-inner-lg-2 v-inner-md-2 v-inner-2 style-1014 style-local-1160-c29 position-relative\">\n              <!---->\n              <!---->\n              <div class=\"w-100 h-y-container h-column__content h-column__v-align flex-basis-100 align-self-lg-start align-self-md-start align-self-start\">\n                <!---->\n                <div data-colibri-id=\"1160-c30\" class=\"h-text h-text-component style-1015 style-local-1160-c30 position-relative h-element\">\n                  <!---->\n                  <!---->\n                  <div class=\"\">\n                    <p>EA Ruby ist Partner von West Trax und bringt seine Digitalisierungsexpertise mit.<\/p>\n                    <p>Damit erg\u00e4nzt EA Ruby sein Portfolio, um Optimierungspotenziale im Mittelstand zu entdecken und zu heben.<\/p>\n                    <p>Die eingesparten Kosten stehen wiederum der digitalen Transformation zur Verf\u00fcgung.<\/p>\n                    <p>Gerne ber\u00e4t EA Ruby \u00fcber die M\u00f6glichkeiten, die West Trax f\u00fcr Sie bietet.<\/p>\n                    <p>\n                      <br>\n                    <\/p>\n                    <p>\n                      <br>\n                    <\/p>\n                  <\/div>\n                <\/div>\n              <\/div>\n            <\/div>\n          <\/div>\n        <\/div>\n      <\/div>\n    <\/div>\n  <\/div>\n<\/div>","protected":false},"excerpt":{"rendered":"<p>D4.M Digitale Analytik f\u00fcr SAP KPIs [EA21.002] Service Angebot&nbsp; Einf\u00fchrung in die West Trax KPIs Beratung f\u00fcr Kostenmetriken Beratung f\u00fcr Kosteneinsparungen SAP ist ein weit verbreitetes ERP System im Mittelstand. Und die meisten Unternehmen haben ihr SAP seit der Einf\u00fchrung kontinuierlich weiterentwickelt. Im Schnitt sind mehr als 45% der Anwendungen in SAP Systemen Eigenentwicklungen. Dabei [&hellip;]<\/p>\n","protected":false},"author":1,"featured_media":0,"parent":0,"menu_order":0,"comment_status":"closed","ping_status":"closed","template":"page-templates\/full-width-page.php","meta":{"footnotes":""},"class_list":["post-1160","page","type-page","status-publish","hentry"],"_links":{"self":[{"href":"https:\/\/earuby.com\/index.php?rest_route=\/wp\/v2\/pages\/1160","targetHints":{"allow":["GET"]}}],"collection":[{"href":"https:\/\/earuby.com\/index.php?rest_route=\/wp\/v2\/pages"}],"about":[{"href":"https:\/\/earuby.com\/index.php?rest_route=\/wp\/v2\/types\/page"}],"author":[{"embeddable":true,"href":"https:\/\/earuby.com\/index.php?rest_route=\/wp\/v2\/users\/1"}],"replies":[{"embeddable":true,"href":"https:\/\/earuby.com\/index.php?rest_route=%2Fwp%2Fv2%2Fcomments&post=1160"}],"version-history":[{"count":5,"href":"https:\/\/earuby.com\/index.php?rest_route=\/wp\/v2\/pages\/1160\/revisions"}],"predecessor-version":[{"id":1697,"href":"https:\/\/earuby.com\/index.php?rest_route=\/wp\/v2\/pages\/1160\/revisions\/1697"}],"wp:attachment":[{"href":"https:\/\/earuby.com\/index.php?rest_route=%2Fwp%2Fv2%2Fmedia&parent=1160"}],"curies":[{"name":"wp","href":"https:\/\/api.w.org\/{rel}","templated":true}]}}