{"id":1255,"date":"2021-06-13T15:08:18","date_gmt":"2021-06-13T13:08:18","guid":{"rendered":"https:\/\/earuby.com\/?page_id=1255"},"modified":"2021-12-29T14:52:26","modified_gmt":"2021-12-29T12:52:26","slug":"essentials-archive-allianz-ceo-cdo","status":"publish","type":"page","link":"https:\/\/earuby.com\/?page_id=1255","title":{"rendered":"Essentials Archive Allianz CEO CDO"},"content":{"rendered":"<div data-colibri-id=\"1255-c1\" class=\"style-1109 style-local-1255-c1 position-relative\">\n  <!---->\n  <div data-colibri-component=\"section\" data-colibri-id=\"1255-c2\" id=\"custom\" class=\"h-section h-section-global-spacing d-flex align-items-lg-center align-items-md-center align-items-center style-1110 style-local-1255-c2 position-relative\">\n    <!---->\n    <!---->\n    <div class=\"h-section-grid-container h-section-boxed-container\">\n      <!---->\n      <div data-colibri-id=\"1255-c3\" class=\"h-row-container gutters-row-lg-2 gutters-row-md-2 gutters-row-0 gutters-row-v-lg-2 gutters-row-v-md-2 gutters-row-v-2 style-1111 style-local-1255-c3 position-relative\">\n        <!---->\n        <div class=\"h-row justify-content-lg-center justify-content-md-center justify-content-center align-items-lg-stretch align-items-md-stretch align-items-stretch gutters-col-lg-2 gutters-col-md-2 gutters-col-0 gutters-col-v-lg-2 gutters-col-v-md-2 gutters-col-v-2\">\n          <!---->\n          <div class=\"h-column h-column-container d-flex h-col-lg-auto h-col-md-auto h-col-auto style-1112-outer style-local-1255-c4-outer\">\n            <div data-colibri-id=\"1255-c4\" class=\"d-flex h-flex-basis h-column__inner h-px-lg-2 h-px-md-2 h-px-2 v-inner-lg-2 v-inner-md-2 v-inner-2 style-1112 style-local-1255-c4 position-relative\">\n              <!---->\n              <!---->\n              <div class=\"w-100 h-y-container h-column__content h-column__v-align flex-basis-100 align-self-lg-center align-self-md-center align-self-center\">\n                <!---->\n                <div data-colibri-id=\"1255-c5\" class=\"h-text h-text-component style-1114 style-local-1255-c5 position-relative h-element\">\n                  <!---->\n                  <!---->\n                  <div class=\"\">\n                    <p>Die Allianz zwischen CEO und dem digitalen Dirigenten [EA21.003]<\/p>\n                  <\/div>\n                <\/div>\n              <\/div>\n            <\/div>\n          <\/div>\n          <div class=\"h-column h-column-container d-flex h-col-lg-auto h-col-md-auto h-col-auto style-1113-outer style-local-1255-c6-outer\">\n            <div data-colibri-id=\"1255-c6\" class=\"d-flex h-flex-basis h-column__inner h-px-lg-2 h-px-md-2 h-px-2 v-inner-lg-2 v-inner-md-2 v-inner-2 style-1113 style-local-1255-c6 position-relative\">\n              <!---->\n              <!---->\n              <div class=\"w-100 h-y-container h-column__content h-column__v-align flex-basis-100 align-self-lg-start align-self-md-start align-self-start\">\n                <!---->\n                <div data-colibri-id=\"1255-c7\" class=\"h-text h-text-component style-1115 style-local-1255-c7 position-relative h-element\">\n                  <!---->\n                  <!---->\n                  <div class=\"\">\n                    <p>Service Angebot<\/p>\n                    <p>Umfassende Beratung mit Wingo.Consulting<\/p>\n                    <p>Digitalisierung, Marketing, Vertrieb, Beiratsfunktion und vieles mehr<\/p>\n                  <\/div>\n                <\/div>\n              <\/div>\n            <\/div>\n          <\/div>\n        <\/div>\n      <\/div>\n      <div data-colibri-id=\"1255-c11\" class=\"h-row-container gutters-row-lg-2 gutters-row-md-2 gutters-row-0 gutters-row-v-lg-2 gutters-row-v-md-2 gutters-row-v-2 style-1121 style-local-1255-c11 position-relative\">\n        <!---->\n        <div class=\"h-row justify-content-lg-center justify-content-md-center justify-content-center align-items-lg-stretch align-items-md-stretch align-items-stretch gutters-col-lg-2 gutters-col-md-2 gutters-col-0 gutters-col-v-lg-2 gutters-col-v-md-2 gutters-col-v-2\">\n          <!---->\n          <div class=\"h-column h-column-container d-flex h-col-lg-auto h-col-md-auto h-col-auto style-1122-outer style-local-1255-c12-outer\">\n            <div data-colibri-id=\"1255-c12\" class=\"d-flex h-flex-basis h-column__inner h-px-lg-2 h-px-md-2 h-px-2 v-inner-lg-2 v-inner-md-2 v-inner-2 style-1122 style-local-1255-c12 position-relative\">\n              <!---->\n              <!---->\n              <div class=\"w-100 h-y-container h-column__content h-column__v-align flex-basis-100 align-self-lg-start align-self-md-start align-self-start\">\n                <!---->\n                <div data-colibri-id=\"1255-c13\" class=\"d-block style-1130 style-local-1255-c13 position-relative h-element\">\n                  <!---->\n                  <div class=\"h-image__frame-container-outer\">\n                    <div class=\"h-image__frame-container\">\n                      <!---->\n                      <!---->\n                      <img loading=\"lazy\" decoding=\"async\" width=\"1273\" height=\"797\" src=\"https:\/\/earuby.com\/wp-content\/uploads\/2021\/06\/cropped-business-card-5128935_1920.jpg\" class=\"wp-image-1259 style-1130-image style-local-1255-c13-image\" alt=\"\" srcset=\"https:\/\/earuby.com\/wp-content\/uploads\/2021\/06\/cropped-business-card-5128935_1920.jpg 1273w, https:\/\/earuby.com\/wp-content\/uploads\/2021\/06\/cropped-business-card-5128935_1920-300x188.jpg 300w, https:\/\/earuby.com\/wp-content\/uploads\/2021\/06\/cropped-business-card-5128935_1920-1024x641.jpg 1024w, https:\/\/earuby.com\/wp-content\/uploads\/2021\/06\/cropped-business-card-5128935_1920-768x481.jpg 768w\" sizes=\"auto, (max-width: 1273px) 100vw, 1273px\" \/>\n                      <div class=\"h-image__frame h-hide-lg h-hide-md h-hide-sm style-1130-frameImage style-local-1255-c13-frameImage\"><\/div>\n                    <\/div>\n                  <\/div>\n                <\/div>\n              <\/div>\n            <\/div>\n          <\/div>\n          <div class=\"h-column h-column-container d-flex h-col-lg-auto h-col-md-auto h-col-auto style-1123-outer style-local-1255-c14-outer\">\n            <div data-colibri-id=\"1255-c14\" class=\"d-flex h-flex-basis h-column__inner h-px-lg-2 h-px-md-2 h-px-2 v-inner-lg-2 v-inner-md-2 v-inner-2 style-1123 style-local-1255-c14 position-relative\">\n              <!---->\n              <!---->\n              <div class=\"w-100 h-y-container h-column__content h-column__v-align flex-basis-100 align-self-lg-start align-self-md-start align-self-start\">\n                <!---->\n                <div data-colibri-id=\"1255-c15\" class=\"h-text h-text-component style-1131 style-local-1255-c15 position-relative h-element\">\n                  <!---->\n                  <!---->\n                  <div class=\"\">\n                    <p>Mehr denn je sind CEOs gefordert, die Digitalisierung ihres Unternehmens voranzutreiben. Doch wie? Zu schnell wird die Aufgabe an den CIO oder CDO delegiert. Bei klassischen CIOs m\u00fcssen wir bemerken, dass ihre durchschnittliche Verweildauer\n                      in einem Unternehmen bei ungef\u00e4hr 3 Jahren liegt. Der neue CIO soll digitalisieren und die Erwartungshaltung des CEOs ist enorm. Doch nach kurzer Zeit treten die Hindernisse bei der Transformation zu Tage &#8211; die Erwartungshaltung\n                      wird nicht erf\u00fcllt und der CIO muss gehen. Das dauert meist 2-4 Jahre.<\/p>\n                    <p>Doch das ist kein Zustand!<\/p>\n                  <\/div>\n                <\/div>\n              <\/div>\n            <\/div>\n          <\/div>\n        <\/div>\n      <\/div>\n      <div data-colibri-id=\"1255-c16\" class=\"h-row-container gutters-row-lg-2 gutters-row-md-2 gutters-row-0 gutters-row-v-lg-2 gutters-row-v-md-2 gutters-row-v-2 style-1124 style-local-1255-c16 position-relative\">\n        <!---->\n        <div class=\"h-row justify-content-lg-center justify-content-md-center justify-content-center align-items-lg-stretch align-items-md-stretch align-items-stretch gutters-col-lg-2 gutters-col-md-2 gutters-col-0 gutters-col-v-lg-2 gutters-col-v-md-2 gutters-col-v-2\">\n          <!---->\n          <div class=\"h-column h-column-container d-flex h-col-lg-auto h-col-md-auto h-col-auto style-1125-outer style-local-1255-c17-outer\">\n            <div data-colibri-id=\"1255-c17\" class=\"d-flex h-flex-basis h-column__inner h-px-lg-2 h-px-md-2 h-px-2 v-inner-lg-2 v-inner-md-2 v-inner-2 style-1125 style-local-1255-c17 position-relative\">\n              <!---->\n              <!---->\n              <div class=\"w-100 h-y-container h-column__content h-column__v-align flex-basis-100 align-self-lg-start align-self-md-start align-self-start\">\n                <!---->\n                <div data-colibri-id=\"1255-c18\" class=\"d-block style-1132 style-local-1255-c18 position-relative h-element\">\n                  <!---->\n                  <div class=\"h-image__frame-container-outer\">\n                    <div class=\"h-image__frame-container\">\n                      <!---->\n                      <!---->\n                      <img loading=\"lazy\" decoding=\"async\" width=\"1919\" height=\"1282\" src=\"https:\/\/earuby.com\/wp-content\/uploads\/2021\/06\/cropped-conductor-5157153_1920.jpg\" class=\"wp-image-1261 style-1132-image style-local-1255-c18-image\" alt=\"\" srcset=\"https:\/\/earuby.com\/wp-content\/uploads\/2021\/06\/cropped-conductor-5157153_1920.jpg 1919w, https:\/\/earuby.com\/wp-content\/uploads\/2021\/06\/cropped-conductor-5157153_1920-300x200.jpg 300w, https:\/\/earuby.com\/wp-content\/uploads\/2021\/06\/cropped-conductor-5157153_1920-1024x684.jpg 1024w, https:\/\/earuby.com\/wp-content\/uploads\/2021\/06\/cropped-conductor-5157153_1920-768x513.jpg 768w, https:\/\/earuby.com\/wp-content\/uploads\/2021\/06\/cropped-conductor-5157153_1920-1536x1026.jpg 1536w\" sizes=\"auto, (max-width: 1919px) 100vw, 1919px\" \/>\n                      <div class=\"h-image__frame h-hide-lg h-hide-md h-hide-sm style-1132-frameImage style-local-1255-c18-frameImage\"><\/div>\n                    <\/div>\n                  <\/div>\n                <\/div>\n              <\/div>\n            <\/div>\n          <\/div>\n          <div class=\"h-column h-column-container d-flex h-col-lg-auto h-col-md-auto h-col-auto style-1126-outer style-local-1255-c19-outer\">\n            <div data-colibri-id=\"1255-c19\" class=\"d-flex h-flex-basis h-column__inner h-px-lg-2 h-px-md-2 h-px-2 v-inner-lg-2 v-inner-md-2 v-inner-2 style-1126 style-local-1255-c19 position-relative\">\n              <!---->\n              <!---->\n              <div class=\"w-100 h-y-container h-column__content h-column__v-align flex-basis-100 align-self-lg-start align-self-md-start align-self-start\">\n                <!---->\n                <div data-colibri-id=\"1255-c20\" class=\"h-text h-text-component style-1134 style-local-1255-c20 position-relative h-element\">\n                  <!---->\n                  <!---->\n                  <div class=\"\">\n                    <p>Erfolgreiche CEOs suchen den Schulterschluss mit einem geeigneten digitalen Dirigenten. Dies kann ein CIO, CDO oder externer Interim-Manager sein. An ihn m\u00fcssen aber besondere Anforderungen gestellt sein: Neben fundiertem Wissen und\n                      Erfahrung in allen IT Belangen sollte er auch Gesch\u00e4ftsmann\/-frau sein.&nbsp; Seine Einstellung sollte die eines CEOs sein: Das Unternehmen als Ganzes sehen und die Bereiche orchestrieren. W\u00e4hrend sich ein CEO um die Business Strategie\n                      k\u00fcmmert, muss der digitale Dirigent diese in die digitale Sprache \u00fcbersetzen und das Unternehmensorchester dirigieren: Die IT und die Gesch\u00e4ftsbereiche.<\/p>\n                    <p>Ohne Schulterschluss ist das nicht m\u00f6glich!<\/p>\n                    <p>Der digitale Dirigent ist der Sparringspartner f\u00fcr den CEO. Er ber\u00e4t ihn und ist in einem stetigen Austausch &#8211; auch auf inhaltlicher Ebene.<\/p>\n                  <\/div>\n                <\/div>\n              <\/div>\n            <\/div>\n          <\/div>\n        <\/div>\n      <\/div>\n      <div data-colibri-id=\"1255-c21\" class=\"h-row-container gutters-row-lg-2 gutters-row-md-2 gutters-row-0 gutters-row-v-lg-2 gutters-row-v-md-2 gutters-row-v-2 style-1127 style-local-1255-c21 position-relative\">\n        <!---->\n        <div class=\"h-row justify-content-lg-center justify-content-md-center justify-content-center align-items-lg-stretch align-items-md-stretch align-items-stretch gutters-col-lg-2 gutters-col-md-2 gutters-col-0 gutters-col-v-lg-2 gutters-col-v-md-2 gutters-col-v-2\">\n          <!---->\n          <div class=\"h-column h-column-container d-flex h-col-lg-auto h-col-md-auto h-col-auto style-1128-outer style-local-1255-c22-outer\">\n            <div data-colibri-id=\"1255-c22\" class=\"d-flex h-flex-basis h-column__inner h-px-lg-2 h-px-md-2 h-px-2 v-inner-lg-2 v-inner-md-2 v-inner-2 style-1128 style-local-1255-c22 position-relative\">\n              <!---->\n              <!---->\n              <div class=\"w-100 h-y-container h-column__content h-column__v-align flex-basis-100 align-self-lg-start align-self-md-start align-self-start\">\n                <!---->\n                <div data-colibri-id=\"1255-c23\" class=\"d-block style-1133 style-local-1255-c23 position-relative h-element\">\n                  <!---->\n                  <div class=\"h-image__frame-container-outer\">\n                    <a href=\"https:\/\/wingo.consulting\/andreas-rebetzky\/\" target=\"_blank\" h-use-smooth-scroll=\"true\" class=\"image-link\" rel=\"noopener\">\n                      <div class=\"h-image__frame-container\">\n                        <!---->\n                        <!---->\n                        <img loading=\"lazy\" decoding=\"async\" width=\"1500\" height=\"648\" src=\"https:\/\/earuby.com\/wp-content\/uploads\/2021\/12\/cropped-cropped-WINGO-Logo-weiss.png\" class=\"wp-image-1479 style-1133-image style-local-1255-c23-image\" alt=\"\" srcset=\"https:\/\/earuby.com\/wp-content\/uploads\/2021\/12\/cropped-cropped-WINGO-Logo-weiss.png 1500w, https:\/\/earuby.com\/wp-content\/uploads\/2021\/12\/cropped-cropped-WINGO-Logo-weiss-300x130.png 300w, https:\/\/earuby.com\/wp-content\/uploads\/2021\/12\/cropped-cropped-WINGO-Logo-weiss-1024x442.png 1024w, https:\/\/earuby.com\/wp-content\/uploads\/2021\/12\/cropped-cropped-WINGO-Logo-weiss-768x332.png 768w\" sizes=\"auto, (max-width: 1500px) 100vw, 1500px\" \/>\n                        <div class=\"h-image__frame h-hide-lg h-hide-md h-hide-sm style-1133-frameImage style-local-1255-c23-frameImage\"><\/div>\n                      <\/div>\n                    <\/a>\n                  <\/div>\n                <\/div>\n              <\/div>\n            <\/div>\n          <\/div>\n          <div class=\"h-column h-column-container d-flex h-col-lg-auto h-col-md-auto h-col-auto style-1129-outer style-local-1255-c24-outer\">\n            <div data-colibri-id=\"1255-c24\" class=\"d-flex h-flex-basis h-column__inner h-px-lg-2 h-px-md-2 h-px-2 v-inner-lg-2 v-inner-md-2 v-inner-2 style-1129 style-local-1255-c24 position-relative\">\n              <!---->\n              <!---->\n              <div class=\"w-100 h-y-container h-column__content h-column__v-align flex-basis-100 align-self-lg-start align-self-md-start align-self-start\">\n                <!---->\n                <div data-colibri-id=\"1255-c25\" class=\"h-text h-text-component style-1135 style-local-1255-c25 position-relative h-element\">\n                  <!---->\n                  <!---->\n                  <div class=\"\">\n                    <p>Dazu ben\u00f6tigt ein CEO heute F\u00e4higkeiten und Wissen, die bislang fast ausschlie\u00dflich der IT vorbehalten waren. Um seine Entscheidungskompetenz aufrecht zu erhalten, muss ein CEO heute seine digitalen Kompetenzen ausbauen. Im digitalen\n                      Dschungel ist dies nicht einfach &#8211; und genau dort setzt Wingo.Consulting an: Ein hochkar\u00e4tiges Expertennetzwerk aus Gesch\u00e4ftsf\u00fchrern und CEOs bieten umfassendes Wissen an &#8211; als Berater oder mit innovativen Konzepten wie dem &#8222;modularen\n                      Beirat&#8220;.&nbsp;&nbsp;<\/p>\n                    <p>Gerade weil die digitale Transformation multidimensionalen Charakter hat, m\u00fcssen die Kompetenzen breit gef\u00e4chert sein: Vom Innovationsmanagement bis zum digitalen Marketing reichen die Kompetenzen bei Wingo.&nbsp;<\/p>\n                  <\/div>\n                <\/div>\n              <\/div>\n            <\/div>\n          <\/div>\n        <\/div>\n      <\/div>\n      <div data-colibri-id=\"1255-c26\" class=\"h-row-container gutters-row-lg-2 gutters-row-md-2 gutters-row-0 gutters-row-v-lg-2 gutters-row-v-md-2 gutters-row-v-2 style-1136 style-local-1255-c26 position-relative\">\n        <!---->\n        <div class=\"h-row justify-content-lg-center justify-content-md-center justify-content-center align-items-lg-stretch align-items-md-stretch align-items-stretch gutters-col-lg-2 gutters-col-md-2 gutters-col-0 gutters-col-v-lg-2 gutters-col-v-md-2 gutters-col-v-2\">\n          <!---->\n          <div class=\"h-column h-column-container d-flex h-col-lg-auto h-col-md-auto h-col-auto style-1137-outer style-local-1255-c27-outer\">\n            <div data-colibri-id=\"1255-c27\" class=\"d-flex h-flex-basis h-column__inner h-px-lg-2 h-px-md-2 h-px-2 v-inner-lg-2 v-inner-md-2 v-inner-2 style-1137 style-local-1255-c27 position-relative\">\n              <!---->\n              <!---->\n              <div class=\"w-100 h-y-container h-column__content h-column__v-align flex-basis-100 align-self-lg-start align-self-md-start align-self-start\">\n                <!---->\n                <div data-colibri-id=\"1255-c28\" class=\"d-block style-1139 style-local-1255-c28 position-relative h-element\">\n                  <!---->\n                  <div class=\"h-image__frame-container-outer\">\n                    <a href=\"https:\/\/ceoness.de\/wo-holt-man-sich-als-ceo-wissen-ueber-digitalisierung\/\" target=\"_blank\" h-use-smooth-scroll=\"true\" class=\"image-link\" rel=\"noopener\">\n                      <div class=\"h-image__frame-container\">\n                        <!---->\n                        <!---->\n                        <img loading=\"lazy\" decoding=\"async\" width=\"928\" height=\"576\" src=\"https:\/\/earuby.com\/wp-content\/uploads\/2021\/06\/cropped-Andreas-Rebetzky-CEOness-Thumbnail-1024x576-1.png\" class=\"wp-image-1271 style-1139-image style-local-1255-c28-image\" alt=\"\" srcset=\"https:\/\/earuby.com\/wp-content\/uploads\/2021\/06\/cropped-Andreas-Rebetzky-CEOness-Thumbnail-1024x576-1.png 928w, https:\/\/earuby.com\/wp-content\/uploads\/2021\/06\/cropped-Andreas-Rebetzky-CEOness-Thumbnail-1024x576-1-300x186.png 300w, https:\/\/earuby.com\/wp-content\/uploads\/2021\/06\/cropped-Andreas-Rebetzky-CEOness-Thumbnail-1024x576-1-768x477.png 768w\" sizes=\"auto, (max-width: 928px) 100vw, 928px\" \/>\n                        <div class=\"h-image__frame h-hide-lg h-hide-md h-hide-sm style-1139-frameImage style-local-1255-c28-frameImage\"><\/div>\n                      <\/div>\n                    <\/a>\n                  <\/div>\n                <\/div>\n              <\/div>\n            <\/div>\n          <\/div>\n          <div class=\"h-column h-column-container d-flex h-col-lg-auto h-col-md-auto h-col-auto style-1138-outer style-local-1255-c29-outer\">\n            <div data-colibri-id=\"1255-c29\" class=\"d-flex h-flex-basis h-column__inner h-px-lg-2 h-px-md-2 h-px-2 v-inner-lg-2 v-inner-md-2 v-inner-2 style-1138 style-local-1255-c29 position-relative\">\n              <!---->\n              <!---->\n              <div class=\"w-100 h-y-container h-column__content h-column__v-align flex-basis-100 align-self-lg-start align-self-md-start align-self-start\">\n                <!---->\n                <div data-colibri-id=\"1255-c30\" class=\"h-text h-text-component style-1140 style-local-1255-c30 position-relative h-element\">\n                  <!---->\n                  <!---->\n                  <div class=\"\">\n                    <p>CEOness ist ein willkommener Ansatz: Die Weiterbildungsplattform f\u00fcr CEOs bietet wertvollen Austausch unter CEOs, unterst\u00fctzt von erfahrenen Experten. Die Essenz der Digitalisierung wird dort von erfahrenen Kollegen in einer daf\u00fcr\n                      gegr\u00fcndeten Akademie weitergegeben. Abseits der abgedroschenen Strategien der gro\u00dfen Beratungsh\u00e4user wird hier pragmatisch gedacht, kommuniziert und gehandelt.<\/p>\n                  <\/div>\n                <\/div>\n              <\/div>\n            <\/div>\n          <\/div>\n        <\/div>\n      <\/div>\n    <\/div>\n  <\/div>\n<\/div>","protected":false},"excerpt":{"rendered":"<p>Die Allianz zwischen CEO und dem digitalen Dirigenten [EA21.003] Service Angebot Umfassende Beratung mit Wingo.Consulting Digitalisierung, Marketing, Vertrieb, Beiratsfunktion und vieles mehr Mehr denn je sind CEOs gefordert, die Digitalisierung ihres Unternehmens voranzutreiben. Doch wie? Zu schnell wird die Aufgabe an den CIO oder CDO delegiert. Bei klassischen CIOs m\u00fcssen wir bemerken, dass ihre durchschnittliche [&hellip;]<\/p>\n","protected":false},"author":1,"featured_media":0,"parent":0,"menu_order":0,"comment_status":"closed","ping_status":"closed","template":"page-templates\/full-width-page.php","meta":{"footnotes":""},"class_list":["post-1255","page","type-page","status-publish","hentry"],"_links":{"self":[{"href":"https:\/\/earuby.com\/index.php?rest_route=\/wp\/v2\/pages\/1255","targetHints":{"allow":["GET"]}}],"collection":[{"href":"https:\/\/earuby.com\/index.php?rest_route=\/wp\/v2\/pages"}],"about":[{"href":"https:\/\/earuby.com\/index.php?rest_route=\/wp\/v2\/types\/page"}],"author":[{"embeddable":true,"href":"https:\/\/earuby.com\/index.php?rest_route=\/wp\/v2\/users\/1"}],"replies":[{"embeddable":true,"href":"https:\/\/earuby.com\/index.php?rest_route=%2Fwp%2Fv2%2Fcomments&post=1255"}],"version-history":[{"count":3,"href":"https:\/\/earuby.com\/index.php?rest_route=\/wp\/v2\/pages\/1255\/revisions"}],"predecessor-version":[{"id":1690,"href":"https:\/\/earuby.com\/index.php?rest_route=\/wp\/v2\/pages\/1255\/revisions\/1690"}],"wp:attachment":[{"href":"https:\/\/earuby.com\/index.php?rest_route=%2Fwp%2Fv2%2Fmedia&parent=1255"}],"curies":[{"name":"wp","href":"https:\/\/api.w.org\/{rel}","templated":true}]}}