{"id":1477,"date":"2021-12-28T13:32:49","date_gmt":"2021-12-28T11:32:49","guid":{"rendered":"https:\/\/earuby.com\/?page_id=1477"},"modified":"2021-12-30T12:35:13","modified_gmt":"2021-12-30T10:35:13","slug":"ea-wingo","status":"publish","type":"page","link":"https:\/\/earuby.com\/?page_id=1477","title":{"rendered":"EA WINGO"},"content":{"rendered":"<div data-colibri-id=\"1477-c1\" class=\"style-1351 style-local-1477-c1 position-relative\">\n  <!---->\n  <div data-colibri-component=\"section\" data-colibri-id=\"1477-c2\" id=\"custom\" class=\"h-section h-section-global-spacing d-flex align-items-lg-center align-items-md-center align-items-center style-1352 style-local-1477-c2 position-relative\">\n    <!---->\n    <!---->\n    <div class=\"h-section-grid-container h-section-boxed-container\">\n      <!---->\n      <div data-colibri-id=\"1477-c3\" class=\"h-row-container gutters-row-lg-2 gutters-row-md-2 gutters-row-0 gutters-row-v-lg-2 gutters-row-v-md-2 gutters-row-v-2 style-1353 style-local-1477-c3 position-relative\">\n        <!---->\n        <div class=\"h-row justify-content-lg-center justify-content-md-center justify-content-center align-items-lg-stretch align-items-md-stretch align-items-stretch gutters-col-lg-2 gutters-col-md-2 gutters-col-0 gutters-col-v-lg-2 gutters-col-v-md-2 gutters-col-v-2\">\n          <!---->\n          <div class=\"h-column h-column-container d-flex h-col-lg-auto h-col-md-auto h-col-auto style-1354-outer style-local-1477-c4-outer\">\n            <div data-colibri-id=\"1477-c4\" class=\"d-flex h-flex-basis h-column__inner h-px-lg-2 h-px-md-2 h-px-2 v-inner-lg-2 v-inner-md-2 v-inner-2 style-1354 style-local-1477-c4 position-relative\">\n              <!---->\n              <!---->\n              <div class=\"w-100 h-y-container h-column__content h-column__v-align flex-basis-100 align-self-lg-center align-self-md-center align-self-center\">\n                <!---->\n                <div data-colibri-id=\"1477-c5\" class=\"h-text h-text-component style-1356 style-local-1477-c5 position-relative h-element\">\n                  <!---->\n                  <!---->\n                  <div class=\"\">\n                    <p>ESSENTIAL ARCHIVE SOLUTION<\/p>\n                  <\/div>\n                <\/div>\n              <\/div>\n            <\/div>\n          <\/div>\n          <div class=\"h-column h-column-container d-flex h-col-lg-auto h-col-md-auto h-col-auto style-1355-outer style-local-1477-c6-outer\">\n            <div data-colibri-id=\"1477-c6\" class=\"d-flex h-flex-basis h-column__inner h-px-lg-2 h-px-md-2 h-px-2 v-inner-lg-2 v-inner-md-2 v-inner-2 style-1355 style-local-1477-c6 position-relative\">\n              <!---->\n              <!---->\n              <div class=\"w-100 h-y-container h-column__content h-column__v-align flex-basis-100 align-self-lg-start align-self-md-start align-self-start\">\n                <!---->\n                <div data-colibri-id=\"1477-c7\" class=\"d-block style-1357 style-local-1477-c7 position-relative h-element\">\n                  <!---->\n                  <div class=\"h-image__frame-container-outer\">\n                    <div class=\"h-image__frame-container\">\n                      <!---->\n                      <!---->\n                      <img loading=\"lazy\" decoding=\"async\" width=\"1500\" height=\"648\" src=\"https:\/\/earuby.com\/wp-content\/uploads\/2021\/12\/cropped-cropped-WINGO-Logo-weiss.png\" class=\"wp-image-1479 style-1357-image style-local-1477-c7-image\" alt=\"\" srcset=\"https:\/\/earuby.com\/wp-content\/uploads\/2021\/12\/cropped-cropped-WINGO-Logo-weiss.png 1500w, https:\/\/earuby.com\/wp-content\/uploads\/2021\/12\/cropped-cropped-WINGO-Logo-weiss-300x130.png 300w, https:\/\/earuby.com\/wp-content\/uploads\/2021\/12\/cropped-cropped-WINGO-Logo-weiss-1024x442.png 1024w, https:\/\/earuby.com\/wp-content\/uploads\/2021\/12\/cropped-cropped-WINGO-Logo-weiss-768x332.png 768w\" sizes=\"auto, (max-width: 1500px) 100vw, 1500px\" \/>\n                      <div class=\"h-image__frame h-hide-lg h-hide-md h-hide-sm style-1357-frameImage style-local-1477-c7-frameImage\"><\/div>\n                    <\/div>\n                  <\/div>\n                <\/div>\n              <\/div>\n            <\/div>\n          <\/div>\n        <\/div>\n      <\/div>\n      <div data-colibri-id=\"1477-c8\" class=\"h-row-container gutters-row-lg-2 gutters-row-md-2 gutters-row-0 gutters-row-v-lg-2 gutters-row-v-md-2 gutters-row-v-2 style-1358 style-local-1477-c8 position-relative\">\n        <!---->\n        <div class=\"h-row justify-content-lg-center justify-content-md-center justify-content-center align-items-lg-stretch align-items-md-stretch align-items-stretch gutters-col-lg-2 gutters-col-md-2 gutters-col-0 gutters-col-v-lg-2 gutters-col-v-md-2 gutters-col-v-2\">\n          <!---->\n          <div class=\"h-column h-column-container d-flex h-col-lg-auto h-col-md-auto h-col-auto style-1359-outer style-local-1477-c9-outer\">\n            <div data-colibri-id=\"1477-c9\" class=\"d-flex h-flex-basis h-column__inner h-px-lg-2 h-px-md-2 h-px-2 v-inner-lg-2 v-inner-md-2 v-inner-2 style-1359 style-local-1477-c9 position-relative\">\n              <!---->\n              <!---->\n              <div class=\"w-100 h-y-container h-column__content h-column__v-align flex-basis-100 align-self-lg-start align-self-md-start align-self-start\">\n                <!---->\n                <div data-colibri-id=\"1477-c10\" class=\"h-text h-text-component style-1367 style-local-1477-c10 position-relative h-element\">\n                  <!---->\n                  <!---->\n                  <div class=\"\">\n                    <p>TEMPOR\u00c4RE MANAGEMENT RESSOURCEN<\/p>\n                  <\/div>\n                <\/div>\n              <\/div>\n            <\/div>\n          <\/div>\n          <div class=\"h-column h-column-container d-flex h-col-lg-auto h-col-md-auto h-col-auto style-1360-outer style-local-1477-c11-outer\">\n            <div data-colibri-id=\"1477-c11\" class=\"d-flex h-flex-basis h-column__inner h-ui-empty-state-container h-px-lg-2 h-px-md-2 h-px-2 v-inner-lg-2 v-inner-md-2 v-inner-2 style-1360 style-local-1477-c11 position-relative\">\n              <!---->\n              <!---->\n              <div class=\"w-100 h-y-container h-column__content h-column__v-align flex-basis-100\">\n                <!---->\n              <\/div>\n            <\/div>\n          <\/div>\n        <\/div>\n      <\/div>\n      <div data-colibri-id=\"1477-c12\" class=\"h-row-container gutters-row-lg-2 gutters-row-md-2 gutters-row-0 gutters-row-v-lg-2 gutters-row-v-md-2 gutters-row-v-2 style-1361 style-local-1477-c12 position-relative\">\n        <!---->\n        <div class=\"h-row justify-content-lg-center justify-content-md-center justify-content-center align-items-lg-stretch align-items-md-stretch align-items-stretch gutters-col-lg-2 gutters-col-md-2 gutters-col-0 gutters-col-v-lg-2 gutters-col-v-md-2 gutters-col-v-2\">\n          <!---->\n          <div class=\"h-column h-column-container d-flex h-col-lg-auto h-col-md-auto h-col-auto style-1362-outer style-local-1477-c13-outer\">\n            <div data-colibri-id=\"1477-c13\" class=\"d-flex h-flex-basis h-column__inner h-px-lg-2 h-px-md-2 h-px-2 v-inner-lg-2 v-inner-md-2 v-inner-2 style-1362 style-local-1477-c13 position-relative\">\n              <!---->\n              <!---->\n              <div class=\"w-100 h-y-container h-column__content h-column__v-align flex-basis-100 align-self-lg-start align-self-md-start align-self-start\">\n                <!---->\n                <div data-colibri-id=\"1477-c14\" class=\"h-text h-text-component style-1368 style-local-1477-c14 position-relative h-element\">\n                  <!---->\n                  <!---->\n                  <div class=\"\">\n                    <p>DIGITALE DIRIGENTEN UND BOOSTER<\/p>\n                  <\/div>\n                <\/div>\n              <\/div>\n            <\/div>\n          <\/div>\n          <div class=\"h-column h-column-container d-flex h-col-lg-auto h-col-md-auto h-col-auto style-1363-outer style-local-1477-c15-outer\">\n            <div data-colibri-id=\"1477-c15\" class=\"d-flex h-flex-basis h-column__inner h-ui-empty-state-container h-px-lg-2 h-px-md-2 h-px-2 v-inner-lg-2 v-inner-md-2 v-inner-2 style-1363 style-local-1477-c15 position-relative\">\n              <!---->\n              <!---->\n              <div class=\"w-100 h-y-container h-column__content h-column__v-align flex-basis-100\">\n                <!---->\n              <\/div>\n            <\/div>\n          <\/div>\n        <\/div>\n      <\/div>\n      <div data-colibri-id=\"1477-c16\" class=\"h-row-container gutters-row-lg-2 gutters-row-md-2 gutters-row-0 gutters-row-v-lg-2 gutters-row-v-md-2 gutters-row-v-2 style-1364 style-local-1477-c16 position-relative\">\n        <!---->\n        <div class=\"h-row justify-content-lg-center justify-content-md-center justify-content-center align-items-lg-stretch align-items-md-stretch align-items-stretch gutters-col-lg-2 gutters-col-md-2 gutters-col-0 gutters-col-v-lg-2 gutters-col-v-md-2 gutters-col-v-2\">\n          <!---->\n          <div class=\"h-column h-column-container d-flex h-col-lg-auto h-col-md-auto h-col-auto style-1365-outer style-local-1477-c17-outer\">\n            <div data-colibri-id=\"1477-c17\" class=\"d-flex h-flex-basis h-column__inner h-px-lg-2 h-px-md-2 h-px-2 v-inner-lg-2 v-inner-md-2 v-inner-2 style-1365 style-local-1477-c17 position-relative\">\n              <!---->\n              <!---->\n              <div class=\"w-100 h-y-container h-column__content h-column__v-align flex-basis-100 align-self-lg-start align-self-md-start align-self-start\">\n                <!---->\n                <div data-colibri-id=\"1477-c18\" class=\"h-text h-text-component style-1369 style-local-1477-c18 position-relative h-element\">\n                  <!---->\n                  <!---->\n                  <div class=\"\">\n                    <p>SICHERHEIT UND RESILIENZ<\/p>\n                  <\/div>\n                <\/div>\n              <\/div>\n            <\/div>\n          <\/div>\n          <div class=\"h-column h-column-container d-flex h-col-lg-auto h-col-md-auto h-col-auto style-1366-outer style-local-1477-c19-outer\">\n            <div data-colibri-id=\"1477-c19\" class=\"d-flex h-flex-basis h-column__inner h-ui-empty-state-container h-px-lg-2 h-px-md-2 h-px-2 v-inner-lg-2 v-inner-md-2 v-inner-2 style-1366 style-local-1477-c19 position-relative\">\n              <!---->\n              <!---->\n              <div class=\"w-100 h-y-container h-column__content h-column__v-align flex-basis-100\">\n                <!---->\n              <\/div>\n            <\/div>\n          <\/div>\n        <\/div>\n      <\/div>\n      <div data-colibri-id=\"1477-c20\" class=\"h-row-container gutters-row-lg-2 gutters-row-md-2 gutters-row-0 gutters-row-v-lg-2 gutters-row-v-md-2 gutters-row-v-2 style-1370 style-local-1477-c20 position-relative\">\n        <!---->\n        <div class=\"h-row justify-content-lg-center justify-content-md-center justify-content-center align-items-lg-stretch align-items-md-stretch align-items-stretch gutters-col-lg-2 gutters-col-md-2 gutters-col-0 gutters-col-v-lg-2 gutters-col-v-md-2 gutters-col-v-2\">\n          <!---->\n          <div class=\"h-column h-column-container d-flex h-col-lg-auto h-col-md-auto h-col-auto style-1371-outer style-local-1477-c21-outer\">\n            <div data-colibri-id=\"1477-c21\" class=\"d-flex h-flex-basis h-column__inner h-px-lg-2 h-px-md-2 h-px-2 v-inner-lg-2 v-inner-md-2 v-inner-2 style-1371 style-local-1477-c21 position-relative\">\n              <!---->\n              <!---->\n              <div class=\"w-100 h-y-container h-column__content h-column__v-align flex-basis-100 align-self-lg-start align-self-md-start align-self-start\">\n                <!---->\n                <div data-colibri-id=\"1477-c22\" class=\"h-text h-text-component style-1373 style-local-1477-c22 position-relative h-element\">\n                  <!---->\n                  <!---->\n                  <div class=\"\">\n                    <p>Wingo Consulting: Senator Dan Bauer ist Co-Author des Blueprints aus dem Senat. Die Wingo Berater sehen sich als Booster der Digitalisierung!<\/p>\n                    <p>Wingo Consulting ist die Plattform f\u00fcr die Beratung f\u00fcr CEOs und Gesch\u00e4ftsf\u00fchrern durch CEOs und Gesch\u00e4ftsf\u00fchrer. Die Leistungen umfassen die Unternehmensberatung in den Kernbereichen Digitalisierung, Marketing, F\u00fchrung, Recruiting,\n                      IT, Innovationen.<\/p>\n                    <p>Die Wingo ber\u00e4t mit Erfahrung: Direkt von Gesch\u00e4ftsf\u00fchrern, die ihre Unternehmen selbst aufgebaut und effizient gestaltet haben.&nbsp;&nbsp;<\/p>\n                    <p>\n                      <br>\n                    <\/p>\n                  <\/div>\n                <\/div>\n              <\/div>\n            <\/div>\n          <\/div>\n          <div class=\"h-column h-column-container d-flex h-col-lg-auto h-col-md-auto h-col-auto style-1372-outer style-local-1477-c23-outer\">\n            <div data-colibri-id=\"1477-c23\" class=\"d-flex h-flex-basis h-column__inner h-px-lg-2 h-px-md-2 h-px-2 v-inner-lg-2 v-inner-md-2 v-inner-2 style-1372 style-local-1477-c23 position-relative\">\n              <!---->\n              <!---->\n              <div class=\"w-100 h-y-container h-column__content h-column__v-align flex-basis-100 align-self-lg-start align-self-md-start align-self-start\">\n                <!---->\n                <div data-colibri-id=\"1477-c24\" class=\"h-x-container style-1374 style-local-1477-c24 position-relative h-element\">\n                  <!---->\n                  <div class=\"h-x-container-inner style-dynamic-1477-c24-group style-1374-spacing style-local-1477-c24-spacing\"><span class=\"h-link__outer style-1375-outer style-local-1477-c25-outer d-inline-flex h-element\"><a h-use-smooth-scroll=\"true\" href=\"https:\/\/wingo.consulting\/andreas-rebetzky\/\"  data-colibri-id=\"1477-c25\" class=\"d-flex w-100 align-items-center h-link style-1375 style-local-1477-c25 position-relative\"><!----><span  class=\"h-svg-icon h-link__icon style-1375-icon style-local-1477-c25-icon\"><!--Icon by Icons8 Line Awesome (https:\/\/icons8.com\/line-awesome)--><svg version=\"1.1\" xmlns=\"http:\/\/www.w3.org\/2000\/svg\" xmlns:xlink=\"http:\/\/www.w3.org\/1999\/xlink\" id=\"arrow-circle-o-right\" viewBox=\"0 0 512 545.5\"><path d=\"M256 80c114.686 0 208 93.314 208 208s-93.314 208-208 208S48 402.686 48 288 141.314 80 256 80zm0 32c-97.392 0-176 78.608-176 176s78.608 176 176 176 176-78.608 176-176-78.608-176-176-176zm11.5 73.5l91 91L370 288l-11.5 11.5-91 91-23-22.5 64-64H144v-32h164.5l-64-64z\"><\/path><\/svg><\/span>                    <span>WINGO CONSULTING<\/span><\/a>\n                    <\/span><span class=\"h-link__outer style-1376-outer style-local-1477-c26-outer d-inline-flex h-element\"><a h-use-smooth-scroll=\"true\" href=\"https:\/\/earuby.com\/wp-content\/uploads\/2021\/12\/Blueprint-fuer-Digitale-Transformation-im-Mittelstand.pdf\"  data-colibri-id=\"1477-c26\" class=\"d-flex w-100 align-items-center h-link style-1376 style-local-1477-c26 position-relative\"><!----><span  class=\"h-svg-icon h-link__icon style-1376-icon style-local-1477-c26-icon\"><!--Icon by Font Awesome (https:\/\/fontawesome.com)--><svg version=\"1.1\" xmlns=\"http:\/\/www.w3.org\/2000\/svg\" xmlns:xlink=\"http:\/\/www.w3.org\/1999\/xlink\" id=\"download\" viewBox=\"0 0 1664 1896.0833\"><path d=\"M1280 1344q0-26-19-45t-45-19-45 19-19 45 19 45 45 19 45-19 19-45zm256 0q0-26-19-45t-45-19-45 19-19 45 19 45 45 19 45-19 19-45zm128-224v320q0 40-28 68t-68 28H96q-40 0-68-28t-28-68v-320q0-40 28-68t68-28h465l135 136q58 56 136 56t136-56l136-136h464q40 0 68 28t28 68zm-325-569q17 41-14 70l-448 448q-18 19-45 19t-45-19L339 621q-31-29-14-70 17-39 59-39h256V64q0-26 19-45t45-19h256q26 0 45 19t19 45v448h256q42 0 59 39z\"><\/path><\/svg><\/span>                    <span>Blueprint Digitalisierung Mittelstand<\/span><\/a>\n                    <\/span>\n                  <\/div>\n                <\/div>\n              <\/div>\n            <\/div>\n          <\/div>\n        <\/div>\n      <\/div>\n    <\/div>\n  <\/div>\n<\/div>","protected":false},"excerpt":{"rendered":"<p>ESSENTIAL ARCHIVE SOLUTION TEMPOR\u00c4RE MANAGEMENT RESSOURCEN DIGITALE DIRIGENTEN UND BOOSTER SICHERHEIT UND RESILIENZ Wingo Consulting: Senator Dan Bauer ist Co-Author des Blueprints aus dem Senat. Die Wingo Berater sehen sich als Booster der Digitalisierung! Wingo Consulting ist die Plattform f\u00fcr die Beratung f\u00fcr CEOs und Gesch\u00e4ftsf\u00fchrern durch CEOs und Gesch\u00e4ftsf\u00fchrer. Die Leistungen umfassen die Unternehmensberatung [&hellip;]<\/p>\n","protected":false},"author":1,"featured_media":0,"parent":0,"menu_order":0,"comment_status":"closed","ping_status":"closed","template":"page-templates\/full-width-page.php","meta":{"footnotes":""},"class_list":["post-1477","page","type-page","status-publish","hentry"],"_links":{"self":[{"href":"https:\/\/earuby.com\/index.php?rest_route=\/wp\/v2\/pages\/1477","targetHints":{"allow":["GET"]}}],"collection":[{"href":"https:\/\/earuby.com\/index.php?rest_route=\/wp\/v2\/pages"}],"about":[{"href":"https:\/\/earuby.com\/index.php?rest_route=\/wp\/v2\/types\/page"}],"author":[{"embeddable":true,"href":"https:\/\/earuby.com\/index.php?rest_route=\/wp\/v2\/users\/1"}],"replies":[{"embeddable":true,"href":"https:\/\/earuby.com\/index.php?rest_route=%2Fwp%2Fv2%2Fcomments&post=1477"}],"version-history":[{"count":3,"href":"https:\/\/earuby.com\/index.php?rest_route=\/wp\/v2\/pages\/1477\/revisions"}],"predecessor-version":[{"id":1760,"href":"https:\/\/earuby.com\/index.php?rest_route=\/wp\/v2\/pages\/1477\/revisions\/1760"}],"wp:attachment":[{"href":"https:\/\/earuby.com\/index.php?rest_route=%2Fwp%2Fv2%2Fmedia&parent=1477"}],"curies":[{"name":"wp","href":"https:\/\/api.w.org\/{rel}","templated":true}]}}