{"id":1500,"date":"2021-12-28T13:59:44","date_gmt":"2021-12-28T11:59:44","guid":{"rendered":"https:\/\/earuby.com\/?page_id=1500"},"modified":"2021-12-28T14:11:32","modified_gmt":"2021-12-28T12:11:32","slug":"ea-taskforce","status":"publish","type":"page","link":"https:\/\/earuby.com\/?page_id=1500","title":{"rendered":"EA TASKFORCE"},"content":{"rendered":"<div data-colibri-id=\"1500-c1\" class=\"style-1379 style-local-1500-c1 position-relative\">\n  <!---->\n  <div data-colibri-component=\"section\" data-colibri-id=\"1500-c2\" id=\"custom\" class=\"h-section h-section-global-spacing d-flex align-items-lg-center align-items-md-center align-items-center style-1380 style-local-1500-c2 position-relative\">\n    <!---->\n    <!---->\n    <div class=\"h-section-grid-container h-section-boxed-container\">\n      <!---->\n      <div data-colibri-id=\"1500-c3\" class=\"h-row-container gutters-row-lg-2 gutters-row-md-2 gutters-row-0 gutters-row-v-lg-2 gutters-row-v-md-2 gutters-row-v-2 style-1381 style-local-1500-c3 position-relative\">\n        <!---->\n        <div class=\"h-row justify-content-lg-center justify-content-md-center justify-content-center align-items-lg-stretch align-items-md-stretch align-items-stretch gutters-col-lg-2 gutters-col-md-2 gutters-col-0 gutters-col-v-lg-2 gutters-col-v-md-2 gutters-col-v-2\">\n          <!---->\n          <div class=\"h-column h-column-container d-flex h-col-lg-auto h-col-md-auto h-col-auto style-1382-outer style-local-1500-c4-outer\">\n            <div data-colibri-id=\"1500-c4\" class=\"d-flex h-flex-basis h-column__inner h-px-lg-2 h-px-md-2 h-px-2 v-inner-lg-2 v-inner-md-2 v-inner-2 style-1382 style-local-1500-c4 position-relative\">\n              <!---->\n              <!---->\n              <div class=\"w-100 h-y-container h-column__content h-column__v-align flex-basis-100 align-self-lg-center align-self-md-center align-self-center\">\n                <!---->\n                <div data-colibri-id=\"1500-c6\" class=\"h-text h-text-component style-1384 style-local-1500-c6 position-relative h-element\">\n                  <!---->\n                  <!---->\n                  <div class=\"\">\n                    <p>ESSENTIAL ARCHIVE SOLUTION<\/p>\n                  <\/div>\n                <\/div>\n              <\/div>\n            <\/div>\n          <\/div>\n          <div class=\"h-column h-column-container d-flex h-col-lg-auto h-col-md-auto h-col-auto style-1383-outer style-local-1500-c5-outer\">\n            <div data-colibri-id=\"1500-c5\" class=\"d-flex h-flex-basis h-column__inner h-px-lg-2 h-px-md-2 h-px-2 v-inner-lg-2 v-inner-md-2 v-inner-2 style-1383 style-local-1500-c5 position-relative\">\n              <!---->\n              <!---->\n              <div class=\"w-100 h-y-container h-column__content h-column__v-align flex-basis-100 align-self-lg-start align-self-md-start align-self-start\">\n                <!---->\n                <div data-colibri-id=\"1500-c7\" class=\"d-block style-1385 style-local-1500-c7 position-relative h-element\">\n                  <!---->\n                  <div class=\"h-image__frame-container-outer\">\n                    <a href=\"https:\/\/taskforce.net\" h-use-smooth-scroll=\"true\" class=\"image-link\">\n                      <div class=\"h-image__frame-container\">\n                        <!---->\n                        <!---->\n                        <img loading=\"lazy\" decoding=\"async\" width=\"721\" height=\"134\" src=\"https:\/\/earuby.com\/wp-content\/uploads\/2021\/12\/cropped-Taskforce-W2.png\" class=\"wp-image-1466 style-1385-image style-local-1500-c7-image\" alt=\"\" srcset=\"https:\/\/earuby.com\/wp-content\/uploads\/2021\/12\/cropped-Taskforce-W2.png 721w, https:\/\/earuby.com\/wp-content\/uploads\/2021\/12\/cropped-Taskforce-W2-300x56.png 300w\" sizes=\"auto, (max-width: 721px) 100vw, 721px\" \/>\n                        <div class=\"h-image__frame h-hide-lg h-hide-md h-hide-sm style-1385-frameImage style-local-1500-c7-frameImage\"><\/div>\n                      <\/div>\n                    <\/a>\n                  <\/div>\n                <\/div>\n              <\/div>\n            <\/div>\n          <\/div>\n        <\/div>\n      <\/div>\n      <div data-colibri-id=\"1500-c8\" class=\"h-row-container gutters-row-lg-2 gutters-row-md-2 gutters-row-0 gutters-row-v-lg-2 gutters-row-v-md-2 gutters-row-v-2 style-1386 style-local-1500-c8 position-relative\">\n        <!---->\n        <div class=\"h-row justify-content-lg-center justify-content-md-center justify-content-center align-items-lg-stretch align-items-md-stretch align-items-stretch gutters-col-lg-2 gutters-col-md-2 gutters-col-0 gutters-col-v-lg-2 gutters-col-v-md-2 gutters-col-v-2\">\n          <!---->\n          <div class=\"h-column h-column-container d-flex h-col-lg-auto h-col-md-auto h-col-auto style-1387-outer style-local-1500-c9-outer\">\n            <div data-colibri-id=\"1500-c9\" class=\"d-flex h-flex-basis h-column__inner h-px-lg-2 h-px-md-2 h-px-2 v-inner-lg-2 v-inner-md-2 v-inner-2 style-1387 style-local-1500-c9 position-relative\">\n              <!---->\n              <!---->\n              <div class=\"w-100 h-y-container h-column__content h-column__v-align flex-basis-100 align-self-lg-start align-self-md-start align-self-start\">\n                <!---->\n                <div data-colibri-id=\"1500-c17\" class=\"h-text h-text-component style-1395 style-local-1500-c17 position-relative h-element\">\n                  <!---->\n                  <!---->\n                  <div class=\"\">\n                    <p>TEMPOR\u00c4RE MANAGEMENT RESSOURCEN<\/p>\n                  <\/div>\n                <\/div>\n              <\/div>\n            <\/div>\n          <\/div>\n          <div class=\"h-column h-column-container d-flex h-col-lg-auto h-col-md-auto h-col-auto style-1388-outer style-local-1500-c10-outer\">\n            <div data-colibri-id=\"1500-c10\" class=\"d-flex h-flex-basis h-column__inner h-ui-empty-state-container h-px-lg-2 h-px-md-2 h-px-2 v-inner-lg-2 v-inner-md-2 v-inner-2 style-1388 style-local-1500-c10 position-relative\">\n              <!---->\n              <!---->\n              <div class=\"w-100 h-y-container h-column__content h-column__v-align flex-basis-100\">\n                <!---->\n              <\/div>\n            <\/div>\n          <\/div>\n        <\/div>\n      <\/div>\n      <div data-colibri-id=\"1500-c14\" class=\"h-row-container gutters-row-lg-2 gutters-row-md-2 gutters-row-0 gutters-row-v-lg-2 gutters-row-v-md-2 gutters-row-v-2 style-1392 style-local-1500-c14 position-relative\">\n        <!---->\n        <div class=\"h-row justify-content-lg-center justify-content-md-center justify-content-center align-items-lg-stretch align-items-md-stretch align-items-stretch gutters-col-lg-2 gutters-col-md-2 gutters-col-0 gutters-col-v-lg-2 gutters-col-v-md-2 gutters-col-v-2\">\n          <!---->\n          <div class=\"h-column h-column-container d-flex h-col-lg-auto h-col-md-auto h-col-auto style-1393-outer style-local-1500-c15-outer\">\n            <div data-colibri-id=\"1500-c15\" class=\"d-flex h-flex-basis h-column__inner h-px-lg-2 h-px-md-2 h-px-2 v-inner-lg-2 v-inner-md-2 v-inner-2 style-1393 style-local-1500-c15 position-relative\">\n              <!---->\n              <!---->\n              <div class=\"w-100 h-y-container h-column__content h-column__v-align flex-basis-100 align-self-lg-start align-self-md-start align-self-start\">\n                <!---->\n                <div data-colibri-id=\"1500-c18\" class=\"h-text h-text-component style-1396 style-local-1500-c18 position-relative h-element\">\n                  <!---->\n                  <!---->\n                  <div class=\"\">\n                    <p>DIGITALE DIRIGENTEN UND BOOSTER<\/p>\n                  <\/div>\n                <\/div>\n              <\/div>\n            <\/div>\n          <\/div>\n          <div class=\"h-column h-column-container d-flex h-col-lg-auto h-col-md-auto h-col-auto style-1394-outer style-local-1500-c16-outer\">\n            <div data-colibri-id=\"1500-c16\" class=\"d-flex h-flex-basis h-column__inner h-ui-empty-state-container h-px-lg-2 h-px-md-2 h-px-2 v-inner-lg-2 v-inner-md-2 v-inner-2 style-1394 style-local-1500-c16 position-relative\">\n              <!---->\n              <!---->\n              <div class=\"w-100 h-y-container h-column__content h-column__v-align flex-basis-100\">\n                <!---->\n              <\/div>\n            <\/div>\n          <\/div>\n        <\/div>\n      <\/div>\n      <div data-colibri-id=\"1500-c11\" class=\"h-row-container gutters-row-lg-2 gutters-row-md-2 gutters-row-0 gutters-row-v-lg-2 gutters-row-v-md-2 gutters-row-v-2 style-1389 style-local-1500-c11 position-relative\">\n        <!---->\n        <div class=\"h-row justify-content-lg-center justify-content-md-center justify-content-center align-items-lg-stretch align-items-md-stretch align-items-stretch gutters-col-lg-2 gutters-col-md-2 gutters-col-0 gutters-col-v-lg-2 gutters-col-v-md-2 gutters-col-v-2\">\n          <!---->\n          <div class=\"h-column h-column-container d-flex h-col-lg-auto h-col-md-auto h-col-auto style-1390-outer style-local-1500-c12-outer\">\n            <div data-colibri-id=\"1500-c12\" class=\"d-flex h-flex-basis h-column__inner h-px-lg-2 h-px-md-2 h-px-2 v-inner-lg-2 v-inner-md-2 v-inner-2 style-1390 style-local-1500-c12 position-relative\">\n              <!---->\n              <!---->\n              <div class=\"w-100 h-y-container h-column__content h-column__v-align flex-basis-100 align-self-lg-start align-self-md-start align-self-start\">\n                <!---->\n                <div data-colibri-id=\"1500-c19\" class=\"h-text h-text-component style-1397 style-local-1500-c19 position-relative h-element\">\n                  <!---->\n                  <!---->\n                  <div class=\"\">\n                    <p>PROJEKTE EFFIZIENT UMSETZEN<\/p>\n                  <\/div>\n                <\/div>\n              <\/div>\n            <\/div>\n          <\/div>\n          <div class=\"h-column h-column-container d-flex h-col-lg-auto h-col-md-auto h-col-auto style-1391-outer style-local-1500-c13-outer\">\n            <div data-colibri-id=\"1500-c13\" class=\"d-flex h-flex-basis h-column__inner h-ui-empty-state-container h-px-lg-2 h-px-md-2 h-px-2 v-inner-lg-2 v-inner-md-2 v-inner-2 style-1391 style-local-1500-c13 position-relative\">\n              <!---->\n              <!---->\n              <div class=\"w-100 h-y-container h-column__content h-column__v-align flex-basis-100\">\n                <!---->\n              <\/div>\n            <\/div>\n          <\/div>\n        <\/div>\n      <\/div>\n      <div data-colibri-id=\"1500-c20\" class=\"h-row-container gutters-row-lg-2 gutters-row-md-2 gutters-row-0 gutters-row-v-lg-2 gutters-row-v-md-2 gutters-row-v-2 style-1398 style-local-1500-c20 position-relative\">\n        <!---->\n        <div class=\"h-row justify-content-lg-center justify-content-md-center justify-content-center align-items-lg-stretch align-items-md-stretch align-items-stretch gutters-col-lg-2 gutters-col-md-2 gutters-col-0 gutters-col-v-lg-2 gutters-col-v-md-2 gutters-col-v-2\">\n          <!---->\n          <div class=\"h-column h-column-container d-flex h-col-lg-auto h-col-md-auto h-col-auto style-1399-outer style-local-1500-c21-outer\">\n            <div data-colibri-id=\"1500-c21\" class=\"d-flex h-flex-basis h-column__inner h-px-lg-2 h-px-md-2 h-px-2 v-inner-lg-2 v-inner-md-2 v-inner-2 style-1399 style-local-1500-c21 position-relative\">\n              <!---->\n              <!---->\n              <div class=\"w-100 h-y-container h-column__content h-column__v-align flex-basis-100 align-self-lg-start align-self-md-start align-self-start\">\n                <!---->\n                <div data-colibri-id=\"1500-c23\" class=\"h-text h-text-component style-1401 style-local-1500-c23 position-relative h-element\">\n                  <!---->\n                  <!---->\n                  <div class=\"\">\n                    <p>Taskforce: EA Ruby ist Partner der Taskforce. In der Soziet\u00e4t finden sich auch digitale Dirigenten. <\/p>\n                    <p> <\/p>\n                    <p>taskforce ist Premiumanbieter f\u00fcr tempor\u00e4res Management und als Soziet\u00e4t auf die Vermittlung erstklassiger Interim Manager spezialisiert. Ob interimistisches Linien- oder Projektmanagement \u2013 wir bieten wirksame Managementl\u00f6sungen f\u00fcr\n                      alle&nbsp;Branchen&nbsp;und&nbsp;Funktionen.<\/p>\n                    <p>Die spezifischen Anforderungen unserer Mandanten erf\u00fcllen wir mit einer handverlesenen Selektion hervorragender INTERIM EXECUTIVES und einem breiten Angebot qualifizierter INTERIM EXPERTS.<\/p>\n                  <\/div>\n                <\/div>\n              <\/div>\n            <\/div>\n          <\/div>\n          <div class=\"h-column h-column-container d-flex h-col-lg-auto h-col-md-auto h-col-auto style-1400-outer style-local-1500-c22-outer\">\n            <div data-colibri-id=\"1500-c22\" class=\"d-flex h-flex-basis h-column__inner h-px-lg-2 h-px-md-2 h-px-2 v-inner-lg-2 v-inner-md-2 v-inner-2 style-1400 style-local-1500-c22 position-relative\">\n              <!---->\n              <!---->\n              <div class=\"w-100 h-y-container h-column__content h-column__v-align flex-basis-100 align-self-lg-start align-self-md-start align-self-start\">\n                <!---->\n                <div data-colibri-id=\"1500-c24\" class=\"h-x-container style-1402 style-local-1500-c24 position-relative h-element\">\n                  <!---->\n                  <div class=\"h-x-container-inner style-dynamic-1500-c24-group style-1402-spacing style-local-1500-c24-spacing\"><span class=\"h-link__outer style-1403-outer style-local-1500-c25-outer d-inline-flex h-element\"><a h-use-smooth-scroll=\"true\" href=\"https:\/\/taskforce.net\"  data-colibri-id=\"1500-c25\" class=\"d-flex w-100 align-items-center h-link style-1403 style-local-1500-c25 position-relative\"><!----><span  class=\"h-svg-icon h-link__icon style-1403-icon style-local-1500-c25-icon\"><!--Icon by Icons8 Line Awesome (https:\/\/icons8.com\/line-awesome)--><svg version=\"1.1\" xmlns=\"http:\/\/www.w3.org\/2000\/svg\" xmlns:xlink=\"http:\/\/www.w3.org\/1999\/xlink\" id=\"arrow-circle-o-right\" viewBox=\"0 0 512 545.5\"><path d=\"M256 80c114.686 0 208 93.314 208 208s-93.314 208-208 208S48 402.686 48 288 141.314 80 256 80zm0 32c-97.392 0-176 78.608-176 176s78.608 176 176 176 176-78.608 176-176-78.608-176-176-176zm11.5 73.5l91 91L370 288l-11.5 11.5-91 91-23-22.5 64-64H144v-32h164.5l-64-64z\"><\/path><\/svg><\/span>                    <span>Taskforce<\/span><\/a>\n                    <\/span>\n                  <\/div>\n                <\/div>\n              <\/div>\n            <\/div>\n          <\/div>\n        <\/div>\n      <\/div>\n    <\/div>\n  <\/div>\n<\/div>","protected":false},"excerpt":{"rendered":"<p>ESSENTIAL ARCHIVE SOLUTION TEMPOR\u00c4RE MANAGEMENT RESSOURCEN DIGITALE DIRIGENTEN UND BOOSTER PROJEKTE EFFIZIENT UMSETZEN Taskforce: EA Ruby ist Partner der Taskforce. In der Soziet\u00e4t finden sich auch digitale Dirigenten. taskforce ist Premiumanbieter f\u00fcr tempor\u00e4res Management und als Soziet\u00e4t auf die Vermittlung erstklassiger Interim Manager spezialisiert. Ob interimistisches Linien- oder Projektmanagement \u2013 wir bieten wirksame Managementl\u00f6sungen f\u00fcr [&hellip;]<\/p>\n","protected":false},"author":1,"featured_media":0,"parent":0,"menu_order":0,"comment_status":"closed","ping_status":"closed","template":"page-templates\/full-width-page.php","meta":{"footnotes":""},"class_list":["post-1500","page","type-page","status-publish","hentry"],"_links":{"self":[{"href":"https:\/\/earuby.com\/index.php?rest_route=\/wp\/v2\/pages\/1500","targetHints":{"allow":["GET"]}}],"collection":[{"href":"https:\/\/earuby.com\/index.php?rest_route=\/wp\/v2\/pages"}],"about":[{"href":"https:\/\/earuby.com\/index.php?rest_route=\/wp\/v2\/types\/page"}],"author":[{"embeddable":true,"href":"https:\/\/earuby.com\/index.php?rest_route=\/wp\/v2\/users\/1"}],"replies":[{"embeddable":true,"href":"https:\/\/earuby.com\/index.php?rest_route=%2Fwp%2Fv2%2Fcomments&post=1500"}],"version-history":[{"count":1,"href":"https:\/\/earuby.com\/index.php?rest_route=\/wp\/v2\/pages\/1500\/revisions"}],"predecessor-version":[{"id":1503,"href":"https:\/\/earuby.com\/index.php?rest_route=\/wp\/v2\/pages\/1500\/revisions\/1503"}],"wp:attachment":[{"href":"https:\/\/earuby.com\/index.php?rest_route=%2Fwp%2Fv2%2Fmedia&parent=1500"}],"curies":[{"name":"wp","href":"https:\/\/api.w.org\/{rel}","templated":true}]}}