{"id":1553,"date":"2021-12-29T10:30:36","date_gmt":"2021-12-29T08:30:36","guid":{"rendered":"https:\/\/earuby.com\/?page_id=1553"},"modified":"2021-12-29T10:52:30","modified_gmt":"2021-12-29T08:52:30","slug":"ea-deltapm4b","status":"publish","type":"page","link":"https:\/\/earuby.com\/?page_id=1553","title":{"rendered":"EA DELTAPM4B"},"content":{"rendered":"<div data-colibri-id=\"1553-c1\" class=\"style-1480 style-local-1553-c1 position-relative\">\n  <!---->\n  <div data-colibri-component=\"section\" data-colibri-id=\"1553-c2\" id=\"custom\" class=\"h-section h-section-global-spacing d-flex align-items-lg-center align-items-md-center align-items-center style-1481 style-local-1553-c2 position-relative\">\n    <!---->\n    <!---->\n    <div class=\"h-section-grid-container h-section-boxed-container\">\n      <!---->\n      <div data-colibri-id=\"1553-c3\" class=\"h-row-container gutters-row-lg-2 gutters-row-md-2 gutters-row-0 gutters-row-v-lg-2 gutters-row-v-md-2 gutters-row-v-2 style-1482 style-local-1553-c3 position-relative\">\n        <!---->\n        <div class=\"h-row justify-content-lg-center justify-content-md-center justify-content-center align-items-lg-stretch align-items-md-stretch align-items-stretch gutters-col-lg-2 gutters-col-md-2 gutters-col-0 gutters-col-v-lg-2 gutters-col-v-md-2 gutters-col-v-2\">\n          <!---->\n          <div class=\"h-column h-column-container d-flex h-col-lg-auto h-col-md-auto h-col-auto style-1483-outer style-local-1553-c4-outer\">\n            <div data-colibri-id=\"1553-c4\" class=\"d-flex h-flex-basis h-column__inner h-px-lg-2 h-px-md-2 h-px-2 v-inner-lg-2 v-inner-md-2 v-inner-2 style-1483 style-local-1553-c4 position-relative\">\n              <!---->\n              <!---->\n              <div class=\"w-100 h-y-container h-column__content h-column__v-align flex-basis-100 align-self-lg-center align-self-md-center align-self-center\">\n                <!---->\n                <div data-colibri-id=\"1553-c5\" class=\"h-text h-text-component style-1485 style-local-1553-c5 position-relative h-element\">\n                  <!---->\n                  <!---->\n                  <div class=\"\">\n                    <p>ESSENTIAL ARCHIVE SOLUTION<\/p>\n                  <\/div>\n                <\/div>\n              <\/div>\n            <\/div>\n          <\/div>\n          <div class=\"h-column h-column-container d-flex h-col-lg-auto h-col-md-auto h-col-auto style-1484-outer style-local-1553-c6-outer\">\n            <div data-colibri-id=\"1553-c6\" class=\"d-flex h-flex-basis h-column__inner h-px-lg-2 h-px-md-2 h-px-2 v-inner-lg-2 v-inner-md-2 v-inner-2 style-1484 style-local-1553-c6 position-relative\">\n              <!---->\n              <!---->\n              <div class=\"w-100 h-y-container h-column__content h-column__v-align flex-basis-100 align-self-lg-start align-self-md-start align-self-start\">\n                <!---->\n                <div data-colibri-id=\"1553-c7\" class=\"d-block style-1486 style-local-1553-c7 position-relative h-element\">\n                  <!---->\n                  <div class=\"h-image__frame-container-outer\">\n                    <div class=\"h-image__frame-container\">\n                      <!---->\n                      <!---->\n                      <img loading=\"lazy\" decoding=\"async\" width=\"687\" height=\"714\" src=\"https:\/\/earuby.com\/wp-content\/uploads\/2021\/12\/DELTA-PM4B-LOGO-FREIGESTELLT.png\" class=\"wp-image-1555 style-1486-image style-local-1553-c7-image\" alt=\"\" srcset=\"https:\/\/earuby.com\/wp-content\/uploads\/2021\/12\/DELTA-PM4B-LOGO-FREIGESTELLT.png 687w, https:\/\/earuby.com\/wp-content\/uploads\/2021\/12\/DELTA-PM4B-LOGO-FREIGESTELLT-289x300.png 289w\" sizes=\"auto, (max-width: 687px) 100vw, 687px\" \/>\n                      <div class=\"h-image__frame h-hide-lg h-hide-md h-hide-sm style-1486-frameImage style-local-1553-c7-frameImage\"><\/div>\n                    <\/div>\n                  <\/div>\n                <\/div>\n              <\/div>\n            <\/div>\n          <\/div>\n        <\/div>\n      <\/div>\n      <div data-colibri-id=\"1553-c8\" class=\"h-row-container gutters-row-lg-2 gutters-row-md-2 gutters-row-0 gutters-row-v-lg-2 gutters-row-v-md-2 gutters-row-v-2 style-1490 style-local-1553-c8 position-relative\">\n        <!---->\n        <div class=\"h-row justify-content-lg-center justify-content-md-center justify-content-center align-items-lg-stretch align-items-md-stretch align-items-stretch gutters-col-lg-2 gutters-col-md-2 gutters-col-0 gutters-col-v-lg-2 gutters-col-v-md-2 gutters-col-v-2\">\n          <!---->\n          <div class=\"h-column h-column-container d-flex h-col-lg-auto h-col-md-auto h-col-auto style-1491-outer style-local-1553-c9-outer\">\n            <div data-colibri-id=\"1553-c9\" class=\"d-flex h-flex-basis h-column__inner h-px-lg-2 h-px-md-2 h-px-2 v-inner-lg-2 v-inner-md-2 v-inner-2 style-1491 style-local-1553-c9 position-relative\">\n              <!---->\n              <!---->\n              <div class=\"w-100 h-y-container h-column__content h-column__v-align flex-basis-100 align-self-lg-start align-self-md-start align-self-start\">\n                <!---->\n                <div data-colibri-id=\"1553-c10\" class=\"h-text h-text-component style-1493 style-local-1553-c10 position-relative h-element\">\n                  <!---->\n                  <!---->\n                  <div class=\"\">\n                    <p>PROJEKTE EFFIZIENT UMSETZEN<\/p>\n                  <\/div>\n                <\/div>\n              <\/div>\n            <\/div>\n          <\/div>\n          <div class=\"h-column h-column-container d-flex h-col-lg-auto h-col-md-auto h-col-auto style-1492-outer style-local-1553-c11-outer\">\n            <div data-colibri-id=\"1553-c11\" class=\"d-flex h-flex-basis h-column__inner h-ui-empty-state-container h-px-lg-2 h-px-md-2 h-px-2 v-inner-lg-2 v-inner-md-2 v-inner-2 style-1492 style-local-1553-c11 position-relative\">\n              <!---->\n              <!---->\n              <div class=\"w-100 h-y-container h-column__content h-column__v-align flex-basis-100\">\n                <!---->\n              <\/div>\n            <\/div>\n          <\/div>\n        <\/div>\n      <\/div>\n      <div data-colibri-id=\"1553-c12\" class=\"h-row-container gutters-row-lg-2 gutters-row-md-2 gutters-row-0 gutters-row-v-lg-2 gutters-row-v-md-2 gutters-row-v-2 style-1487 style-local-1553-c12 position-relative\">\n        <!---->\n        <div class=\"h-row justify-content-lg-center justify-content-md-center justify-content-center align-items-lg-stretch align-items-md-stretch align-items-stretch gutters-col-lg-2 gutters-col-md-2 gutters-col-0 gutters-col-v-lg-2 gutters-col-v-md-2 gutters-col-v-2\">\n          <!---->\n          <div class=\"h-column h-column-container d-flex h-col-lg-auto h-col-md-auto h-col-auto style-1488-outer style-local-1553-c13-outer\">\n            <div data-colibri-id=\"1553-c13\" class=\"d-flex h-flex-basis h-column__inner h-px-lg-2 h-px-md-2 h-px-2 v-inner-lg-2 v-inner-md-2 v-inner-2 style-1488 style-local-1553-c13 position-relative\">\n              <!---->\n              <!---->\n              <div class=\"w-100 h-y-container h-column__content h-column__v-align flex-basis-100 align-self-lg-start align-self-md-start align-self-start\">\n                <!---->\n                <div data-colibri-id=\"1553-c14\" class=\"h-text h-text-component style-1494 style-local-1553-c14 position-relative h-element\">\n                  <!---->\n                  <!---->\n                  <div class=\"\">\n                    <p>DELTA-PM4B ist das mittelstandsgerechte, einfach zu handhabende auf Excel Basis entwickelte Softwaretool um Projekte zu organisieren und zu kontrollieren.<\/p>\n                    <p>Das Projektplanungstool PPLAN erlaubt die Ressourcenplanung auf Arbeitspaketen und auf monatlicher Basis. PMASTER erm\u00f6glicht die Multiprojektplanung mit Detektion kritischer Ressourcen. Es erm\u00f6glicht Auswertungen auf Projektebene,\n                      Abteilungsebene, individueller Ebene mit hoher Aussagekraft und der M\u00f6glichkeit der fr\u00fchzeitigen Konfliktbehebung.<\/p>\n                    <p>Projekte k\u00f6nnen im Hybridmodus geplant werden und im PMASTER konsolidiert werden, d.h. f\u00fcr die Planung der Projekte k\u00f6nnen unterschiedliche Werkzeuge, wie z.B. Lynx, Microsoft Project oder andere im \u201emixed-Mode\u201c verwendet werden.<\/p>\n                    <p>Eine Vielzahl von Templates und Vorlagen f\u00fcr begleitende Dokumente stehen zur Verf\u00fcgung. DELTA-PM4B ist kosteng\u00fcnstig und erfordert nur wenige Stunden Einarbeitung.<\/p>\n                    <p>\n                      <br>\n                    <\/p>\n                  <\/div>\n                <\/div>\n              <\/div>\n            <\/div>\n          <\/div>\n          <div class=\"h-column h-column-container d-flex h-col-lg-auto h-col-md-auto h-col-auto style-1489-outer style-local-1553-c15-outer\">\n            <div data-colibri-id=\"1553-c15\" class=\"d-flex h-flex-basis h-column__inner h-px-lg-2 h-px-md-2 h-px-2 v-inner-lg-2 v-inner-md-2 v-inner-2 style-1489 style-local-1553-c15 position-relative\">\n              <!---->\n              <!---->\n              <div class=\"w-100 h-y-container h-column__content h-column__v-align flex-basis-100 align-self-lg-start align-self-md-start align-self-start\">\n                <!---->\n                <div data-colibri-id=\"1553-c16\" class=\"h-x-container style-1495 style-local-1553-c16 position-relative h-element\">\n                  <!---->\n                  <div class=\"h-x-container-inner style-dynamic-1553-c16-group style-1495-spacing style-local-1553-c16-spacing\"><span class=\"h-link__outer style-1496-outer style-local-1553-c17-outer d-inline-flex h-element\"><a h-use-smooth-scroll=\"true\" href=\"https:\/\/delta-pm4b.com\"  data-colibri-id=\"1553-c17\" class=\"d-flex w-100 align-items-center h-link style-1496 style-local-1553-c17 position-relative\"><!----><span  class=\"h-svg-icon h-link__icon style-1496-icon style-local-1553-c17-icon\"><!--Icon by Icons8 Line Awesome (https:\/\/icons8.com\/line-awesome)--><svg version=\"1.1\" xmlns=\"http:\/\/www.w3.org\/2000\/svg\" xmlns:xlink=\"http:\/\/www.w3.org\/1999\/xlink\" id=\"arrow-circle-o-right\" viewBox=\"0 0 512 545.5\"><path d=\"M256 80c114.686 0 208 93.314 208 208s-93.314 208-208 208S48 402.686 48 288 141.314 80 256 80zm0 32c-97.392 0-176 78.608-176 176s78.608 176 176 176 176-78.608 176-176-78.608-176-176-176zm11.5 73.5l91 91L370 288l-11.5 11.5-91 91-23-22.5 64-64H144v-32h164.5l-64-64z\"><\/path><\/svg><\/span>                    <span>DELTA-PM4B Produkt<\/span><\/a>\n                    <\/span><span class=\"h-link__outer style-1497-outer style-local-1553-c18-outer d-inline-flex h-element\"><a h-use-smooth-scroll=\"true\" href=\"https:\/\/earuby.com\/?page_id=711\"  data-colibri-id=\"1553-c18\" class=\"d-flex w-100 align-items-center h-link style-1497 style-local-1553-c18 position-relative\"><!----><span  class=\"h-svg-icon h-link__icon style-1497-icon style-local-1553-c18-icon\"><!--Icon by Icons8 Line Awesome (https:\/\/icons8.com\/line-awesome)--><svg version=\"1.1\" xmlns=\"http:\/\/www.w3.org\/2000\/svg\" xmlns:xlink=\"http:\/\/www.w3.org\/1999\/xlink\" id=\"arrow-circle-o-right\" viewBox=\"0 0 512 545.5\"><path d=\"M256 80c114.686 0 208 93.314 208 208s-93.314 208-208 208S48 402.686 48 288 141.314 80 256 80zm0 32c-97.392 0-176 78.608-176 176s78.608 176 176 176 176-78.608 176-176-78.608-176-176-176zm11.5 73.5l91 91L370 288l-11.5 11.5-91 91-23-22.5 64-64H144v-32h164.5l-64-64z\"><\/path><\/svg><\/span>                    <span>PMO<\/span><\/a>\n                    <\/span>\n                  <\/div>\n                <\/div>\n              <\/div>\n            <\/div>\n          <\/div>\n        <\/div>\n      <\/div>\n    <\/div>\n  <\/div>\n<\/div>","protected":false},"excerpt":{"rendered":"<p>ESSENTIAL ARCHIVE SOLUTION PROJEKTE EFFIZIENT UMSETZEN DELTA-PM4B ist das mittelstandsgerechte, einfach zu handhabende auf Excel Basis entwickelte Softwaretool um Projekte zu organisieren und zu kontrollieren. Das Projektplanungstool PPLAN erlaubt die Ressourcenplanung auf Arbeitspaketen und auf monatlicher Basis. PMASTER erm\u00f6glicht die Multiprojektplanung mit Detektion kritischer Ressourcen. Es erm\u00f6glicht Auswertungen auf Projektebene, Abteilungsebene, individueller Ebene mit hoher [&hellip;]<\/p>\n","protected":false},"author":1,"featured_media":0,"parent":0,"menu_order":0,"comment_status":"closed","ping_status":"closed","template":"page-templates\/full-width-page.php","meta":{"footnotes":""},"class_list":["post-1553","page","type-page","status-publish","hentry"],"_links":{"self":[{"href":"https:\/\/earuby.com\/index.php?rest_route=\/wp\/v2\/pages\/1553","targetHints":{"allow":["GET"]}}],"collection":[{"href":"https:\/\/earuby.com\/index.php?rest_route=\/wp\/v2\/pages"}],"about":[{"href":"https:\/\/earuby.com\/index.php?rest_route=\/wp\/v2\/types\/page"}],"author":[{"embeddable":true,"href":"https:\/\/earuby.com\/index.php?rest_route=\/wp\/v2\/users\/1"}],"replies":[{"embeddable":true,"href":"https:\/\/earuby.com\/index.php?rest_route=%2Fwp%2Fv2%2Fcomments&post=1553"}],"version-history":[{"count":2,"href":"https:\/\/earuby.com\/index.php?rest_route=\/wp\/v2\/pages\/1553\/revisions"}],"predecessor-version":[{"id":1564,"href":"https:\/\/earuby.com\/index.php?rest_route=\/wp\/v2\/pages\/1553\/revisions\/1564"}],"wp:attachment":[{"href":"https:\/\/earuby.com\/index.php?rest_route=%2Fwp%2Fv2%2Fmedia&parent=1553"}],"curies":[{"name":"wp","href":"https:\/\/api.w.org\/{rel}","templated":true}]}}