{"id":1617,"date":"2021-12-29T12:23:19","date_gmt":"2021-12-29T10:23:19","guid":{"rendered":"https:\/\/earuby.com\/?page_id=1617"},"modified":"2021-12-29T12:36:40","modified_gmt":"2021-12-29T10:36:40","slug":"ea-westtrax","status":"publish","type":"page","link":"https:\/\/earuby.com\/?page_id=1617","title":{"rendered":"EA WESTTRAX"},"content":{"rendered":"<div data-colibri-id=\"1617-c1\" class=\"style-1565 style-local-1617-c1 position-relative\">\n  <!---->\n  <div data-colibri-component=\"section\" data-colibri-id=\"1617-c2\" id=\"custom\" class=\"h-section h-section-global-spacing d-flex align-items-lg-center align-items-md-center align-items-center style-1566 style-local-1617-c2 position-relative\">\n    <!---->\n    <!---->\n    <div class=\"h-section-grid-container h-section-boxed-container\">\n      <!---->\n      <div data-colibri-id=\"1617-c3\" class=\"h-row-container gutters-row-lg-2 gutters-row-md-2 gutters-row-0 gutters-row-v-lg-2 gutters-row-v-md-2 gutters-row-v-2 style-1567 style-local-1617-c3 position-relative\">\n        <!---->\n        <div class=\"h-row justify-content-lg-center justify-content-md-center justify-content-center align-items-lg-stretch align-items-md-stretch align-items-stretch gutters-col-lg-2 gutters-col-md-2 gutters-col-0 gutters-col-v-lg-2 gutters-col-v-md-2 gutters-col-v-2\">\n          <!---->\n          <div class=\"h-column h-column-container d-flex h-col-lg-auto h-col-md-auto h-col-auto style-1568-outer style-local-1617-c4-outer\">\n            <div data-colibri-id=\"1617-c4\" class=\"d-flex h-flex-basis h-column__inner h-px-lg-2 h-px-md-2 h-px-2 v-inner-lg-2 v-inner-md-2 v-inner-2 style-1568 style-local-1617-c4 position-relative\">\n              <!---->\n              <!---->\n              <div class=\"w-100 h-y-container h-column__content h-column__v-align flex-basis-100 align-self-lg-center align-self-md-center align-self-center\">\n                <!---->\n                <div data-colibri-id=\"1617-c6\" class=\"h-text h-text-component style-1570 style-local-1617-c6 position-relative h-element\">\n                  <!---->\n                  <!---->\n                  <div class=\"\">\n                    <p>ESSENTIAL ARCHIV SOLUTION<\/p>\n                  <\/div>\n                <\/div>\n              <\/div>\n            <\/div>\n          <\/div>\n          <div class=\"h-column h-column-container d-flex h-col-lg-auto h-col-md-auto h-col-auto style-1569-outer style-local-1617-c5-outer\">\n            <div data-colibri-id=\"1617-c5\" class=\"d-flex h-flex-basis h-column__inner h-px-lg-2 h-px-md-2 h-px-2 v-inner-lg-2 v-inner-md-2 v-inner-2 style-1569 style-local-1617-c5 position-relative\">\n              <!---->\n              <!---->\n              <div class=\"w-100 h-y-container h-column__content h-column__v-align flex-basis-100 align-self-lg-start align-self-md-start align-self-start\">\n                <!---->\n                <div data-colibri-id=\"1617-c7\" class=\"d-block style-1571 style-local-1617-c7 position-relative h-element\">\n                  <!---->\n                  <div class=\"h-image__frame-container-outer\">\n                    <a href=\"https:\/\/www.westtrax.com\/en\/\" h-use-smooth-scroll=\"true\" class=\"image-link\">\n                      <div class=\"h-image__frame-container\">\n                        <!---->\n                        <!---->\n                        <img loading=\"lazy\" decoding=\"async\" width=\"491\" height=\"107\" src=\"https:\/\/earuby.com\/wp-content\/uploads\/2021\/12\/WESTTRAX-W.png\" class=\"wp-image-1619 style-1571-image style-local-1617-c7-image\" alt=\"\" srcset=\"https:\/\/earuby.com\/wp-content\/uploads\/2021\/12\/WESTTRAX-W.png 491w, https:\/\/earuby.com\/wp-content\/uploads\/2021\/12\/WESTTRAX-W-300x65.png 300w\" sizes=\"auto, (max-width: 491px) 100vw, 491px\" \/>\n                        <div class=\"h-image__frame h-hide-lg h-hide-md h-hide-sm style-1571-frameImage style-local-1617-c7-frameImage\"><\/div>\n                      <\/div>\n                    <\/a>\n                  <\/div>\n                <\/div>\n              <\/div>\n            <\/div>\n          <\/div>\n        <\/div>\n      <\/div>\n      <div data-colibri-id=\"1617-c8\" class=\"h-row-container gutters-row-lg-2 gutters-row-md-2 gutters-row-0 gutters-row-v-lg-2 gutters-row-v-md-2 gutters-row-v-2 style-1572 style-local-1617-c8 position-relative\">\n        <!---->\n        <div class=\"h-row justify-content-lg-center justify-content-md-center justify-content-center align-items-lg-stretch align-items-md-stretch align-items-stretch gutters-col-lg-2 gutters-col-md-2 gutters-col-0 gutters-col-v-lg-2 gutters-col-v-md-2 gutters-col-v-2\">\n          <!---->\n          <div class=\"h-column h-column-container d-flex h-col-lg-auto h-col-md-auto h-col-auto style-1573-outer style-local-1617-c9-outer\">\n            <div data-colibri-id=\"1617-c9\" class=\"d-flex h-flex-basis h-column__inner h-px-lg-2 h-px-md-2 h-px-2 v-inner-lg-2 v-inner-md-2 v-inner-2 style-1573 style-local-1617-c9 position-relative\">\n              <!---->\n              <!---->\n              <div class=\"w-100 h-y-container h-column__content h-column__v-align flex-basis-100 align-self-lg-start align-self-md-start align-self-start\">\n                <!---->\n                <div data-colibri-id=\"1617-c20\" class=\"h-text h-text-component style-1584 style-local-1617-c20 position-relative h-element\">\n                  <!---->\n                  <!---->\n                  <div class=\"\">\n                    <p>ERP MITTELSTAND<\/p>\n                  <\/div>\n                <\/div>\n              <\/div>\n            <\/div>\n          <\/div>\n          <div class=\"h-column h-column-container d-flex h-col-lg-auto h-col-md-auto h-col-auto style-1574-outer style-local-1617-c10-outer\">\n            <div data-colibri-id=\"1617-c10\" class=\"d-flex h-flex-basis h-column__inner h-ui-empty-state-container h-px-lg-2 h-px-md-2 h-px-2 v-inner-lg-2 v-inner-md-2 v-inner-2 style-1574 style-local-1617-c10 position-relative\">\n              <!---->\n              <!---->\n              <div class=\"w-100 h-y-container h-column__content h-column__v-align flex-basis-100\">\n                <!---->\n              <\/div>\n            <\/div>\n          <\/div>\n        <\/div>\n      <\/div>\n      <div data-colibri-id=\"1617-c17\" class=\"h-row-container gutters-row-lg-2 gutters-row-md-2 gutters-row-0 gutters-row-v-lg-2 gutters-row-v-md-2 gutters-row-v-2 style-1581 style-local-1617-c17 position-relative\">\n        <!---->\n        <div class=\"h-row justify-content-lg-center justify-content-md-center justify-content-center align-items-lg-stretch align-items-md-stretch align-items-stretch gutters-col-lg-2 gutters-col-md-2 gutters-col-0 gutters-col-v-lg-2 gutters-col-v-md-2 gutters-col-v-2\">\n          <!---->\n          <div class=\"h-column h-column-container d-flex h-col-lg-auto h-col-md-auto h-col-auto style-1582-outer style-local-1617-c18-outer\">\n            <div data-colibri-id=\"1617-c18\" class=\"d-flex h-flex-basis h-column__inner h-px-lg-2 h-px-md-2 h-px-2 v-inner-lg-2 v-inner-md-2 v-inner-2 style-1582 style-local-1617-c18 position-relative\">\n              <!---->\n              <!---->\n              <div class=\"w-100 h-y-container h-column__content h-column__v-align flex-basis-100 align-self-lg-start align-self-md-start align-self-start\">\n                <!---->\n                <div data-colibri-id=\"1617-c21\" class=\"h-text h-text-component style-1585 style-local-1617-c21 position-relative h-element\">\n                  <!---->\n                  <!---->\n                  <div class=\"\">\n                    <p>SAP ist ein weit verbreitetes ERP System im Mittelstand. Und die meisten Unternehmen haben ihr SAP seit der Einf\u00fchrung kontinuierlich weiterentwickelt. Im Schnitt sind mehr als 45% der Anwendungen in SAP Systemen Eigenentwicklungen.\n                      Dabei werden durchschnittlich mehr als 70% dieser Eigenentwicklungen nicht mehr genutzt oder sind massiv veraltet! Ca. 30% dieser Eigenentwicklungen k\u00f6nnten heute durch den vorhandenen SAP Standard ersetzt werden.<\/p>\n                    <p>Die SAP KPIs erm\u00f6glichen die digitale Transformation des SAP Systems.<\/p>\n                    <p>\n                      <br>\n                    <\/p>\n                    <p>EA Ruby ist Partner von West Trax und bringt seine Digitalisierungsexpertise mit.<\/p>\n                    <p>Damit erg\u00e4nzt EA Ruby sein Portfolio, um Optimierungspotenziale im Mittelstand zu entdecken und zu heben.<\/p>\n                    <p>Die eingesparten Kosten stehen wiederum der digitalen Transformation zur Verf\u00fcgung.<\/p>\n                    <p>Gerne ber\u00e4t EA Ruby \u00fcber die M\u00f6glichkeiten, die West Trax f\u00fcr Sie bietet.<\/p>\n                  <\/div>\n                <\/div>\n              <\/div>\n            <\/div>\n          <\/div>\n          <div class=\"h-column h-column-container d-flex h-col-lg-auto h-col-md-auto h-col-auto style-1583-outer style-local-1617-c19-outer\">\n            <div data-colibri-id=\"1617-c19\" class=\"d-flex h-flex-basis h-column__inner h-ui-empty-state-container h-px-lg-2 h-px-md-2 h-px-2 v-inner-lg-2 v-inner-md-2 v-inner-2 style-1583 style-local-1617-c19 position-relative\">\n              <!---->\n              <!---->\n              <div class=\"w-100 h-y-container h-column__content h-column__v-align flex-basis-100\">\n                <!---->\n              <\/div>\n            <\/div>\n          <\/div>\n        <\/div>\n      <\/div>\n      <div data-colibri-id=\"1617-c14\" class=\"h-row-container gutters-row-lg-2 gutters-row-md-2 gutters-row-0 gutters-row-v-lg-2 gutters-row-v-md-2 gutters-row-v-2 style-1578 style-local-1617-c14 position-relative\">\n        <!---->\n        <div class=\"h-row justify-content-lg-center justify-content-md-center justify-content-center align-items-lg-stretch align-items-md-stretch align-items-stretch gutters-col-lg-2 gutters-col-md-2 gutters-col-0 gutters-col-v-lg-2 gutters-col-v-md-2 gutters-col-v-2\">\n          <!---->\n          <div class=\"h-column h-column-container d-flex h-col-lg-auto h-col-md-auto h-col-auto style-1579-outer style-local-1617-c15-outer\">\n            <div data-colibri-id=\"1617-c15\" class=\"d-flex h-flex-basis h-column__inner h-px-lg-2 h-px-md-2 h-px-2 v-inner-lg-2 v-inner-md-2 v-inner-2 style-1579 style-local-1617-c15 position-relative\">\n              <!---->\n              <!---->\n              <div class=\"w-100 h-y-container h-column__content h-column__v-align flex-basis-100 align-self-lg-start align-self-md-start align-self-start\">\n                <!---->\n                <div data-colibri-id=\"1617-c22\" class=\"h-x-container style-1586 style-local-1617-c22 position-relative h-element\">\n                  <!---->\n                  <div class=\"h-x-container-inner style-dynamic-1617-c22-group style-1586-spacing style-local-1617-c22-spacing\"><span class=\"h-link__outer style-1587-outer style-local-1617-c23-outer d-inline-flex h-element\"><a h-use-smooth-scroll=\"true\" href=\"https:\/\/earuby.com\/?page_id=110\"  data-colibri-id=\"1617-c23\" class=\"d-flex w-100 align-items-center h-link style-1587 style-local-1617-c23 position-relative\"><!----><span  class=\"h-svg-icon h-link__icon style-1587-icon style-local-1617-c23-icon\"><!--Icon by Socicon (http:\/\/www.socicon.com)--><svg version=\"1.1\" xmlns=\"http:\/\/www.w3.org\/2000\/svg\" viewBox=\"0 0 1500 1500\">\n\n<path d=\"M799.805 922.852c-14.648 11.719-32.227 20.508-49.805 20.508s-35.156-8.789-49.805-20.508l-700.195-571.289v899.414h1500v-899.414zM750 750c14.648 0 29.297-5.859 41.016-14.648l594.727-486.328h-1271.484l594.727 486.328c11.719 8.789 26.367 14.648 41.016 14.648z\"><\/path>\n<\/svg>\n<\/span> <span>KONTAKT<\/span><\/a>\n                    <\/span>\n                  <\/div>\n                <\/div>\n              <\/div>\n            <\/div>\n          <\/div>\n          <div class=\"h-column h-column-container d-flex h-col-lg-auto h-col-md-auto h-col-auto style-1580-outer style-local-1617-c16-outer\">\n            <div data-colibri-id=\"1617-c16\" class=\"d-flex h-flex-basis h-column__inner h-ui-empty-state-container h-px-lg-2 h-px-md-2 h-px-2 v-inner-lg-2 v-inner-md-2 v-inner-2 style-1580 style-local-1617-c16 position-relative\">\n              <!---->\n              <!---->\n              <div class=\"w-100 h-y-container h-column__content h-column__v-align flex-basis-100\">\n                <!---->\n              <\/div>\n            <\/div>\n          <\/div>\n        <\/div>\n      <\/div>\n      <div data-colibri-id=\"1617-c11\" class=\"h-row-container gutters-row-lg-2 gutters-row-md-2 gutters-row-0 gutters-row-v-lg-2 gutters-row-v-md-2 gutters-row-v-2 style-1575 style-local-1617-c11 position-relative\">\n        <!---->\n        <div class=\"h-row justify-content-lg-center justify-content-md-center justify-content-center align-items-lg-stretch align-items-md-stretch align-items-stretch gutters-col-lg-2 gutters-col-md-2 gutters-col-0 gutters-col-v-lg-2 gutters-col-v-md-2 gutters-col-v-2\">\n          <!---->\n          <div class=\"h-column h-column-container d-flex h-col-lg-auto h-col-md-auto h-col-auto style-1576-outer style-local-1617-c12-outer\">\n            <div data-colibri-id=\"1617-c12\" class=\"d-flex h-flex-basis h-column__inner h-px-lg-2 h-px-md-2 h-px-2 v-inner-lg-2 v-inner-md-2 v-inner-2 style-1576 style-local-1617-c12 position-relative\">\n              <!---->\n              <!---->\n              <div class=\"w-100 h-y-container h-column__content h-column__v-align flex-basis-100 align-self-lg-start align-self-md-start align-self-start\">\n                <!---->\n                <div data-colibri-id=\"1617-c24\" class=\"h-x-container style-1588 style-local-1617-c24 position-relative h-element\">\n                  <!---->\n                  <div class=\"h-x-container-inner style-dynamic-1617-c24-group style-1588-spacing style-local-1617-c24-spacing\"><span class=\"h-link__outer style-1589-outer style-local-1617-c25-outer d-inline-flex h-element\"><a h-use-smooth-scroll=\"true\" href=\"https:\/\/calendly.com\/a-rebetzky\/15min\" target=\"_blank\" data-colibri-id=\"1617-c25\" class=\"d-flex w-100 align-items-center h-link style-1589 style-local-1617-c25 position-relative\" rel=\"noopener\"><!----><span  class=\"h-svg-icon h-link__icon style-1589-icon style-local-1617-c25-icon\"><!--Icon by Socicon (http:\/\/www.socicon.com)--><svg version=\"1.1\" xmlns=\"http:\/\/www.w3.org\/2000\/svg\" viewBox=\"0 0 1500 1500\">\n\n<path d=\"M448.5 334.5c-130.5 0-261 0-390 0-40.5 0-57 15-57 57 0 172.5-1.5 343.5 0 516 1.5 156 109.5 259.5 265.5 259.5 250.5 0 501 0 753 0 51 0 64.5-12 64.5-61.5 0-168 0-334.5 0-502.5 0-162-105-267-267-267-124.5-3-246-1.5-369-1.5zM1500 751.5c0 0 0 0 0 0 0-120 0-241.5 0-361.5 0-18-1.5-36-19.5-45-19.5-10.5-33 4.5-46.5 13.5-1.5 1.5-4.5 3-6 4.5-94.5 76.5-187.5 154.5-282 231-13.5 12-21 24-19.5 42 0 79.5 0 159 0 240 0 18 6 28.5 19.5 39 58.5 45 115.5 91.5 172.5 138 40.5 33 81 66 123 96 31.5 22.5 55.5 10.5 58.5-28.5 0-9 0-18 0-25.5 0-115.5 0-229.5 0-343.5z\"><\/path>\n<\/svg>\n<\/span> <span>ZOOM MEETING<\/span><\/a>\n                    <\/span>\n                  <\/div>\n                <\/div>\n              <\/div>\n            <\/div>\n          <\/div>\n          <div class=\"h-column h-column-container d-flex h-col-lg-auto h-col-md-auto h-col-auto style-1577-outer style-local-1617-c13-outer\">\n            <div data-colibri-id=\"1617-c13\" class=\"d-flex h-flex-basis h-column__inner h-ui-empty-state-container h-px-lg-2 h-px-md-2 h-px-2 v-inner-lg-2 v-inner-md-2 v-inner-2 style-1577 style-local-1617-c13 position-relative\">\n              <!---->\n              <!---->\n              <div class=\"w-100 h-y-container h-column__content h-column__v-align flex-basis-100\">\n                <!---->\n              <\/div>\n            <\/div>\n          <\/div>\n        <\/div>\n      <\/div>\n    <\/div>\n  <\/div>\n<\/div>","protected":false},"excerpt":{"rendered":"<p>ESSENTIAL ARCHIV SOLUTION ERP MITTELSTAND SAP ist ein weit verbreitetes ERP System im Mittelstand. Und die meisten Unternehmen haben ihr SAP seit der Einf\u00fchrung kontinuierlich weiterentwickelt. Im Schnitt sind mehr als 45% der Anwendungen in SAP Systemen Eigenentwicklungen. Dabei werden durchschnittlich mehr als 70% dieser Eigenentwicklungen nicht mehr genutzt oder sind massiv veraltet! Ca. 30% [&hellip;]<\/p>\n","protected":false},"author":1,"featured_media":0,"parent":0,"menu_order":0,"comment_status":"closed","ping_status":"closed","template":"page-templates\/full-width-page.php","meta":{"footnotes":""},"class_list":["post-1617","page","type-page","status-publish","hentry"],"_links":{"self":[{"href":"https:\/\/earuby.com\/index.php?rest_route=\/wp\/v2\/pages\/1617","targetHints":{"allow":["GET"]}}],"collection":[{"href":"https:\/\/earuby.com\/index.php?rest_route=\/wp\/v2\/pages"}],"about":[{"href":"https:\/\/earuby.com\/index.php?rest_route=\/wp\/v2\/types\/page"}],"author":[{"embeddable":true,"href":"https:\/\/earuby.com\/index.php?rest_route=\/wp\/v2\/users\/1"}],"replies":[{"embeddable":true,"href":"https:\/\/earuby.com\/index.php?rest_route=%2Fwp%2Fv2%2Fcomments&post=1617"}],"version-history":[{"count":1,"href":"https:\/\/earuby.com\/index.php?rest_route=\/wp\/v2\/pages\/1617\/revisions"}],"predecessor-version":[{"id":1621,"href":"https:\/\/earuby.com\/index.php?rest_route=\/wp\/v2\/pages\/1617\/revisions\/1621"}],"wp:attachment":[{"href":"https:\/\/earuby.com\/index.php?rest_route=%2Fwp%2Fv2%2Fmedia&parent=1617"}],"curies":[{"name":"wp","href":"https:\/\/api.w.org\/{rel}","templated":true}]}}