{"id":683,"date":"2020-06-01T14:40:26","date_gmt":"2020-06-01T14:40:26","guid":{"rendered":"http:\/\/earuby.com\/?page_id=683"},"modified":"2020-08-15T12:25:02","modified_gmt":"2020-08-15T12:25:02","slug":"essentials-archive-software-development","status":"publish","type":"page","link":"https:\/\/earuby.com\/?page_id=683","title":{"rendered":"Essentials Archive Software Development"},"content":{"rendered":"<div data-colibri-id=\"683-c1\" class=\"style-581 style-local-683-c1 position-relative\">\n  <!---->\n  <div data-colibri-component=\"section\" data-colibri-id=\"683-c2\" id=\"custom\" class=\"h-section h-section-global-spacing d-flex align-items-lg-center align-items-md-center align-items-center style-582 style-local-683-c2 position-relative\">\n    <!---->\n    <!---->\n    <div class=\"h-section-grid-container h-section-boxed-container\">\n      <!---->\n      <div data-colibri-id=\"683-c19\" class=\"h-row-container gutters-row-lg-2 gutters-row-md-2 gutters-row-0 gutters-row-v-lg-2 gutters-row-v-md-2 gutters-row-v-2 style-738 style-local-683-c19 position-relative\">\n        <!---->\n        <div class=\"h-row justify-content-lg-center justify-content-md-center justify-content-center align-items-lg-stretch align-items-md-stretch align-items-stretch gutters-col-lg-2 gutters-col-md-2 gutters-col-0 gutters-col-v-lg-2 gutters-col-v-md-2 gutters-col-v-2\">\n          <!---->\n          <div class=\"h-column h-column-container d-flex h-col-lg-auto h-col-md-auto h-col-auto style-740-outer style-local-683-c21-outer\">\n            <div data-colibri-id=\"683-c21\" class=\"d-flex h-flex-basis h-column__inner h-px-lg-2 h-px-md-2 h-px-2 v-inner-lg-2 v-inner-md-2 v-inner-2 style-740 style-local-683-c21 position-relative\">\n              <!---->\n              <!---->\n              <div class=\"w-100 h-y-container h-column__content h-column__v-align flex-basis-100 align-self-lg-start align-self-md-start align-self-start\">\n                <!---->\n                <div data-colibri-id=\"683-c23\" class=\"h-text h-text-component style-743 style-local-683-c23 position-relative h-element\">\n                  <!---->\n                  <!---->\n                  <div class=\"\">\n                    <p>Digitalisierung ist Software !&nbsp;&nbsp;&nbsp; [EA20.013]\n                      <br>\n                    <\/p>\n                  <\/div>\n                <\/div>\n              <\/div>\n            <\/div>\n          <\/div>\n        <\/div>\n      <\/div>\n      <div data-colibri-id=\"683-c16\" class=\"h-row-container gutters-row-lg-2 gutters-row-md-2 gutters-row-0 gutters-row-v-lg-2 gutters-row-v-md-2 gutters-row-v-2 style-735 style-local-683-c16 position-relative\">\n        <!---->\n        <div class=\"h-row justify-content-lg-center justify-content-md-center justify-content-center align-items-lg-stretch align-items-md-stretch align-items-stretch gutters-col-lg-2 gutters-col-md-2 gutters-col-0 gutters-col-v-lg-2 gutters-col-v-md-2 gutters-col-v-2\">\n          <!---->\n          <div class=\"h-column h-column-container d-flex h-col-lg-auto h-col-md-auto h-col-auto style-737-outer style-local-683-c18-outer\">\n            <div data-colibri-id=\"683-c18\" class=\"d-flex h-flex-basis h-column__inner h-px-lg-2 h-px-md-2 h-px-2 v-inner-lg-2 v-inner-md-2 v-inner-2 style-737 style-local-683-c18 position-relative\">\n              <!---->\n              <!---->\n              <div class=\"w-100 h-y-container h-column__content h-column__v-align flex-basis-100 align-self-lg-start align-self-md-start align-self-start\">\n                <!---->\n                <div data-colibri-id=\"683-c22\" class=\"h-divider style-742 style-local-683-c22 position-relative h-element\">\n                  <!----><span class=\"h-divider__line style-742-line style-local-683-c22-line style-742-line style-local-683-c22-line\"><\/span><\/div>\n              <\/div>\n            <\/div>\n          <\/div>\n        <\/div>\n      <\/div>\n      <div data-colibri-id=\"683-c3\" class=\"h-row-container gutters-row-lg-2 gutters-row-md-2 gutters-row-0 gutters-row-v-lg-2 gutters-row-v-md-2 gutters-row-v-2 style-583 style-local-683-c3 position-relative\">\n        <!---->\n        <div class=\"h-row justify-content-lg-center justify-content-md-center justify-content-center align-items-lg-stretch align-items-md-stretch align-items-stretch gutters-col-lg-2 gutters-col-md-2 gutters-col-0 gutters-col-v-lg-2 gutters-col-v-md-2 gutters-col-v-2\">\n          <!---->\n          <div class=\"h-column h-column-container d-flex h-col-lg-auto h-col-md-auto h-col-auto style-584-outer style-local-683-c4-outer\">\n            <div data-colibri-id=\"683-c4\" class=\"d-flex h-flex-basis h-column__inner h-px-lg-2 h-px-md-2 h-px-2 v-inner-lg-2 v-inner-md-2 v-inner-2 style-584 style-local-683-c4 position-relative\">\n              <!---->\n              <!---->\n              <div class=\"w-100 h-y-container h-column__content h-column__v-align flex-basis-100 align-self-lg-start align-self-md-start align-self-start\">\n                <!---->\n                <div data-colibri-id=\"683-c5\" class=\"h-text h-text-component style-593 style-local-683-c5 position-relative h-element\">\n                  <!---->\n                  <!---->\n                  <div class=\"\">\n                    <p> Professionelle Software-Entwicklung im Mittelstand ist Bestandteil einer Digitalisierungsstrategie<\/p>\n                  <\/div>\n                <\/div>\n              <\/div>\n            <\/div>\n          <\/div>\n          <div class=\"h-column h-column-container d-flex h-col-lg-auto h-col-md-auto h-col-auto style-585-outer style-local-683-c6-outer\">\n            <div data-colibri-id=\"683-c6\" class=\"d-flex h-flex-basis h-column__inner h-px-lg-2 h-px-md-2 h-px-2 v-inner-lg-2 v-inner-md-2 v-inner-2 style-585 style-local-683-c6 position-relative\">\n              <!---->\n              <!---->\n              <div class=\"w-100 h-y-container h-column__content h-column__v-align flex-basis-100 align-self-lg-start align-self-md-start align-self-start\">\n                <!---->\n                <div data-colibri-id=\"683-c7\" class=\"h-text h-text-component style-590 style-local-683-c7 position-relative h-element\">\n                  <!---->\n                  <!---->\n                  <div class=\"\">\n                    <p>Wenn wir heute \u00fcber Digitalisierung und deren Umsetzung in Unternehmen sprechen, so basieren die L\u00f6sungen immer auf Software: Einerseits in eingesetzten Standardsoftwaresystemen, in Plattformen oder in Individualentwicklungen. Digitalisierung\n                      hat zum Ziel, das Unternehmen zu differenzieren vom Wettbewerb. Immer \u00f6fter erfordert dies Kompetenzen in der Entwicklung differenzierender Software, vielleicht innovative Apps oder intelligente IoT Algorithmen als Bestandteil einer\n                      Plattform.<\/p>\n                    <p>In den meisten Unternehmen fehlt jedoch ein strukturierter Ansatz, wie die Organsation dazu bef\u00e4higt werden kann, auf diesen Zug der Digitalisierung aufzusteigen. F\u00fcr die Unternehmensleitung ist es von essentieller Wichtigkeit zu erkennen,\n                      welche Potenziale f\u00fcr das Unternehmen durch die Entwicklung differenzierender Software bestehen und wie die Ma\u00dfnahmen dorthin aussehen k\u00f6nnen.<\/p>\n                    <p>Software ist ein strategischer Erfolgsfaktor der Unternehmen. Der EA Ruby Partner Hartmut Petters ist ausgepr\u00e4gter Experte darin.<\/p>\n                  <\/div>\n                <\/div>\n              <\/div>\n            <\/div>\n          <\/div>\n        <\/div>\n      <\/div>\n      <div data-colibri-id=\"683-c8\" class=\"h-row-container gutters-row-lg-2 gutters-row-md-2 gutters-row-0 gutters-row-v-lg-2 gutters-row-v-md-2 gutters-row-v-2 style-607 style-local-683-c8 position-relative\">\n        <!---->\n        <div class=\"h-row justify-content-lg-center justify-content-md-center justify-content-center align-items-lg-stretch align-items-md-stretch align-items-stretch gutters-col-lg-2 gutters-col-md-2 gutters-col-0 gutters-col-v-lg-2 gutters-col-v-md-2 gutters-col-v-2\">\n          <!---->\n          <div class=\"h-column h-column-container d-flex h-col-lg-auto h-col-md-auto h-col-auto style-609-outer style-local-683-c9-outer\">\n            <div data-colibri-id=\"683-c9\" class=\"d-flex h-flex-basis h-column__inner h-px-lg-2 h-px-md-2 h-px-2 v-inner-lg-2 v-inner-md-2 v-inner-2 style-609 style-local-683-c9 position-relative\">\n              <!---->\n              <!---->\n              <div class=\"w-100 h-y-container h-column__content h-column__v-align flex-basis-100 align-self-lg-start align-self-md-start align-self-start\">\n                <!---->\n                <div data-colibri-id=\"683-c10\" class=\"h-divider style-611 style-local-683-c10 position-relative h-element\">\n                  <!----><span class=\"h-divider__line style-611-line style-local-683-c10-line style-611-line style-local-683-c10-line\"><\/span><\/div>\n              <\/div>\n            <\/div>\n          <\/div>\n        <\/div>\n      <\/div>\n      <div data-colibri-id=\"683-c11\" class=\"h-row-container gutters-row-lg-2 gutters-row-md-2 gutters-row-0 gutters-row-v-lg-2 gutters-row-v-md-2 gutters-row-v-2 style-586 style-local-683-c11 position-relative\">\n        <!---->\n        <div class=\"h-row justify-content-lg-center justify-content-md-center justify-content-center align-items-lg-stretch align-items-md-stretch align-items-stretch gutters-col-lg-2 gutters-col-md-2 gutters-col-0 gutters-col-v-lg-2 gutters-col-v-md-2 gutters-col-v-2\">\n          <!---->\n          <div class=\"h-column h-column-container d-flex h-col-lg-auto h-col-md-auto h-col-auto style-587-outer style-local-683-c12-outer\">\n            <div data-colibri-id=\"683-c12\" class=\"d-flex h-flex-basis h-column__inner h-px-lg-2 h-px-md-2 h-px-2 v-inner-lg-2 v-inner-md-2 v-inner-2 style-587 style-local-683-c12 position-relative\">\n              <!---->\n              <!---->\n              <div class=\"w-100 h-y-container h-column__content h-column__v-align flex-basis-100 align-self-lg-start align-self-md-start align-self-start\">\n                <!---->\n                <div data-colibri-id=\"683-c13\" class=\"d-block style-591 style-local-683-c13 position-relative h-element\">\n                  <!---->\n                  <div class=\"h-image__frame-container-outer\">\n                    <div class=\"h-image__frame-container\">\n                      <!---->\n                      <!---->\n                      <img loading=\"lazy\" decoding=\"async\" width=\"577\" height=\"705\" src=\"http:\/\/earuby.com\/wp-content\/uploads\/2020\/06\/cropped-Hartmut-Petters.jpg\" class=\"wp-image-686 style-591-image style-local-683-c13-image\" alt=\"\" srcset=\"https:\/\/earuby.com\/wp-content\/uploads\/2020\/06\/cropped-Hartmut-Petters.jpg 577w, https:\/\/earuby.com\/wp-content\/uploads\/2020\/06\/cropped-Hartmut-Petters-246x300.jpg 246w\" sizes=\"auto, (max-width: 577px) 100vw, 577px\" \/>\n                      <div class=\"h-image__frame h-hide-lg h-hide-md h-hide-sm style-591-frameImage style-local-683-c13-frameImage\"><\/div>\n                    <\/div>\n                  <\/div>\n                <\/div>\n              <\/div>\n            <\/div>\n          <\/div>\n          <div class=\"h-column h-column-container d-flex h-col-lg-auto h-col-md-auto h-col-auto style-588-outer style-local-683-c14-outer\">\n            <div data-colibri-id=\"683-c14\" class=\"d-flex h-flex-basis h-column__inner h-px-lg-2 h-px-md-2 h-px-2 v-inner-lg-2 v-inner-md-2 v-inner-2 style-588 style-local-683-c14 position-relative\">\n              <!---->\n              <!---->\n              <div class=\"w-100 h-y-container h-column__content h-column__v-align flex-basis-100 align-self-lg-start align-self-md-start align-self-start\">\n                <!---->\n                <div data-colibri-id=\"683-c15\" class=\"h-text h-text-component style-592 style-local-683-c15 position-relative h-element\">\n                  <!---->\n                  <!---->\n                  <div class=\"\">\n                    <p>\u2026 es muss nicht \u201eAutomotive SPICE\u201c sein!<\/p>\n                    <p>Ein Beitrag von Hartmut Petters<\/p>\n                    <p>Software begleitet uns heute in allen Lebensbereichen \u2013 ob dies unsere Kaffeemaschine, unsere Waschmaschine oder unser Fahrzeug ist \u2013 in all diesen Begleitern sind heute eine Vielzahl an Mini-Computer verbaut. In einem modernen Fahrzeug\n                      sind dies bis zu 120 Mini-Computer, ohne die das Fahrzeug die Umwelt- und Sicherheitsaspekte sowie unsere Komfortfunktionen nicht umsetzen k\u00f6nnte.<\/p>\n                    <p>Trotz alledem ist die Software in vielen dieser Ger\u00e4te mangelhaft, unzureichend getestet, nicht wartbar, kaum nachvollziehbar oder adaptierbar auf neue Ger\u00e4te-Generationen.<\/p>\n                    <p>In Bereichen, in denen Sicherheits-Aspekte wie im Automobilbau, in der Flugzeugindustrie aber auch in vielen Bereichen im Maschinenbau eine 100%ig korrekte Funktion der Steuerungs-Software erfordern setzt die Software-Entwicklung auf\n                      abgesicherte Prozess-Modelle wie SPICE, die eine weitestgehende Absicherung der Software sowie die Weiterentwicklung und Pflege dieser Software und die Nachvollziehbarkeit der Entstehungs-historie sicherstellen.<\/p>\n                    <p>Getrieben durch die Sicherheitsauflagen, aber auch durch die Entwicklungskosten f\u00fcr Neuentwicklungen wurden abgestimmte Methoden und Prozesse entwickelt, die auch in angepasster Form in modernen Kleinbetrieben und vor allem im Mittelstand\n                      sinnvoll einsetzbar und umsetzbar sind.<\/p>\n                  <\/div>\n                <\/div>\n              <\/div>\n            <\/div>\n          <\/div>\n        <\/div>\n      <\/div>\n    <\/div>\n  <\/div>\n<\/div>","protected":false},"excerpt":{"rendered":"<p>Digitalisierung ist Software !&nbsp;&nbsp;&nbsp; [EA20.013] Professionelle Software-Entwicklung im Mittelstand ist Bestandteil einer Digitalisierungsstrategie Wenn wir heute \u00fcber Digitalisierung und deren Umsetzung in Unternehmen sprechen, so basieren die L\u00f6sungen immer auf Software: Einerseits in eingesetzten Standardsoftwaresystemen, in Plattformen oder in Individualentwicklungen. Digitalisierung hat zum Ziel, das Unternehmen zu differenzieren vom Wettbewerb. Immer \u00f6fter erfordert dies Kompetenzen [&hellip;]<\/p>\n","protected":false},"author":1,"featured_media":0,"parent":0,"menu_order":0,"comment_status":"closed","ping_status":"closed","template":"page-templates\/full-width-page.php","meta":{"footnotes":""},"class_list":["post-683","page","type-page","status-publish","hentry"],"_links":{"self":[{"href":"https:\/\/earuby.com\/index.php?rest_route=\/wp\/v2\/pages\/683","targetHints":{"allow":["GET"]}}],"collection":[{"href":"https:\/\/earuby.com\/index.php?rest_route=\/wp\/v2\/pages"}],"about":[{"href":"https:\/\/earuby.com\/index.php?rest_route=\/wp\/v2\/types\/page"}],"author":[{"embeddable":true,"href":"https:\/\/earuby.com\/index.php?rest_route=\/wp\/v2\/users\/1"}],"replies":[{"embeddable":true,"href":"https:\/\/earuby.com\/index.php?rest_route=%2Fwp%2Fv2%2Fcomments&post=683"}],"version-history":[{"count":3,"href":"https:\/\/earuby.com\/index.php?rest_route=\/wp\/v2\/pages\/683\/revisions"}],"predecessor-version":[{"id":872,"href":"https:\/\/earuby.com\/index.php?rest_route=\/wp\/v2\/pages\/683\/revisions\/872"}],"wp:attachment":[{"href":"https:\/\/earuby.com\/index.php?rest_route=%2Fwp%2Fv2%2Fmedia&parent=683"}],"curies":[{"name":"wp","href":"https:\/\/api.w.org\/{rel}","templated":true}]}}