{"id":826,"date":"2020-08-01T10:02:58","date_gmt":"2020-08-01T10:02:58","guid":{"rendered":"https:\/\/earuby.com\/?page_id=826"},"modified":"2020-08-01T10:51:33","modified_gmt":"2020-08-01T10:51:33","slug":"essentials-archive-klimaschutz","status":"publish","type":"page","link":"https:\/\/earuby.com\/?page_id=826","title":{"rendered":"Essentials Archive Klimaschutz"},"content":{"rendered":"<div data-colibri-id=\"826-c1\" class=\"style-675 style-local-826-c1 position-relative\">\n  <!---->\n  <div data-colibri-component=\"section\" data-colibri-id=\"826-c2\" id=\"custom\" class=\"h-section h-section-global-spacing d-flex align-items-lg-start align-items-md-start align-items-start style-676 style-local-826-c2 position-relative\">\n    <!---->\n    <!---->\n    <div class=\"h-section-grid-container h-section-boxed-container\">\n      <!---->\n      <div data-colibri-id=\"826-c8\" class=\"h-row-container gutters-row-lg-2 gutters-row-md-2 gutters-row-0 gutters-row-v-lg-2 gutters-row-v-md-2 gutters-row-v-2 style-682 style-local-826-c8 position-relative\">\n        <!---->\n        <div class=\"h-row justify-content-lg-center justify-content-md-center justify-content-center align-items-lg-stretch align-items-md-stretch align-items-stretch gutters-col-lg-2 gutters-col-md-2 gutters-col-0 gutters-col-v-lg-2 gutters-col-v-md-2 gutters-col-v-2\">\n          <!---->\n          <div class=\"h-column h-column-container d-flex h-col-lg-auto h-col-md-auto h-col-auto style-684-outer style-local-826-c10-outer\">\n            <div data-colibri-id=\"826-c10\" class=\"d-flex h-flex-basis h-column__inner h-px-lg-2 h-px-md-2 h-px-2 v-inner-lg-2 v-inner-md-2 v-inner-2 style-684 style-local-826-c10 position-relative\">\n              <!---->\n              <!---->\n              <div class=\"w-100 h-y-container h-column__content h-column__v-align flex-basis-100 align-self-lg-start align-self-md-start align-self-start\">\n                <!---->\n                <div data-colibri-id=\"826-c11\" class=\"d-block style-685 style-local-826-c11 position-relative h-element\">\n                  <!---->\n                  <div class=\"h-image__frame-container-outer\">\n                    <div class=\"h-image__frame-container\">\n                      <!---->\n                      <!---->\n                      <img loading=\"lazy\" decoding=\"async\" width=\"1123\" height=\"417\" src=\"http:\/\/earuby.com\/wp-content\/uploads\/2020\/08\/cropped-AlfEuK-logo-1.png\" class=\"wp-image-832 style-685-image style-local-826-c11-image\" alt=\"\" srcset=\"https:\/\/earuby.com\/wp-content\/uploads\/2020\/08\/cropped-AlfEuK-logo-1.png 1123w, https:\/\/earuby.com\/wp-content\/uploads\/2020\/08\/cropped-AlfEuK-logo-1-300x111.png 300w, https:\/\/earuby.com\/wp-content\/uploads\/2020\/08\/cropped-AlfEuK-logo-1-1024x380.png 1024w, https:\/\/earuby.com\/wp-content\/uploads\/2020\/08\/cropped-AlfEuK-logo-1-768x285.png 768w\" sizes=\"auto, (max-width: 1123px) 100vw, 1123px\" \/>\n                      <div class=\"h-image__frame h-hide-lg h-hide-md h-hide-sm style-685-frameImage style-local-826-c11-frameImage\"><\/div>\n                    <\/div>\n                  <\/div>\n                <\/div>\n              <\/div>\n            <\/div>\n          <\/div>\n          <div class=\"h-column h-column-container d-flex h-col-lg-auto h-col-md-auto h-col-auto style-686-outer style-local-826-c12-outer\">\n            <div data-colibri-id=\"826-c12\" class=\"d-flex h-flex-basis h-column__inner h-px-lg-2 h-px-md-2 h-px-2 v-inner-lg-2 v-inner-md-2 v-inner-2 style-686 style-local-826-c12 position-relative\">\n              <!---->\n              <!---->\n              <div class=\"w-100 h-y-container h-column__content h-column__v-align flex-basis-100 align-self-lg-start align-self-md-start align-self-start\">\n                <!---->\n                <div data-colibri-id=\"826-c21\" class=\"h-x-container style-687 style-local-826-c21 position-relative h-element\">\n                  <!---->\n                  <div class=\"h-x-container-inner style-dynamic-826-c21-group style-687-spacing style-local-826-c21-spacing\"><span class=\"h-link__outer style-688-outer style-local-826-c22-outer d-inline-flex h-element\"><a h-use-smooth-scroll=\"true\" href=\"https:\/\/allianz-entwicklung-klima.de\/\"  data-colibri-id=\"826-c22\" class=\"d-flex w-100 align-items-center h-link style-688 style-local-826-c22 position-relative\"><!----><span  class=\"h-svg-icon h-link__icon style-688-icon style-local-826-c22-icon\"><!--Icon by Icons8 Line Awesome (https:\/\/icons8.com\/line-awesome)--><svg version=\"1.1\" xmlns=\"http:\/\/www.w3.org\/2000\/svg\" xmlns:xlink=\"http:\/\/www.w3.org\/1999\/xlink\" id=\"arrow-circle-o-right\" viewBox=\"0 0 512 545.5\"><path d=\"M256 80c114.686 0 208 93.314 208 208s-93.314 208-208 208S48 402.686 48 288 141.314 80 256 80zm0 32c-97.392 0-176 78.608-176 176s78.608 176 176 176 176-78.608 176-176-78.608-176-176-176zm11.5 73.5l91 91L370 288l-11.5 11.5-91 91-23-22.5 64-64H144v-32h164.5l-64-64z\"><\/path><\/svg><\/span>                    <span>Read more<\/span><\/a>\n                    <\/span>\n                  <\/div>\n                <\/div>\n              <\/div>\n            <\/div>\n          <\/div>\n        <\/div>\n      <\/div>\n      <div data-colibri-id=\"826-c26\" class=\"h-row-container gutters-row-lg-2 gutters-row-md-2 gutters-row-0 gutters-row-v-lg-2 gutters-row-v-md-2 gutters-row-v-2 style-698 style-local-826-c26 position-relative\">\n        <!---->\n        <div class=\"h-row justify-content-lg-center justify-content-md-center justify-content-center align-items-lg-stretch align-items-md-stretch align-items-stretch gutters-col-lg-2 gutters-col-md-2 gutters-col-0 gutters-col-v-lg-2 gutters-col-v-md-2 gutters-col-v-2\">\n          <!---->\n          <div class=\"h-column h-column-container d-flex h-col-lg-auto h-col-md-auto h-col-auto style-700-outer style-local-826-c28-outer\">\n            <div data-colibri-id=\"826-c28\" class=\"d-flex h-flex-basis h-column__inner h-px-lg-2 h-px-md-2 h-px-2 v-inner-lg-2 v-inner-md-2 v-inner-2 style-700 style-local-826-c28 position-relative\">\n              <!---->\n              <!---->\n              <div class=\"w-100 h-y-container h-column__content h-column__v-align flex-basis-100 align-self-lg-start align-self-md-start align-self-start\">\n                <!---->\n                <div data-colibri-id=\"826-c29\" class=\"h-divider style-702 style-local-826-c29 position-relative h-element\">\n                  <!----><span class=\"h-divider__line style-702-line style-local-826-c29-line style-702-line style-local-826-c29-line\"><\/span><\/div>\n              <\/div>\n            <\/div>\n          <\/div>\n        <\/div>\n      <\/div>\n      <div data-colibri-id=\"826-c3\" class=\"h-row-container gutters-row-lg-2 gutters-row-md-2 gutters-row-0 gutters-row-v-lg-2 gutters-row-v-md-2 gutters-row-v-2 style-677 style-local-826-c3 position-relative\">\n        <!---->\n        <div class=\"h-row justify-content-lg-center justify-content-md-center justify-content-center align-items-lg-stretch align-items-md-stretch align-items-stretch gutters-col-lg-2 gutters-col-md-2 gutters-col-0 gutters-col-v-lg-2 gutters-col-v-md-2 gutters-col-v-2\">\n          <!---->\n          <div class=\"h-column h-column-container d-flex h-col-lg-auto h-col-md-auto h-col-auto style-678-outer style-local-826-c4-outer\">\n            <div data-colibri-id=\"826-c4\" class=\"d-flex h-flex-basis h-column__inner h-px-lg-2 h-px-md-2 h-px-2 v-inner-lg-2 v-inner-md-2 v-inner-2 style-678 style-local-826-c4 position-relative\">\n              <!---->\n              <!---->\n              <div class=\"w-100 h-y-container h-column__content h-column__v-align flex-basis-100 align-self-lg-start align-self-md-start align-self-start\">\n                <!---->\n                <div data-colibri-id=\"826-c6\" class=\"d-block style-680 style-local-826-c6 position-relative h-element\">\n                  <!---->\n                  <div class=\"h-image__frame-container-outer\">\n                    <div class=\"h-image__frame-container\">\n                      <!---->\n                      <!---->\n                      <img loading=\"lazy\" decoding=\"async\" width=\"578\" height=\"848\" src=\"http:\/\/earuby.com\/wp-content\/uploads\/2020\/08\/cropped-EA-Ruby-Klima-Urkunde.jpg\" class=\"wp-image-829 style-680-image style-local-826-c6-image\" alt=\"\" srcset=\"https:\/\/earuby.com\/wp-content\/uploads\/2020\/08\/cropped-EA-Ruby-Klima-Urkunde.jpg 578w, https:\/\/earuby.com\/wp-content\/uploads\/2020\/08\/cropped-EA-Ruby-Klima-Urkunde-204x300.jpg 204w\" sizes=\"auto, (max-width: 578px) 100vw, 578px\" \/>\n                      <div class=\"h-image__frame h-hide-lg h-hide-md h-hide-sm style-680-frameImage style-local-826-c6-frameImage\"><\/div>\n                    <\/div>\n                  <\/div>\n                <\/div>\n              <\/div>\n            <\/div>\n          <\/div>\n          <div class=\"h-column h-column-container d-flex h-col-lg-auto h-col-md-auto h-col-auto style-679-outer style-local-826-c5-outer\">\n            <div data-colibri-id=\"826-c5\" class=\"d-flex h-flex-basis h-column__inner h-px-lg-2 h-px-md-2 h-px-2 v-inner-lg-2 v-inner-md-2 v-inner-2 style-679 style-local-826-c5 position-relative\">\n              <!---->\n              <!---->\n              <div class=\"w-100 h-y-container h-column__content h-column__v-align flex-basis-100 align-self-lg-start align-self-md-start align-self-start\">\n                <!---->\n                <div data-colibri-id=\"826-c7\" class=\"h-text h-text-component style-681 style-local-826-c7 position-relative h-element\">\n                  <!---->\n                  <!---->\n                  <div class=\"\">\n                    <p>WARUM SIND WIR EIN KLIMANEUTRALES UNTERNEHMEN?<\/p>\n                    <p>\n                      <br>\n                    <\/p>\n                    <p>Der Klimawandel stellt die gr\u00f6\u00dfte Herausforderung der Menschheit seit dem Ende der Eiszeit dar und ist die pr\u00e4gende Aufgabe unserer Zeit. Die Folgen der Erderw\u00e4rmung werden immer sp\u00fcrbarer und der Druck auf Politik und Unternehmen\n                      wird \u2013 nicht zuletzt durch die Fridays for Future Bewegung \u2013 immer gr\u00f6\u00dfer. Weltweit besteht inzwischen Einigkeit, dass wir dem menschengemachten Klimawandel dringend entgegenwirken m\u00fcssen.<\/p>\n                    <p>Ein Gelingen der Emissionsminderungen h\u00e4ngt ganz wesentlich von dem freiwilligen und konsequenten Handeln der Wirtschaft in den Industriel\u00e4ndern ab. So sind auch wir von EA Ruby bereit, Verantwortung f\u00fcr die Welt zu \u00fcbernehmen, die\n                      wir unseren Kindern und Enkeln \u00fcberlassen.<\/p>\n                    <p>Aus diesem Grund haben wir die Treibhausgasemissionen, die durch die T\u00e4tigkeiten unseres Unternehmens verursacht werden, erfassen lassen und durch den Erwerb von insgesamt 20 Klimaschutzzertifikaten f\u00fcr die Jahre 2020 und 2021 ausgeglichen.\n                      Mit diesen Zertifikaten unterst\u00fctzen wir ein Solarkocher-Projekt in China, das durch den Gold Standard zertifiziert wurde.<\/p>\n                    <p>Wir sind uns der besonderen Verantwortung als Unternehmen gegen\u00fcber kommenden Generationen bewusst und haben entsprechend gehandelt. Die Klimabelastung unseres Unternehmens hat die Fokus Zukunft GmbH &amp; Co. KG f\u00fcr uns ermittelt:\n                      Unser CO2-Fu\u00dfabdruck betr\u00e4gt ca. 20 Tonnen CO2 \u00e4quivalente Schadstoffe pro Jahr. Zur Veranschaulichung: Im Durchschnitt verursacht ein Mensch in Deutschland pro Jahr in etwa 11,6 Tonnen CO2 durch seine Lebensf\u00fchrung.<\/p>\n                    <p>\n                      <br>\n                    <\/p>\n                    <p>\n                      <br>\n                    <\/p>\n                  <\/div>\n                <\/div>\n              <\/div>\n            <\/div>\n          <\/div>\n        <\/div>\n      <\/div>\n      <div data-colibri-id=\"826-c30\" class=\"h-row-container gutters-row-lg-2 gutters-row-md-2 gutters-row-0 gutters-row-v-lg-2 gutters-row-v-md-2 gutters-row-v-2 style-703 style-local-826-c30 position-relative\">\n        <!---->\n        <div class=\"h-row justify-content-lg-center justify-content-md-center justify-content-center align-items-lg-stretch align-items-md-stretch align-items-stretch gutters-col-lg-2 gutters-col-md-2 gutters-col-0 gutters-col-v-lg-2 gutters-col-v-md-2 gutters-col-v-2\">\n          <!---->\n          <div class=\"h-column h-column-container d-flex h-col-lg-auto h-col-md-auto h-col-auto style-704-outer style-local-826-c31-outer\">\n            <div data-colibri-id=\"826-c31\" class=\"d-flex h-flex-basis h-column__inner h-px-lg-2 h-px-md-2 h-px-2 v-inner-lg-2 v-inner-md-2 v-inner-2 style-704 style-local-826-c31 position-relative\">\n              <!---->\n              <!---->\n              <div class=\"w-100 h-y-container h-column__content h-column__v-align flex-basis-100 align-self-lg-start align-self-md-start align-self-start\">\n                <!---->\n                <div data-colibri-id=\"826-c33\" class=\"d-block style-706 style-local-826-c33 position-relative h-element\">\n                  <!---->\n                  <div class=\"h-image__frame-container-outer\">\n                    <div class=\"h-image__frame-container\">\n                      <!---->\n                      <!---->\n                      <img loading=\"lazy\" decoding=\"async\" width=\"554\" height=\"777\" src=\"http:\/\/earuby.com\/wp-content\/uploads\/2020\/08\/cropped-1901-koch-fen-china-un-cer-6125-1_orig.jpg\" class=\"wp-image-834 style-706-image style-local-826-c33-image\" alt=\"\" srcset=\"https:\/\/earuby.com\/wp-content\/uploads\/2020\/08\/cropped-1901-koch-fen-china-un-cer-6125-1_orig.jpg 554w, https:\/\/earuby.com\/wp-content\/uploads\/2020\/08\/cropped-1901-koch-fen-china-un-cer-6125-1_orig-214x300.jpg 214w\" sizes=\"auto, (max-width: 554px) 100vw, 554px\" \/>\n                      <div class=\"h-image__frame h-hide-lg h-hide-md h-hide-sm style-706-frameImage style-local-826-c33-frameImage\"><\/div>\n                    <\/div>\n                  <\/div>\n                <\/div>\n              <\/div>\n            <\/div>\n          <\/div>\n          <div class=\"h-column h-column-container d-flex h-col-lg-auto h-col-md-auto h-col-auto style-705-outer style-local-826-c32-outer\">\n            <div data-colibri-id=\"826-c32\" class=\"d-flex h-flex-basis h-column__inner h-px-lg-2 h-px-md-2 h-px-2 v-inner-lg-2 v-inner-md-2 v-inner-2 style-705 style-local-826-c32 position-relative\">\n              <!---->\n              <!---->\n              <div class=\"w-100 h-y-container h-column__content h-column__v-align flex-basis-100 align-self-lg-start align-self-md-start align-self-start\">\n                <!---->\n                <div data-colibri-id=\"826-c34\" class=\"h-text h-text-component style-707 style-local-826-c34 position-relative h-element\">\n                  <!---->\n                  <!---->\n                  <div class=\"\">\n                    <p>Treibhausgase verteilen sich gleichm\u00e4\u00dfig in der Atmosph\u00e4re. Deshalb ist es sinnvoll, die Emissionen dort zu vermeiden, wo die Kosten am geringsten sind. Zudem tragen Projekte in Schwellen- und Entwicklungsl\u00e4ndern zur Verbesserung der\n                      \u00f6konomischen, sozialen und \u00f6kologischen Situation bei und unterst\u00fctzen die Realisierung der Nachhaltigkeitsziele der Vereinten Nationen. F\u00fcr Schwellen- und Entwicklungsl\u00e4nder ist der Emissionshandel ein wesentlicher Treiber f\u00fcr den\n                      Transfer sauberer Technologien und einer nachhaltig ausgerichteten wirtschaftlichen Entwicklung.<\/p>\n                    <p>Die vorliegende Treibhausgasbilanz gibt einen transparenten \u00dcberblick \u00fcber den Aussto\u00df von Treibhausgasemissionen unseres Unternehmens. Der Bericht bildet somit einen wichtigen Baustein in unserem Klimaschutzengagement. Auf Basis der\n                      ermittelten Werte und durch den Kauf einer entsprechenden Menge an Klimazertifikaten wurde unser Unternehmen klimaneutral gestellt. F\u00fcr die Kompensation unserer Treibhausgase haben wir die Auszeichnung \u201eklimaneutrales Unternehmen\u201c\n                      erhalten.<\/p>\n                    <p>Damit ist unser Unternehmen eines der ersten in unserer Branche, das seine Emissionen nach dem \u201eClean-Development-Mechanism\u201c freiwillig kompensiert.<\/p>\n                  <\/div>\n                <\/div>\n              <\/div>\n            <\/div>\n          <\/div>\n        <\/div>\n      <\/div>\n    <\/div>\n  <\/div>\n<\/div>","protected":false},"excerpt":{"rendered":"<p>Read more WARUM SIND WIR EIN KLIMANEUTRALES UNTERNEHMEN? Der Klimawandel stellt die gr\u00f6\u00dfte Herausforderung der Menschheit seit dem Ende der Eiszeit dar und ist die pr\u00e4gende Aufgabe unserer Zeit. Die Folgen der Erderw\u00e4rmung werden immer sp\u00fcrbarer und der Druck auf Politik und Unternehmen wird \u2013 nicht zuletzt durch die Fridays for Future Bewegung \u2013 immer [&hellip;]<\/p>\n","protected":false},"author":1,"featured_media":0,"parent":0,"menu_order":0,"comment_status":"closed","ping_status":"closed","template":"page-templates\/full-width-page.php","meta":{"footnotes":""},"class_list":["post-826","page","type-page","status-publish","hentry"],"_links":{"self":[{"href":"https:\/\/earuby.com\/index.php?rest_route=\/wp\/v2\/pages\/826","targetHints":{"allow":["GET"]}}],"collection":[{"href":"https:\/\/earuby.com\/index.php?rest_route=\/wp\/v2\/pages"}],"about":[{"href":"https:\/\/earuby.com\/index.php?rest_route=\/wp\/v2\/types\/page"}],"author":[{"embeddable":true,"href":"https:\/\/earuby.com\/index.php?rest_route=\/wp\/v2\/users\/1"}],"replies":[{"embeddable":true,"href":"https:\/\/earuby.com\/index.php?rest_route=%2Fwp%2Fv2%2Fcomments&post=826"}],"version-history":[{"count":1,"href":"https:\/\/earuby.com\/index.php?rest_route=\/wp\/v2\/pages\/826\/revisions"}],"predecessor-version":[{"id":836,"href":"https:\/\/earuby.com\/index.php?rest_route=\/wp\/v2\/pages\/826\/revisions\/836"}],"wp:attachment":[{"href":"https:\/\/earuby.com\/index.php?rest_route=%2Fwp%2Fv2%2Fmedia&parent=826"}],"curies":[{"name":"wp","href":"https:\/\/api.w.org\/{rel}","templated":true}]}}