{"id":891,"date":"2020-08-15T12:59:06","date_gmt":"2020-08-15T12:59:06","guid":{"rendered":"https:\/\/earuby.com\/?page_id=891"},"modified":"2020-08-15T13:22:23","modified_gmt":"2020-08-15T13:22:23","slug":"essentials-archive-digitalisierungsstrategie","status":"publish","type":"page","link":"https:\/\/earuby.com\/?page_id=891","title":{"rendered":"Essentials Archive Digitalisierungsstrategie"},"content":{"rendered":"<div data-colibri-id=\"891-c1\" class=\"style-753 style-local-891-c1 position-relative\">\n  <!---->\n  <div data-colibri-component=\"section\" data-colibri-id=\"891-c2\" id=\"custom\" class=\"h-section h-section-global-spacing d-flex align-items-lg-center align-items-md-center align-items-center style-754 style-local-891-c2 position-relative\">\n    <!---->\n    <!---->\n    <div class=\"h-section-grid-container h-section-boxed-container\">\n      <!---->\n      <div data-colibri-id=\"891-c5\" class=\"h-row-container gutters-row-lg-2 gutters-row-md-2 gutters-row-0 gutters-row-v-lg-2 gutters-row-v-md-2 gutters-row-v-2 style-757 style-local-891-c5 position-relative\">\n        <!---->\n        <div class=\"h-row justify-content-lg-center justify-content-md-center justify-content-center align-items-lg-stretch align-items-md-stretch align-items-stretch gutters-col-lg-2 gutters-col-md-2 gutters-col-0 gutters-col-v-lg-2 gutters-col-v-md-2 gutters-col-v-2\">\n          <!---->\n          <div class=\"h-column h-column-container d-flex h-col-lg-auto h-col-md-auto h-col-auto style-758-outer style-local-891-c6-outer\">\n            <div data-colibri-id=\"891-c6\" class=\"d-flex h-flex-basis h-column__inner h-px-lg-2 h-px-md-2 h-px-2 v-inner-lg-2 v-inner-md-2 v-inner-2 style-758 style-local-891-c6 position-relative\">\n              <!---->\n              <!---->\n              <div class=\"w-100 h-y-container h-column__content h-column__v-align flex-basis-100 align-self-lg-start align-self-md-start align-self-start\">\n                <!---->\n                <div data-colibri-id=\"891-c8\" class=\"h-text h-text-component style-760 style-local-891-c8 position-relative h-element\">\n                  <!---->\n                  <!---->\n                  <div class=\"\">\n                    <p>Entwicklung einer umsetzbaren Digitalisierungsstrategie f\u00fcr den Mittelstand&nbsp;&nbsp;&nbsp; [EA20.015]\n                      <br>\n                    <\/p>\n                  <\/div>\n                <\/div>\n              <\/div>\n            <\/div>\n          <\/div>\n          <div class=\"h-column h-column-container d-flex h-col-lg-auto h-col-md-auto h-col-auto style-759-outer style-local-891-c7-outer\">\n            <div data-colibri-id=\"891-c7\" class=\"d-flex h-flex-basis h-column__inner h-px-lg-2 h-px-md-2 h-px-2 v-inner-lg-2 v-inner-md-2 v-inner-2 style-759 style-local-891-c7 position-relative\">\n              <!---->\n              <!---->\n              <div class=\"w-100 h-y-container h-column__content h-column__v-align flex-basis-100 align-self-lg-start align-self-md-start align-self-start\">\n                <!---->\n                <div data-colibri-id=\"891-c9\" class=\"h-text h-text-component style-761 style-local-891-c9 position-relative h-element\">\n                  <!---->\n                  <!---->\n                  <div class=\"\">\n                    <p>Serviceangebot: <\/p>\n                    <p>Entwicklung einer digitalen Strategie nach der D4.M Methode zum Festpreis<\/p>\n                    <p>Workshops zu dedizierten Themen (ERP, SCM, PLM, &#8230;) nach Aufwand\n                      <br>\n                    <\/p>\n                  <\/div>\n                <\/div>\n              <\/div>\n            <\/div>\n          <\/div>\n        <\/div>\n      <\/div>\n      <div data-colibri-id=\"891-c3\" class=\"h-row-container gutters-row-lg-2 gutters-row-md-2 gutters-row-0 gutters-row-v-lg-2 gutters-row-v-md-2 gutters-row-v-2 style-755 style-local-891-c3 position-relative\">\n        <!---->\n        <div class=\"h-row justify-content-lg-center justify-content-md-center justify-content-center align-items-lg-stretch align-items-md-stretch align-items-stretch gutters-col-lg-2 gutters-col-md-2 gutters-col-0 gutters-col-v-lg-2 gutters-col-v-md-2 gutters-col-v-2\">\n          <!---->\n          <div class=\"h-column h-column-container d-flex h-col-lg-auto h-col-md-auto h-col-auto style-756-outer style-local-891-c4-outer\">\n            <div data-colibri-id=\"891-c4\" class=\"d-flex h-flex-basis h-column__inner h-px-lg-2 h-px-md-2 h-px-2 v-inner-lg-2 v-inner-md-2 v-inner-2 style-756 style-local-891-c4 position-relative\">\n              <!---->\n              <!---->\n              <div class=\"w-100 h-y-container h-column__content h-column__v-align flex-basis-100 align-self-lg-start align-self-md-start align-self-start\">\n                <!---->\n                <div data-colibri-id=\"891-c10\" class=\"h-divider style-763 style-local-891-c10 position-relative h-element\">\n                  <!----><span class=\"h-divider__line style-763-line style-local-891-c10-line style-763-line style-local-891-c10-line\"><\/span><\/div>\n              <\/div>\n            <\/div>\n          <\/div>\n        <\/div>\n      <\/div>\n      <div data-colibri-id=\"891-c11\" class=\"h-row-container gutters-row-lg-2 gutters-row-md-2 gutters-row-0 gutters-row-v-lg-2 gutters-row-v-md-2 gutters-row-v-2 style-764 style-local-891-c11 position-relative\">\n        <!---->\n        <div class=\"h-row justify-content-lg-center justify-content-md-center justify-content-center align-items-lg-stretch align-items-md-stretch align-items-stretch gutters-col-lg-2 gutters-col-md-2 gutters-col-0 gutters-col-v-lg-2 gutters-col-v-md-2 gutters-col-v-2\">\n          <!---->\n          <div class=\"h-column h-column-container d-flex h-col-lg-auto h-col-md-auto h-col-auto style-765-outer style-local-891-c12-outer\">\n            <div data-colibri-id=\"891-c12\" class=\"d-flex h-flex-basis h-column__inner h-px-lg-2 h-px-md-2 h-px-2 v-inner-lg-2 v-inner-md-2 v-inner-2 style-765 style-local-891-c12 position-relative\">\n              <!---->\n              <!---->\n              <div class=\"w-100 h-y-container h-column__content h-column__v-align flex-basis-100 align-self-lg-start align-self-md-start align-self-start\">\n                <!---->\n                <div data-colibri-id=\"891-c17\" class=\"d-block style-770 style-local-891-c17 position-relative h-element\">\n                  <!---->\n                  <div class=\"h-image__frame-container-outer\">\n                    <div class=\"h-image__frame-container\">\n                      <!---->\n                      <!---->\n                      <img loading=\"lazy\" decoding=\"async\" width=\"559\" height=\"888\" src=\"http:\/\/earuby.com\/wp-content\/uploads\/2020\/04\/cropped-cropped-D4.M-Res1.png\" class=\"wp-image-893 style-770-image style-local-891-c17-image\" alt=\"\" srcset=\"https:\/\/earuby.com\/wp-content\/uploads\/2020\/04\/cropped-cropped-D4.M-Res1.png 559w, https:\/\/earuby.com\/wp-content\/uploads\/2020\/04\/cropped-cropped-D4.M-Res1-189x300.png 189w\" sizes=\"auto, (max-width: 559px) 100vw, 559px\" \/>\n                      <div class=\"h-image__frame h-hide-lg h-hide-md h-hide-sm style-770-frameImage style-local-891-c17-frameImage\"><\/div>\n                    <\/div>\n                  <\/div>\n                <\/div>\n              <\/div>\n            <\/div>\n          <\/div>\n          <div class=\"h-column h-column-container d-flex h-col-lg-auto h-col-md-auto h-col-auto style-766-outer style-local-891-c13-outer\">\n            <div data-colibri-id=\"891-c13\" class=\"d-flex h-flex-basis h-column__inner h-px-lg-2 h-px-md-2 h-px-2 v-inner-lg-2 v-inner-md-2 v-inner-2 style-766 style-local-891-c13 position-relative\">\n              <!---->\n              <!---->\n              <div class=\"w-100 h-y-container h-column__content h-column__v-align flex-basis-100 align-self-lg-start align-self-md-start align-self-start\">\n                <!---->\n                <div data-colibri-id=\"891-c19\" class=\"h-text h-text-component style-772 style-local-891-c19 position-relative h-element\">\n                  <!---->\n                  <!---->\n                  <div class=\"\">\n                    <p>Intro<\/p>\n                    <p>Digitalisierung ist in aller Munde. Der Mittelstand in Deutschland scheint indes in einem Tiefschlafmodus zu sein. So warnen viele davor, dass Deutschland mit seinem starken Mittelstand die Entwicklungen verpassen k\u00f6nnte und damit\n                      einen der Wirtschaftsmotoren verlieren k\u00f6nnte.<\/p>\n                    <p>Es ist nicht damit getan, digitale Vorzeigeprojekte in einer Alibifunktion zu implementieren. Diese gutgemeinten Projekte bleiben in ihrem Status digitaler Prototypen stecken.<\/p>\n                    <p>Eine DIGITALE STRATEGIE f\u00fcr den Mittelstand gilt es indes zu entwickeln. Nicht die Buzzwords entscheiden, sondern die Einstellungen der F\u00fchrungskr\u00e4fte. Es gilt, deren Potenziale zu heben, deren profundes Wissen in digitaler Form zu\n                      verwerten.<\/p>\n                    <p>Die D4.M Methode kann dies leisten \u2013 sie hat dies bereits gezeigt. Ihre Grundlage sind nicht die Buzzwords der Digitalisierungsmagazine, sondern die DNA der Unternehmen. Und diese unterscheidet sind von Unternehmen zu Unternehmen.\n                      D4.M nimmt den Impuls der Mitarbeiter auf, und entwickelt die digitale Strategie \u201evon innen\u201c heraus. Das Ergebnis sind keine von au\u00dfen oktroyierte Str\u00f6mungen digitalisierter Themen, sondern ein vom Unternehmen tragbares und umsetzbares\n                      Ensemble digitaler Themen.<\/p>\n                    <p>Deutschland ben\u00f6tigt methodische und inhaltliche Kompetenz, den Herausforderungen der Digitalisierung im internationalen Kontext zu bestehen. D4.M ist ein Training f\u00fcr Experten in ihrem Unternehmen, die diesen Herausforderungen bestehen\n                      wollen und m\u00fcssen.<\/p>\n                    <p>\n                      <br>\n                    <\/p>\n                    <p>Der D4.M Ansatz<\/p>\n                    <p>Die Strategiefindung erfolgt in 3 seriellen Workshops in ihrem Unternehmen zu 2-5 Themenclustern der Digitalisierung. Die Themencluster werden mit der Unternehmensleitung im Vorfeld des Einsatzes der Methode festgelegt.<\/p>\n                    <p>Es ist ein Iterativer, bottom-up Ansatz \u2013 entlang der Wertsch\u00f6pfungskette<\/p>\n                    <p>Das F\u00fchrungsteam in ihrem Unternehmen entwickelt die Strategie mit der Methode. Dies wird vom ausgebildeten D4.M Experten moderiert.<\/p>\n                    <p>Die Vorgehensweise der Strategieentwicklung gleicht der der agilen Methode: In ca 3-4 w\u00f6chigen Sprints werden die Teilnehmer zu fassbaren und anwendbaren Ergebnissen gef\u00fchrt.<\/p>\n                    <p>Insgesamt dauert der Prozess etwa 4-6 Monate. Der interne Zeitaufwand betr\u00e4gt etwa 10-30 PT pro Themencluster, abh\u00e4ngig von deren Komplexit\u00e4t. Die Moderation kann entweder extern durch einen Experten (EA Ruby bzw. D4.M Netzwerk) erfolgen,\n                      oder ihr Unternehmen erlernt die Methode in einem Workshop von EA Ruby. Der Zeitaufwand f\u00fcr die Moderation betr\u00e4gt ca 10-15 PT pro Themencluster.<\/p>\n                    <p>\n                      <br>\n                    <\/p>\n                    <p>Die Ergebnisse<\/p>\n                    <p>Dokument: Digitale Strategie. Dieses enth\u00e4lt alle Details der erarbeiteten Strategie<\/p>\n                    <p>Digital Business Component Map: Dies visualisiert die Komponenten der Strategie<\/p>\n                    <p>Dependency Matrix: Die Abh\u00e4ngigkeiten der digitalen Ma\u00dfnahmen<\/p>\n                    <p>Digital Strategy Roadmap dient als visueller \u00dcberblick der digitalen Roadmap<\/p>\n                    <p>\n                      <br>\n                    <\/p>\n                    <p>\n                      <br>\n                    <\/p>\n                  <\/div>\n                <\/div>\n              <\/div>\n            <\/div>\n          <\/div>\n        <\/div>\n      <\/div>\n      <div data-colibri-id=\"891-c14\" class=\"h-row-container gutters-row-lg-2 gutters-row-md-2 gutters-row-0 gutters-row-v-lg-2 gutters-row-v-md-2 gutters-row-v-2 style-767 style-local-891-c14 position-relative\">\n        <!---->\n        <div class=\"h-row justify-content-lg-center justify-content-md-center justify-content-center align-items-lg-stretch align-items-md-stretch align-items-stretch gutters-col-lg-2 gutters-col-md-2 gutters-col-0 gutters-col-v-lg-2 gutters-col-v-md-2 gutters-col-v-2\">\n          <!---->\n          <div class=\"h-column h-column-container d-flex h-col-lg-auto h-col-md-auto h-col-auto style-768-outer style-local-891-c15-outer\">\n            <div data-colibri-id=\"891-c15\" class=\"d-flex h-flex-basis h-column__inner h-px-lg-2 h-px-md-2 h-px-2 v-inner-lg-2 v-inner-md-2 v-inner-2 style-768 style-local-891-c15 position-relative\">\n              <!---->\n              <!---->\n              <div class=\"w-100 h-y-container h-column__content h-column__v-align flex-basis-100 align-self-lg-start align-self-md-start align-self-start\">\n                <!---->\n                <div data-colibri-id=\"891-c18\" class=\"d-block style-771 style-local-891-c18 position-relative h-element\">\n                  <!---->\n                  <div class=\"h-image__frame-container-outer\">\n                    <div class=\"h-image__frame-container\">\n                      <!---->\n                      <!---->\n                      <img loading=\"lazy\" decoding=\"async\" width=\"1289\" height=\"830\" src=\"http:\/\/earuby.com\/wp-content\/uploads\/2020\/08\/cropped-Strategie-Workshops.jpg\" class=\"wp-image-895 style-771-image style-local-891-c18-image\" alt=\"\" srcset=\"https:\/\/earuby.com\/wp-content\/uploads\/2020\/08\/cropped-Strategie-Workshops.jpg 1289w, https:\/\/earuby.com\/wp-content\/uploads\/2020\/08\/cropped-Strategie-Workshops-300x193.jpg 300w, https:\/\/earuby.com\/wp-content\/uploads\/2020\/08\/cropped-Strategie-Workshops-1024x659.jpg 1024w, https:\/\/earuby.com\/wp-content\/uploads\/2020\/08\/cropped-Strategie-Workshops-768x495.jpg 768w\" sizes=\"auto, (max-width: 1289px) 100vw, 1289px\" \/>\n                      <div class=\"h-image__frame h-hide-lg h-hide-md h-hide-sm style-771-frameImage style-local-891-c18-frameImage\"><\/div>\n                    <\/div>\n                  <\/div>\n                <\/div>\n              <\/div>\n            <\/div>\n          <\/div>\n        <\/div>\n      <\/div>\n    <\/div>\n  <\/div>\n<\/div>","protected":false},"excerpt":{"rendered":"<p>Entwicklung einer umsetzbaren Digitalisierungsstrategie f\u00fcr den Mittelstand&nbsp;&nbsp;&nbsp; [EA20.015] Serviceangebot: Entwicklung einer digitalen Strategie nach der D4.M Methode zum Festpreis Workshops zu dedizierten Themen (ERP, SCM, PLM, &#8230;) nach Aufwand Intro Digitalisierung ist in aller Munde. Der Mittelstand in Deutschland scheint indes in einem Tiefschlafmodus zu sein. So warnen viele davor, dass Deutschland mit seinem starken [&hellip;]<\/p>\n","protected":false},"author":1,"featured_media":0,"parent":0,"menu_order":0,"comment_status":"closed","ping_status":"closed","template":"page-templates\/full-width-page.php","meta":{"footnotes":""},"class_list":["post-891","page","type-page","status-publish","hentry"],"_links":{"self":[{"href":"https:\/\/earuby.com\/index.php?rest_route=\/wp\/v2\/pages\/891","targetHints":{"allow":["GET"]}}],"collection":[{"href":"https:\/\/earuby.com\/index.php?rest_route=\/wp\/v2\/pages"}],"about":[{"href":"https:\/\/earuby.com\/index.php?rest_route=\/wp\/v2\/types\/page"}],"author":[{"embeddable":true,"href":"https:\/\/earuby.com\/index.php?rest_route=\/wp\/v2\/users\/1"}],"replies":[{"embeddable":true,"href":"https:\/\/earuby.com\/index.php?rest_route=%2Fwp%2Fv2%2Fcomments&post=891"}],"version-history":[{"count":1,"href":"https:\/\/earuby.com\/index.php?rest_route=\/wp\/v2\/pages\/891\/revisions"}],"predecessor-version":[{"id":897,"href":"https:\/\/earuby.com\/index.php?rest_route=\/wp\/v2\/pages\/891\/revisions\/897"}],"wp:attachment":[{"href":"https:\/\/earuby.com\/index.php?rest_route=%2Fwp%2Fv2%2Fmedia&parent=891"}],"curies":[{"name":"wp","href":"https:\/\/api.w.org\/{rel}","templated":true}]}}